{"id":15683,"date":"2024-10-06T18:06:12","date_gmt":"2024-10-06T16:06:12","guid":{"rendered":"https:\/\/9play.de\/shop\/produkt\/kinder-reinigungsset-putzset-mit-eimer-wischmop-besen\/"},"modified":"2024-10-06T18:07:02","modified_gmt":"2024-10-06T16:07:02","slug":"kinder-reinigungsset-putzset-mit-eimer-wischmop-besen","status":"publish","type":"product","link":"https:\/\/9play.de\/shop\/produkt\/kinder-reinigungsset-putzset-mit-eimer-wischmop-besen\/","title":{"rendered":"Kinder Reinigungsset Putzset mit Eimer Wischmop Besen"},"content":{"rendered":"<p>Ihr Kind lernt spielerisch, Verantwortung im Haushalt mit zu \u00fcbernehmen.<\/p>\n<p>Authentischer Spielspa\u00df beim Hausputz: Jetzt bekommen Sie reichlich spielerische Unterst\u00fctzung bei der Hausarbeit! Denn mit den verschiedenen Reinigungs-Utensilien sind Ihre Kinder bestens ausger\u00fcstet, um Ihnen beim Putzen zur Hand zu gehen.<\/p>\n<p>F\u00fcr jeden Einsatz das richtige Utensil: Von der professionellen Bodenreinigung bis hin zum Fensterputzen &#8211; Ihr Kind ist auf jede Eventualit\u00e4t vorbereitet! Das Kinder-Set enth\u00e4lt Eimer, Wischmop, Besen, Handschaufel, Handbesen, einen Haushaltsplan mit Sticker zum raufkleben. Wenn die Arbeit erledig ist, wird ein Sticker raufgeklebt. So macht das Helfen riesen Spa\u00df!<\/p>\n<p>Verpackungsgr\u00f6\u00dfe:&nbsp; L\u00e4nge: 11,5, Breite: 37, H\u00f6he: 20<\/p>\n<p><font style=\"box-sizing:inherit; vertical-align:inherit\"><font style=\"box-sizing:inherit; vertical-align:inherit\">Empfohlenes Mindestalter:&nbsp;<\/font><\/font><font style=\"box-sizing:inherit; vertical-align:inherit\"><font style=\"box-sizing:inherit; vertical-align:inherit\">3 Jahre<\/font><\/font><\/p>\n<p>&nbsp;<\/p>\n<p>Achtung: Nicht f\u00fcr Kinder unter 36 Monaten geeignet.<\/p>\n<p>Achtung: Benutzung unter unmittelbarer Aufsicht von Erwachsenen.<\/p>\n","protected":false},"excerpt":{"rendered":"<p>Ihr Kind lernt spielerisch, Verantwortung im Haushalt mit zu \u00fcbernehmen<\/p>\n","protected":false},"featured_media":15684,"comment_status":"closed","ping_status":"open","template":"","meta":[],"product_brand":[],"product_cat":[475],"product_tag":[],"class_list":{"0":"post-15683","1":"product","2":"type-product","3":"status-publish","4":"has-post-thumbnail","6":"product_cat-kinderkuechen","8":"first","9":"instock","10":"shipping-taxable","11":"purchasable","12":"product-type-simple"},"_links":{"self":[{"href":"https:\/\/9play.de\/shop\/wp-json\/wp\/v2\/product\/15683","targetHints":{"allow":["GET"]}}],"collection":[{"href":"https:\/\/9play.de\/shop\/wp-json\/wp\/v2\/product"}],"about":[{"href":"https:\/\/9play.de\/shop\/wp-json\/wp\/v2\/types\/product"}],"replies":[{"embeddable":true,"href":"https:\/\/9play.de\/shop\/wp-json\/wp\/v2\/comments?post=15683"}],"wp:featuredmedia":[{"embeddable":true,"href":"https:\/\/9play.de\/shop\/wp-json\/wp\/v2\/media\/15684"}],"wp:attachment":[{"href":"https:\/\/9play.de\/shop\/wp-json\/wp\/v2\/media?parent=15683"}],"wp:term":[{"taxonomy":"product_brand","embeddable":true,"href":"https:\/\/9play.de\/shop\/wp-json\/wp\/v2\/product_brand?post=15683"},{"taxonomy":"product_cat","embeddable":true,"href":"https:\/\/9play.de\/shop\/wp-json\/wp\/v2\/product_cat?post=15683"},{"taxonomy":"product_tag","embeddable":true,"href":"https:\/\/9play.de\/shop\/wp-json\/wp\/v2\/product_tag?post=15683"}],"curies":[{"name":"wp","href":"https:\/\/api.w.org\/{rel}","templated":true}]}}