{"id":15688,"date":"2024-10-06T18:06:12","date_gmt":"2024-10-06T16:06:12","guid":{"rendered":"https:\/\/9play.de\/shop\/produkt\/polizei-spielset-mit-4-teilen-spielzeugpistole-handschellen-schild-und-fernglas\/"},"modified":"2024-10-06T18:07:05","modified_gmt":"2024-10-06T16:07:05","slug":"polizei-spielset-mit-4-teilen-spielzeugpistole-handschellen-schild-und-fernglas","status":"publish","type":"product","link":"https:\/\/9play.de\/shop\/produkt\/polizei-spielset-mit-4-teilen-spielzeugpistole-handschellen-schild-und-fernglas\/","title":{"rendered":"Polizei Spielset mit 4 Teilen. Spielzeugpistole, Handschellen, Schild und Fernglas"},"content":{"rendered":"<p>In diesem lustigen Polizei-Set finden Sie Attribute, die f\u00fcr jeden Polizeibeamten wirklich unverzichtbar sind.<br \/>Bewahren Sie Ihre Polizeimarke an einem sicheren Ort auf und behalten Sie den Gauner mit dem Fernglas im Auge. Im richtigen Moment \u00fcberraschen Sie ihn und bedrohen ihn mit der Pistole, die ein rasselndes Ger\u00e4usch macht, wenn Sie abdr\u00fccken.<br \/>Legen Sie ihm dann Handschellen an und benutzen Sie die Schl\u00fcssel nur, um den Verbrecher in seiner Zelle zu befreien. Sind Sie bereit?<br \/>Polizei Set Komplett f\u00fcr Karneval und Mottoparty.<br \/>Verkleide dich als Polizist, Milit\u00e4r oder Soldat.<\/p>\n<p>Material: Kunststoff&nbsp;<\/p>\n<p>Altersempfehlung: ab 3 Jahre<\/p>\n<p>Spielzeugpistole: 12 x 16 x 3,5 cm<\/p>\n<p>Achtung: Nicht f\u00fcr Kinder unter 36 Monaten geeignet wegen verschluckbarer Kleinteile, Erstickungsgefahr.<\/p>\n<p>Achtung: Benutzung unter unmittelbarer Aufsicht von Erwachsenen.&nbsp;<\/p>\n","protected":false},"excerpt":{"rendered":"<p>Polizei Set Komplett f\u00fcr Karneval und Mottoparty.<\/p>\n","protected":false},"featured_media":15689,"comment_status":"closed","ping_status":"open","template":"","meta":[],"product_brand":[],"product_cat":[476],"product_tag":[],"class_list":{"0":"post-15688","1":"product","2":"type-product","3":"status-publish","4":"has-post-thumbnail","6":"product_cat-polizei-detektiv","8":"first","9":"instock","10":"shipping-taxable","11":"purchasable","12":"product-type-simple"},"_links":{"self":[{"href":"https:\/\/9play.de\/shop\/wp-json\/wp\/v2\/product\/15688","targetHints":{"allow":["GET"]}}],"collection":[{"href":"https:\/\/9play.de\/shop\/wp-json\/wp\/v2\/product"}],"about":[{"href":"https:\/\/9play.de\/shop\/wp-json\/wp\/v2\/types\/product"}],"replies":[{"embeddable":true,"href":"https:\/\/9play.de\/shop\/wp-json\/wp\/v2\/comments?post=15688"}],"wp:featuredmedia":[{"embeddable":true,"href":"https:\/\/9play.de\/shop\/wp-json\/wp\/v2\/media\/15689"}],"wp:attachment":[{"href":"https:\/\/9play.de\/shop\/wp-json\/wp\/v2\/media?parent=15688"}],"wp:term":[{"taxonomy":"product_brand","embeddable":true,"href":"https:\/\/9play.de\/shop\/wp-json\/wp\/v2\/product_brand?post=15688"},{"taxonomy":"product_cat","embeddable":true,"href":"https:\/\/9play.de\/shop\/wp-json\/wp\/v2\/product_cat?post=15688"},{"taxonomy":"product_tag","embeddable":true,"href":"https:\/\/9play.de\/shop\/wp-json\/wp\/v2\/product_tag?post=15688"}],"curies":[{"name":"wp","href":"https:\/\/api.w.org\/{rel}","templated":true}]}}