{"id":15692,"date":"2024-10-06T18:06:12","date_gmt":"2024-10-06T16:06:12","guid":{"rendered":"https:\/\/9play.de\/shop\/produkt\/arzt-verkleidungsset-doktor-mit-zubehoer-und-kittel\/"},"modified":"2024-10-06T18:07:07","modified_gmt":"2024-10-06T16:07:07","slug":"arzt-verkleidungsset-doktor-mit-zubehoer-und-kittel","status":"publish","type":"product","link":"https:\/\/9play.de\/shop\/produkt\/arzt-verkleidungsset-doktor-mit-zubehoer-und-kittel\/","title":{"rendered":"Arzt Verkleidungsset Doktor mit Zubeh\u00f6r und Kittel"},"content":{"rendered":"<p>Da werden die kleinen zu gro\u00dfen Doktoren. Spa\u00df f\u00fcr Kinder beim Verkleiden.<br \/><font style=\"box-sizing:border-box; color:#000000; font-family:Open Sans, Helvetica Neue, Helvetica, sans-serif; font-size:14px; font-style:normal; font-variant-ligatures:normal; font-weight:400; text-align:start; white-space:normal; background-color:#ffffff; text-decoration-thickness:initial; text-decoration-style:initial; text-decoration-color:initial; vertical-align:inherit\"><font style=\"box-sizing:border-box; vertical-align:inherit\">Der Arztkittel und Kopfschmuck hat eine Einheitsgr\u00f6\u00dfe und passt Kindern im Alter von 3-7 Jahren.&nbsp;<\/font><font style=\"box-sizing:border-box; vertical-align:inherit\">Arztkittel und Kopfbedeckung aus Stoff.&nbsp;<\/font><font style=\"box-sizing:border-box; vertical-align:inherit\">Stethoskop, wie bei echten \u00c4rzten.<\/font><\/font><br \/><font style=\"box-sizing:border-box; color:#000000; font-family:Open Sans, Helvetica Neue, Helvetica, sans-serif; font-size:14px; font-style:normal; font-variant-ligatures:normal; font-weight:400; text-align:start; white-space:normal; background-color:#ffffff; text-decoration-thickness:initial; text-decoration-style:initial; text-decoration-color:initial; vertical-align:inherit\"><font style=\"box-sizing:border-box; vertical-align:inherit\">Der Mantel ist wei\u00df mit einem roten Krankenhaussymbol.&nbsp;<\/font><font style=\"box-sizing:border-box; vertical-align:inherit\">Es hat zwei Kn\u00f6pfe und eine Tasche auf jeder Seite.&nbsp;<\/font><font style=\"box-sizing:border-box; vertical-align:inherit\">Mit der richtigen Kleidung wird es einfacher, in das Spiel einzutauchen und es wird realistischer.<\/font><\/font><br style=\"box-sizing:border-box; color:#000000; font-family:Open Sans, Helvetica Neue, Helvetica, sans-serif; font-size:14px; font-style:normal; font-variant-ligatures:normal; font-weight:400; text-align:start; white-space:normal; background-color:#ffffff; text-decoration-thickness:initial; text-decoration-style:initial; text-decoration-color:initial\" \/><font style=\"box-sizing:border-box; color:#000000; font-family:Open Sans, Helvetica Neue, Helvetica, sans-serif; font-size:14px; font-style:normal; font-variant-ligatures:normal; font-weight:400; text-align:start; white-space:normal; background-color:#ffffff; text-decoration-thickness:initial; text-decoration-style:initial; text-decoration-color:initial; vertical-align:inherit\"><font style=\"box-sizing:border-box; vertical-align:inherit\">Jetzt k\u00f6nnen die Kinder Arzt spielen und sich um ihre Kuscheltiere, Puppen k\u00fcmmern oder du kannst gemeinsam mit deinen Freunden, Mutter, Vater und Geschwistern Arzt spielen.<\/font><\/font><\/p>\n<p><font style=\"box-sizing:border-box; color:#000000; font-family:Open Sans, Helvetica Neue, Helvetica, sans-serif; font-size:14px; font-style:normal; font-variant-ligatures:normal; font-weight:400; text-align:start; white-space:normal; background-color:#ffffff; text-decoration-thickness:initial; text-decoration-style:initial; text-decoration-color:initial; vertical-align:inherit\">Einheitsgr\u00f6\u00dfe &#8211; Kinder 3-9 Jahre.<\/font><br \/>Material: Baumwolle, Kunststoff<br \/>Alter: ab 4 Jahren<br \/>Inhalt: 1 x Stethoskop, 1 x Brille, 1 x Spritze, 1 x Mundmaske, 2 x Schere, 1 x Pillendose, 1 x Infusion Tasche, 1 x Namensschild, 1 x Arztkittel, 1 x Arztm\u00fctze<br \/>Arztkittel Gr\u00f6\u00dfe: L\u00e4nge: 50 cm; Breite: 30 cm.<br \/>Verpackungsgr\u00f6\u00dfe: H\u00f6he: 53,5 cm, Breite: 36 cm.<\/p>\n<p>Achtung:&nbsp;Benutzung unter unmittelbarer Aufsicht von Erwachsenen.<\/p>\n<p>Achtung:&nbsp;Nicht f\u00fcr Kinder unter 36 Monaten geeignet. Erstickungsgefahr aufgrund verschluckbarer Kleinteile.&nbsp;<\/p>\n<p>Achtung: Strangulationsgefahr- lange Schnur.<\/p>\n","protected":false},"excerpt":{"rendered":"<p>Verkleide dich als Arzt. Kinderspa\u00df beim Doktor spielen.<\/p>\n","protected":false},"featured_media":15693,"comment_status":"closed","ping_status":"open","template":"","meta":[],"product_brand":[],"product_cat":[444],"product_tag":[],"class_list":{"0":"post-15692","1":"product","2":"type-product","3":"status-publish","4":"has-post-thumbnail","6":"product_cat-arzt","8":"first","9":"instock","10":"shipping-taxable","11":"purchasable","12":"product-type-simple"},"_links":{"self":[{"href":"https:\/\/9play.de\/shop\/wp-json\/wp\/v2\/product\/15692","targetHints":{"allow":["GET"]}}],"collection":[{"href":"https:\/\/9play.de\/shop\/wp-json\/wp\/v2\/product"}],"about":[{"href":"https:\/\/9play.de\/shop\/wp-json\/wp\/v2\/types\/product"}],"replies":[{"embeddable":true,"href":"https:\/\/9play.de\/shop\/wp-json\/wp\/v2\/comments?post=15692"}],"wp:featuredmedia":[{"embeddable":true,"href":"https:\/\/9play.de\/shop\/wp-json\/wp\/v2\/media\/15693"}],"wp:attachment":[{"href":"https:\/\/9play.de\/shop\/wp-json\/wp\/v2\/media?parent=15692"}],"wp:term":[{"taxonomy":"product_brand","embeddable":true,"href":"https:\/\/9play.de\/shop\/wp-json\/wp\/v2\/product_brand?post=15692"},{"taxonomy":"product_cat","embeddable":true,"href":"https:\/\/9play.de\/shop\/wp-json\/wp\/v2\/product_cat?post=15692"},{"taxonomy":"product_tag","embeddable":true,"href":"https:\/\/9play.de\/shop\/wp-json\/wp\/v2\/product_tag?post=15692"}],"curies":[{"name":"wp","href":"https:\/\/api.w.org\/{rel}","templated":true}]}}