{"id":15701,"date":"2024-10-06T18:06:12","date_gmt":"2024-10-06T16:06:12","guid":{"rendered":"https:\/\/9play.de\/shop\/produkt\/doktor-koffer-arztkoffer-fuer-kinder-doktor-spiel-set\/"},"modified":"2024-10-06T18:07:13","modified_gmt":"2024-10-06T16:07:13","slug":"doktor-koffer-arztkoffer-fuer-kinder-doktor-spiel-set","status":"publish","type":"product","link":"https:\/\/9play.de\/shop\/produkt\/doktor-koffer-arztkoffer-fuer-kinder-doktor-spiel-set\/","title":{"rendered":"Doktor-Koffer Arztkoffer f\u00fcr Kinder Doktor Spiel Set"},"content":{"rendered":"<p>Kinder lieben es in Doktor-Rollen zu schl\u00fcpfen.<\/p>\n<p>Dabei lernt das Kind spielerisch sich in andere hineinzuversetzen, die Welt mit anderen Augen zu sehen und nimmt verschiedene Sichtweisen ein. Dieses &#8222;Rollenspiel&#8220; f\u00f6rdert au\u00dferdem das Sozialverhalten. F\u00f6rdern Sie die Phantasie Ihrer Kinder mit diesem tollen Arztkoffer-Set. Dieses Set enth\u00e4lt neben einem handlichen Koffer diverse Arzt-Utensilien.<\/p>\n<p>Inhalt: Stethoskop, Pinzette, Spritze, Thermometer, Spalpell, Reflexhammer, Nierenschale, Zange<\/p>\n<p>Gr\u00f6\u00dfe: Koffer ca. 18x15x5cm, Reflexhammer 11cm lang<\/p>\n<p>Die Utensilien sind kindgerecht verarbeitet und nat\u00fcrlich ohne echte Funktion (keine scharfen Schneidfl\u00e4chen)<\/p>\n<p>Altersempfehlung:&nbsp;ab 3 Jahre<\/p>\n<p>&nbsp;<\/p>\n<p>&nbsp;<\/p>\n<p>Achtung: Nicht geeignet f\u00fcr Kinder unter 3 Jahren, Erstickungsgefahr aufgrund verschluckbarer Kleinteile.<\/p>\n<p>Achtung: Benutzung unter unmittelbarer Aufsicht von Erwachsenen.<\/p>\n","protected":false},"excerpt":{"rendered":"<p>Kinder lieben es in Doktor-Rollen zu schl\u00fcpfen.<\/p>\n","protected":false},"featured_media":15702,"comment_status":"closed","ping_status":"open","template":"","meta":[],"product_brand":[],"product_cat":[444],"product_tag":[],"class_list":{"0":"post-15701","1":"product","2":"type-product","3":"status-publish","4":"has-post-thumbnail","6":"product_cat-arzt","8":"first","9":"instock","10":"shipping-taxable","11":"purchasable","12":"product-type-simple"},"_links":{"self":[{"href":"https:\/\/9play.de\/shop\/wp-json\/wp\/v2\/product\/15701","targetHints":{"allow":["GET"]}}],"collection":[{"href":"https:\/\/9play.de\/shop\/wp-json\/wp\/v2\/product"}],"about":[{"href":"https:\/\/9play.de\/shop\/wp-json\/wp\/v2\/types\/product"}],"replies":[{"embeddable":true,"href":"https:\/\/9play.de\/shop\/wp-json\/wp\/v2\/comments?post=15701"}],"wp:featuredmedia":[{"embeddable":true,"href":"https:\/\/9play.de\/shop\/wp-json\/wp\/v2\/media\/15702"}],"wp:attachment":[{"href":"https:\/\/9play.de\/shop\/wp-json\/wp\/v2\/media?parent=15701"}],"wp:term":[{"taxonomy":"product_brand","embeddable":true,"href":"https:\/\/9play.de\/shop\/wp-json\/wp\/v2\/product_brand?post=15701"},{"taxonomy":"product_cat","embeddable":true,"href":"https:\/\/9play.de\/shop\/wp-json\/wp\/v2\/product_cat?post=15701"},{"taxonomy":"product_tag","embeddable":true,"href":"https:\/\/9play.de\/shop\/wp-json\/wp\/v2\/product_tag?post=15701"}],"curies":[{"name":"wp","href":"https:\/\/api.w.org\/{rel}","templated":true}]}}