{"id":15721,"date":"2024-10-06T18:07:23","date_gmt":"2024-10-06T16:07:23","guid":{"rendered":"https:\/\/9play.de\/shop\/produkt\/bagger-aus-metal-baufahrzeug-massstab-155\/"},"modified":"2024-10-06T18:07:26","modified_gmt":"2024-10-06T16:07:26","slug":"bagger-aus-metal-baufahrzeug-massstab-155","status":"publish","type":"product","link":"https:\/\/9play.de\/shop\/produkt\/bagger-aus-metal-baufahrzeug-massstab-155\/","title":{"rendered":"Bagger aus Metal Baufahrzeug Ma\u00dfstab 1:55"},"content":{"rendered":"<p>Bei diesem Raupenbagger handelt es sich um ein super beeindruckendes Baufahrzeug, es ist geeignet f\u00fcr Eins\u00e4tze auf Gro\u00dfbaustellen, Landwirtschaft oder zur Abfallbeseitigung. Die Funktionen des Bagger entspricht dem Original und es ist&nbsp; f\u00fcr Kinder leicht zu bedienen. Beladen auf&nbsp; LKW`s&nbsp; mit verschiedenen Materialen wird zum Kinderspiel, auch kann der Bagger weit unter dem Fahrzeugniveau baggern (z.B. f\u00fcr Kanalschacht-Arbeiten).<\/p>\n<p>METAL Baufahrzeug Raupenbagger drehbar, gelb-grau<br \/>Ma\u00dfe : ca. L 32 cm , 9 cm , B 7,5 cm<br \/>Material : Kunststoff , Metal<br \/>Baggeraufsatz schwenkbarer um 360\u00b0<br \/>Ma\u00dfstab 1:55<\/p>\n<p><font style=\"box-sizing:inherit; vertical-align:inherit\"><font style=\"box-sizing:inherit; vertical-align:inherit\">Empfohlenes Mindestalter: ab&nbsp;<\/font><\/font><font style=\"box-sizing:inherit; vertical-align:inherit\"><font style=\"box-sizing:inherit; vertical-align:inherit\">4 Jahre<\/font><\/font><\/p>\n<p>Achtung: Nicht f\u00fcr Kinder unter 36 Monaten geeignet wegen verschluckbarer Kleinteile, Erstickungsgefahr.<\/p>\n","protected":false},"excerpt":{"rendered":"<p>Bei diesem Raupenbagger handelt es sich um ein super beeindruckendes Baufahrzeug<\/p>\n","protected":false},"featured_media":15722,"comment_status":"closed","ping_status":"open","template":"","meta":[],"product_brand":[],"product_cat":[466],"product_tag":[],"class_list":{"0":"post-15721","1":"product","2":"type-product","3":"status-publish","4":"has-post-thumbnail","6":"product_cat-dienstfahrzeuge","8":"first","9":"instock","10":"shipping-taxable","11":"purchasable","12":"product-type-simple"},"_links":{"self":[{"href":"https:\/\/9play.de\/shop\/wp-json\/wp\/v2\/product\/15721","targetHints":{"allow":["GET"]}}],"collection":[{"href":"https:\/\/9play.de\/shop\/wp-json\/wp\/v2\/product"}],"about":[{"href":"https:\/\/9play.de\/shop\/wp-json\/wp\/v2\/types\/product"}],"replies":[{"embeddable":true,"href":"https:\/\/9play.de\/shop\/wp-json\/wp\/v2\/comments?post=15721"}],"wp:featuredmedia":[{"embeddable":true,"href":"https:\/\/9play.de\/shop\/wp-json\/wp\/v2\/media\/15722"}],"wp:attachment":[{"href":"https:\/\/9play.de\/shop\/wp-json\/wp\/v2\/media?parent=15721"}],"wp:term":[{"taxonomy":"product_brand","embeddable":true,"href":"https:\/\/9play.de\/shop\/wp-json\/wp\/v2\/product_brand?post=15721"},{"taxonomy":"product_cat","embeddable":true,"href":"https:\/\/9play.de\/shop\/wp-json\/wp\/v2\/product_cat?post=15721"},{"taxonomy":"product_tag","embeddable":true,"href":"https:\/\/9play.de\/shop\/wp-json\/wp\/v2\/product_tag?post=15721"}],"curies":[{"name":"wp","href":"https:\/\/api.w.org\/{rel}","templated":true}]}}