{"id":15730,"date":"2024-10-06T18:07:23","date_gmt":"2024-10-06T16:07:23","guid":{"rendered":"https:\/\/9play.de\/shop\/produkt\/polizeiauto-mit-licht-und-sound\/"},"modified":"2024-10-06T18:07:31","modified_gmt":"2024-10-06T16:07:31","slug":"polizeiauto-mit-licht-und-sound","status":"publish","type":"product","link":"https:\/\/9play.de\/shop\/produkt\/polizeiauto-mit-licht-und-sound\/","title":{"rendered":"Polizeiauto mit Licht und Sound"},"content":{"rendered":"<p>Diebe fangen.<br \/>Bu\u00dfgelder verteilen. Gew\u00e4hrleistung der Sicherheit.<br \/>Das ist Polizeiarbeit. Alles rund um dieses Thema findest du unter unserer der Markenlinie Police.<br \/>Also werde ein Agent oder Teil der Spezialeinheit.<br \/>Mit der richtigen Ausr\u00fcstung wie Pistole, schusssicherer Weste und Handschellen kannst du sofort loslegen.<br \/>Oder verfolge Verbrecher mit dem Sirenenl\u00e4rm und den blinkenden Lichtern.<br \/>Dieses Spielzeugauto ist die perfekte Erg\u00e4nzung f\u00fcr jeden angehenden Polizisten oder Autoliebhaber.<br \/>Auf Knopfdruck bringt man das Auto zum Leuchten und h\u00f6rt die Sirene.<\/p>\n<p>Die ben\u00f6tigten Batterien sind im Lieferumfang enthalten.<br \/>Gr\u00f6\u00dfe: ca. 16 x 6 x 5,5 cm<br \/>mit Licht und Sound<br \/>Schwungradantrieb<\/p>\n<p>Altersempfehlung:&nbsp;ab 3 Jahre<\/p>\n<p>Achtung: Nicht f\u00fcr Kinder unter 36 Monaten geeignet wegen verschluckbarer Kleinteile, Erstickungsgefahr.<\/p>\n<p>&nbsp;<\/p>\n<p>Hinweis zur Entsorgung von Altbatterien<\/p>\n<p>Der nachfolgende Hinweis richtet sich an diejenigen, die Batterien oder Produkte mit eingebauten Batterien nutzen und in der an sie gelieferten Form nicht mehr weiterver\u00e4u\u00dfern (Endnutzer):<\/p>\n<p>1. Unentgeltliche R\u00fccknahme von Altbatterien<\/p>\n<p>Batterien d\u00fcrfen nicht \u00fcber den Hausm\u00fcll entsorgt werden. Sie sind zur R\u00fcckgabe von Altbatterien gesetzlich verpflichtet, damit eine fachgerechte Entsorgung gew\u00e4hrleistet werden kann. Sie k\u00f6nnen Altbatterien an einer kommunalen Sammelstelle oder im Handel vor Ort abgeben. Auch wir sind als Vertreiber von Batterien zur R\u00fccknahme von Altbatterien verpflichtet, wobei sich unsere R\u00fccknahmeverpflichtung auf Altbatterien der Art beschr\u00e4nkt, die wir als Neubatterien in unserem Sortiment f\u00fchren oder gef\u00fchrt haben. Altbatterien vorgenannter Art k\u00f6nnen Sie daher entweder ausreichend frankiert an uns zur\u00fccksenden oder sie direkt an unserem Versandlager unter der im Impressum genannten Adresse unentgeltlich abgeben.<\/p>\n<p>2. Bedeutung der Batteriesymbole<\/p>\n<p>Batterien sind mit dem Symbol einer durchgekreuzten M\u00fclltonne gekennzeichnet. Dieses Symbol weist darauf hin, dass Batterien nicht in den Hausm\u00fcll gegeben werden d\u00fcrfen. Bei Batterien, die mehr als 0,0005 Masseprozent Quecksilber, mehr als 0,002 Masseprozent Cadmium oder mehr als 0,004 Masseprozent Blei enthalten, befindet sich unter dem M\u00fclltonnen-Symbol die chemische Bezeichnung des jeweils eingesetzten Schadstoffes \u2013 dabei steht &#8222;Cd&#8220; f\u00fcr Cadmium, &#8222;Pb&#8220; steht f\u00fcr Blei, und &#8222;Hg&#8220; f\u00fcr Quecksilber.<\/p>\n","protected":false},"excerpt":{"rendered":"<p>Polizeiauto! Gew\u00e4hrleistung der Sicherheit. Hier gibt\u2019s viel zutun!<\/p>\n","protected":false},"featured_media":15731,"comment_status":"closed","ping_status":"open","template":"","meta":[],"product_brand":[],"product_cat":[466],"product_tag":[],"class_list":{"0":"post-15730","1":"product","2":"type-product","3":"status-publish","4":"has-post-thumbnail","6":"product_cat-dienstfahrzeuge","8":"first","9":"instock","10":"shipping-taxable","11":"purchasable","12":"product-type-simple"},"_links":{"self":[{"href":"https:\/\/9play.de\/shop\/wp-json\/wp\/v2\/product\/15730","targetHints":{"allow":["GET"]}}],"collection":[{"href":"https:\/\/9play.de\/shop\/wp-json\/wp\/v2\/product"}],"about":[{"href":"https:\/\/9play.de\/shop\/wp-json\/wp\/v2\/types\/product"}],"replies":[{"embeddable":true,"href":"https:\/\/9play.de\/shop\/wp-json\/wp\/v2\/comments?post=15730"}],"wp:featuredmedia":[{"embeddable":true,"href":"https:\/\/9play.de\/shop\/wp-json\/wp\/v2\/media\/15731"}],"wp:attachment":[{"href":"https:\/\/9play.de\/shop\/wp-json\/wp\/v2\/media?parent=15730"}],"wp:term":[{"taxonomy":"product_brand","embeddable":true,"href":"https:\/\/9play.de\/shop\/wp-json\/wp\/v2\/product_brand?post=15730"},{"taxonomy":"product_cat","embeddable":true,"href":"https:\/\/9play.de\/shop\/wp-json\/wp\/v2\/product_cat?post=15730"},{"taxonomy":"product_tag","embeddable":true,"href":"https:\/\/9play.de\/shop\/wp-json\/wp\/v2\/product_tag?post=15730"}],"curies":[{"name":"wp","href":"https:\/\/api.w.org\/{rel}","templated":true}]}}