{"id":15735,"date":"2024-10-06T18:07:23","date_gmt":"2024-10-06T16:07:23","guid":{"rendered":"https:\/\/9play.de\/shop\/produkt\/rettungs-hubschrauber-helikopter-mit-krankenwagen\/"},"modified":"2024-10-06T18:07:34","modified_gmt":"2024-10-06T16:07:34","slug":"rettungs-hubschrauber-helikopter-mit-krankenwagen","status":"publish","type":"product","link":"https:\/\/9play.de\/shop\/produkt\/rettungs-hubschrauber-helikopter-mit-krankenwagen\/","title":{"rendered":"Rettungs-Hubschrauber Helikopter mit Krankenwagen"},"content":{"rendered":"<p>Toi Toys METAL Set Rettungshubschrauber + Krankenwagen Material: haupts\u00e4chlich Druckguss mit einigen Kunststoffteilen. Bewegliche Rotorbl\u00e4tter beim Huschrauber und bewegliche hintere T\u00fcren des Rettungswagens.<\/p>\n<p>Gr\u00f6\u00dfe Rettungswagen: ca. 7,5 x 2,5 cm, mit T\u00fcren zum \u00d6ffnen.<\/p>\n<p>Gr\u00f6\u00dfe Rettungshubschrauber: 15,5 x 4,2 cm, mit drehbaren Rotorbl\u00e4ttern.<\/p>\n<p>Set in Windowbox.<\/p>\n<p>Altersempfehlung:&nbsp;ab 3 Jahre<\/p>\n<p>&nbsp;<\/p>\n<p>Achtung: Nicht f\u00fcr Kinder unter 36 Monaten geeignet wegen verschluckbarer Kleinteile, Erstickungsgefahr.<\/p>\n","protected":false},"excerpt":{"rendered":"<p>Die Fahrzeuge bestehen haupts\u00e4chlich aus Druckguss mit einigen Kunststoffteilen.<\/p>\n","protected":false},"featured_media":15736,"comment_status":"closed","ping_status":"open","template":"","meta":[],"product_brand":[],"product_cat":[466],"product_tag":[],"class_list":{"0":"post-15735","1":"product","2":"type-product","3":"status-publish","4":"has-post-thumbnail","6":"product_cat-dienstfahrzeuge","8":"first","9":"instock","10":"shipping-taxable","11":"purchasable","12":"product-type-simple"},"_links":{"self":[{"href":"https:\/\/9play.de\/shop\/wp-json\/wp\/v2\/product\/15735","targetHints":{"allow":["GET"]}}],"collection":[{"href":"https:\/\/9play.de\/shop\/wp-json\/wp\/v2\/product"}],"about":[{"href":"https:\/\/9play.de\/shop\/wp-json\/wp\/v2\/types\/product"}],"replies":[{"embeddable":true,"href":"https:\/\/9play.de\/shop\/wp-json\/wp\/v2\/comments?post=15735"}],"wp:featuredmedia":[{"embeddable":true,"href":"https:\/\/9play.de\/shop\/wp-json\/wp\/v2\/media\/15736"}],"wp:attachment":[{"href":"https:\/\/9play.de\/shop\/wp-json\/wp\/v2\/media?parent=15735"}],"wp:term":[{"taxonomy":"product_brand","embeddable":true,"href":"https:\/\/9play.de\/shop\/wp-json\/wp\/v2\/product_brand?post=15735"},{"taxonomy":"product_cat","embeddable":true,"href":"https:\/\/9play.de\/shop\/wp-json\/wp\/v2\/product_cat?post=15735"},{"taxonomy":"product_tag","embeddable":true,"href":"https:\/\/9play.de\/shop\/wp-json\/wp\/v2\/product_tag?post=15735"}],"curies":[{"name":"wp","href":"https:\/\/api.w.org\/{rel}","templated":true}]}}