{"id":15745,"date":"2024-10-06T18:07:23","date_gmt":"2024-10-06T16:07:23","guid":{"rendered":"https:\/\/9play.de\/shop\/produkt\/abscheppwagen-20cm-mit-rueckzugmotor\/"},"modified":"2024-10-06T18:07:39","modified_gmt":"2024-10-06T16:07:39","slug":"abscheppwagen-20cm-mit-rueckzugmotor","status":"publish","type":"product","link":"https:\/\/9play.de\/shop\/produkt\/abscheppwagen-20cm-mit-rueckzugmotor\/","title":{"rendered":"Abscheppwagen 20cm mit R\u00fcckzugmotor"},"content":{"rendered":"<p>Metal ABSCHLEPPWAGEN 20cm mit R\u00fcckzugmotor und&nbsp;Gummireifen f\u00fcr leises fahren &nbsp;<\/p>\n<p>Bewegliche Ladefl\u00e4che (kipp- und arretierbar) sowie Ladekran &nbsp;<\/p>\n<p>Innenraum detailliert gefertigt<\/p>\n<p>Material: Metall und Kunststoff&nbsp;<br \/>Farbe: Weiss \/ Gelb \/ Silber&nbsp;<br \/>Ma\u00dfstab: 1:38&nbsp;<br \/>Ma\u00dfe: L\u00e4nge ca. 20 cm, H\u00f6he: ca. 8,5 cm, Breite: ca. 6,5 cm<\/p>\n<p>Achtung: Nicht f\u00fcr Kinder unter 36 Monaten geeignet wegen verschluckbarer Kleinteile, Erstickungsgefahr.<\/p>\n","protected":false},"excerpt":{"rendered":"<p>Der Abscheppwagen hat bewegliche Ladefl\u00e4che (kipp- und arretierbar) sowie Ladekran<\/p>\n","protected":false},"featured_media":15746,"comment_status":"closed","ping_status":"open","template":"","meta":[],"product_brand":[],"product_cat":[466],"product_tag":[],"class_list":{"0":"post-15745","1":"product","2":"type-product","3":"status-publish","4":"has-post-thumbnail","6":"product_cat-dienstfahrzeuge","8":"first","9":"instock","10":"shipping-taxable","11":"purchasable","12":"product-type-simple"},"_links":{"self":[{"href":"https:\/\/9play.de\/shop\/wp-json\/wp\/v2\/product\/15745","targetHints":{"allow":["GET"]}}],"collection":[{"href":"https:\/\/9play.de\/shop\/wp-json\/wp\/v2\/product"}],"about":[{"href":"https:\/\/9play.de\/shop\/wp-json\/wp\/v2\/types\/product"}],"replies":[{"embeddable":true,"href":"https:\/\/9play.de\/shop\/wp-json\/wp\/v2\/comments?post=15745"}],"wp:featuredmedia":[{"embeddable":true,"href":"https:\/\/9play.de\/shop\/wp-json\/wp\/v2\/media\/15746"}],"wp:attachment":[{"href":"https:\/\/9play.de\/shop\/wp-json\/wp\/v2\/media?parent=15745"}],"wp:term":[{"taxonomy":"product_brand","embeddable":true,"href":"https:\/\/9play.de\/shop\/wp-json\/wp\/v2\/product_brand?post=15745"},{"taxonomy":"product_cat","embeddable":true,"href":"https:\/\/9play.de\/shop\/wp-json\/wp\/v2\/product_cat?post=15745"},{"taxonomy":"product_tag","embeddable":true,"href":"https:\/\/9play.de\/shop\/wp-json\/wp\/v2\/product_tag?post=15745"}],"curies":[{"name":"wp","href":"https:\/\/api.w.org\/{rel}","templated":true}]}}