{"id":15765,"date":"2024-10-06T18:07:23","date_gmt":"2024-10-06T16:07:23","guid":{"rendered":"https:\/\/9play.de\/shop\/produkt\/flugzeug-set-aus-4-farbigen-flugzeugen\/"},"modified":"2024-10-06T18:07:50","modified_gmt":"2024-10-06T16:07:50","slug":"flugzeug-set-aus-4-farbigen-flugzeugen","status":"publish","type":"product","link":"https:\/\/9play.de\/shop\/produkt\/flugzeug-set-aus-4-farbigen-flugzeugen\/","title":{"rendered":"Flugzeug &#8211; Set aus 4 farbigen Flugzeugen"},"content":{"rendered":"<p>Tolle Flugzeuge in bunten Farben und sch\u00f6ner Gr\u00f6\u00dfe. Zum spielen und sammeln !<\/p>\n<p>Willst du ein echter Pilot sein?! Dann spiele mit den Toi-Toys Flugzeugen und f\u00fchl dich wie ein echter Pilot.<\/p>\n<p>A399 Passagierflugzeug&nbsp;<\/p>\n<p>Altersempfehlung: ab 3 Jahre<\/p>\n<p>&nbsp;<\/p>\n<p>Achtung: Nicht f\u00fcr Kinder unter 36 Monaten geeignet wegen verschluckbarer Kleinteile, Erstickungsgefahr.<\/p>\n","protected":false},"excerpt":{"rendered":"<p>Tolle Flugzeuge in bunten Farben. Zum spielen und sammeln !<\/p>\n","protected":false},"featured_media":15766,"comment_status":"closed","ping_status":"open","template":"","meta":[],"product_brand":[],"product_cat":[478],"product_tag":[],"class_list":{"0":"post-15765","1":"product","2":"type-product","3":"status-publish","4":"has-post-thumbnail","6":"product_cat-flugzeuge","8":"first","9":"instock","10":"shipping-taxable","11":"purchasable","12":"product-type-simple"},"_links":{"self":[{"href":"https:\/\/9play.de\/shop\/wp-json\/wp\/v2\/product\/15765","targetHints":{"allow":["GET"]}}],"collection":[{"href":"https:\/\/9play.de\/shop\/wp-json\/wp\/v2\/product"}],"about":[{"href":"https:\/\/9play.de\/shop\/wp-json\/wp\/v2\/types\/product"}],"replies":[{"embeddable":true,"href":"https:\/\/9play.de\/shop\/wp-json\/wp\/v2\/comments?post=15765"}],"wp:featuredmedia":[{"embeddable":true,"href":"https:\/\/9play.de\/shop\/wp-json\/wp\/v2\/media\/15766"}],"wp:attachment":[{"href":"https:\/\/9play.de\/shop\/wp-json\/wp\/v2\/media?parent=15765"}],"wp:term":[{"taxonomy":"product_brand","embeddable":true,"href":"https:\/\/9play.de\/shop\/wp-json\/wp\/v2\/product_brand?post=15765"},{"taxonomy":"product_cat","embeddable":true,"href":"https:\/\/9play.de\/shop\/wp-json\/wp\/v2\/product_cat?post=15765"},{"taxonomy":"product_tag","embeddable":true,"href":"https:\/\/9play.de\/shop\/wp-json\/wp\/v2\/product_tag?post=15765"}],"curies":[{"name":"wp","href":"https:\/\/api.w.org\/{rel}","templated":true}]}}