{"id":15780,"date":"2024-10-06T18:07:23","date_gmt":"2024-10-06T16:07:23","guid":{"rendered":"https:\/\/9play.de\/shop\/produkt\/peppa-wutz-magnetisches-zeichenbrett-mit-stift-und-formen\/"},"modified":"2024-10-06T18:07:58","modified_gmt":"2024-10-06T16:07:58","slug":"peppa-wutz-magnetisches-zeichenbrett-mit-stift-und-formen","status":"publish","type":"product","link":"https:\/\/9play.de\/shop\/produkt\/peppa-wutz-magnetisches-zeichenbrett-mit-stift-und-formen\/","title":{"rendered":"Peppa Wutz Magnetisches Zeichenbrett mit Stift und Formen"},"content":{"rendered":"<p>Peppa Pig magnetische Zeichentafel Machen Sie die sch\u00f6nsten Zeichnungen auf dieser n magnetischen Zeichentafel.<br \/>Zeichnen Sie mit dem Magnetstift oder schaffen Sie sch\u00f6ne Kunstwerke mit den Stempeln.<br \/>M\u00f6chten Sie eine neue Zeichnung erstellen?<br \/>Wischen Sie die Platine sauber und Sie k\u00f6nnen wieder von vorne beginnen!<br \/>Das Zeichenbrett l\u00e4sst sich leicht mitnehmen, also super praktisch f\u00fcr unterwegs!<\/p>\n<p>Altersempfehlung:&nbsp;ab&nbsp;3 Jahre<\/p>\n<p>Paketinhalt<br \/>1. Greta Gris magnetisches Zeichenbrett<br \/>1. Zeichenstift<br \/>1. Symbol mit Magnet, in Form eines Herzens.<br \/>1. Symbol mit Magnet in Form eines Kreises.<br \/>1. Symbol mit Magnet, in Form einer Blume.<\/p>\n<p>Gr\u00f6\u00dfe: L\u00e4nge: ca. 28 cm, Breite: ca. 22 cm.<br \/>&nbsp;<\/p>\n<p>&nbsp;<\/p>\n<p>Achtung: Nicht f\u00fcr Kinder unter 36 Monaten geeignet wegen verschluckbarer Kleinteile, Erstickungsgefahr.<\/p>\n","protected":false},"excerpt":{"rendered":"<p>Machen Sie die sch\u00f6nsten Zeichnungen auf dieser n magnetischen Zeichentafel.<\/p>\n","protected":false},"featured_media":15781,"comment_status":"closed","ping_status":"open","template":"","meta":[],"product_brand":[],"product_cat":[481],"product_tag":[],"class_list":{"0":"post-15780","1":"product","2":"type-product","3":"status-publish","4":"has-post-thumbnail","6":"product_cat-peppa-wutz","8":"first","9":"instock","10":"shipping-taxable","11":"purchasable","12":"product-type-simple"},"_links":{"self":[{"href":"https:\/\/9play.de\/shop\/wp-json\/wp\/v2\/product\/15780","targetHints":{"allow":["GET"]}}],"collection":[{"href":"https:\/\/9play.de\/shop\/wp-json\/wp\/v2\/product"}],"about":[{"href":"https:\/\/9play.de\/shop\/wp-json\/wp\/v2\/types\/product"}],"replies":[{"embeddable":true,"href":"https:\/\/9play.de\/shop\/wp-json\/wp\/v2\/comments?post=15780"}],"wp:featuredmedia":[{"embeddable":true,"href":"https:\/\/9play.de\/shop\/wp-json\/wp\/v2\/media\/15781"}],"wp:attachment":[{"href":"https:\/\/9play.de\/shop\/wp-json\/wp\/v2\/media?parent=15780"}],"wp:term":[{"taxonomy":"product_brand","embeddable":true,"href":"https:\/\/9play.de\/shop\/wp-json\/wp\/v2\/product_brand?post=15780"},{"taxonomy":"product_cat","embeddable":true,"href":"https:\/\/9play.de\/shop\/wp-json\/wp\/v2\/product_cat?post=15780"},{"taxonomy":"product_tag","embeddable":true,"href":"https:\/\/9play.de\/shop\/wp-json\/wp\/v2\/product_tag?post=15780"}],"curies":[{"name":"wp","href":"https:\/\/api.w.org\/{rel}","templated":true}]}}