{"id":15782,"date":"2024-10-06T18:07:23","date_gmt":"2024-10-06T16:07:23","guid":{"rendered":"https:\/\/9play.de\/shop\/produkt\/foam-strrikex-pistole-4-shot-und-5-schaumkugeln\/"},"modified":"2024-10-06T18:07:59","modified_gmt":"2024-10-06T16:07:59","slug":"foam-strrikex-pistole-4-shot-und-5-schaumkugeln","status":"publish","type":"product","link":"https:\/\/9play.de\/shop\/produkt\/foam-strrikex-pistole-4-shot-und-5-schaumkugeln\/","title":{"rendered":"Foam Strrikex Pistole 4 Shot und 5 Schaumkugeln"},"content":{"rendered":"<p>Action-Scham-Pistole ist ein riesen Spa\u00df f\u00fcr jedes Kind. Schaumkugeln laden und los geht der Spa\u00df.<br \/>TOITOYS FOAM STRIKEX Pistole mit 5St. Schaumkugeln -blau.<br \/>Wenn du nach Kinderpistolen suchst, dann bist du bei uns genau richtig.<br \/>Du suchst eine Kinderpistole f\u00fcr einen Kinderkost\u00fcm? Dann erg\u00e4nze dein Polizeikost\u00fcm mit dieser Pistole !<\/p>\n<p>Die Gr\u00f6\u00dfe der Pistole: ca. 25 cm<\/p>\n<p>Verpackungsma\u00dfe: 25 x 35 x 6 cm<\/p>\n<p>Material: Kunststoff, Schaumstoff<\/p>\n<p>Inhalt: 1 Pistole, 6 Schaumstoffkugeln<\/p>\n<p>Altersempfehlung: ab 8 Jahren<\/p>\n<p>&nbsp;<\/p>\n<p>Achtung: Nicht f\u00fcr Kinder unter 36 Monaten geeignet wegen verschluckbarer Kleinteile, Erstickungsgefahr.<\/p>\n<p>Bitte entfernen Sie alle Verpackungsmaterialien, bevor Sie das Spielzeug an Kinder geben. Nicht auf Augen oder Gesicht zielen.<\/p>\n","protected":false},"excerpt":{"rendered":"<p>Foam Strrikex Pistole mit 5St. Schaumkugeln -blau<\/p>\n","protected":false},"featured_media":15783,"comment_status":"closed","ping_status":"open","template":"","meta":[],"product_brand":[],"product_cat":[482],"product_tag":[],"class_list":{"0":"post-15782","1":"product","2":"type-product","3":"status-publish","4":"has-post-thumbnail","6":"product_cat-schiessspielzeug","8":"first","9":"instock","10":"shipping-taxable","11":"purchasable","12":"product-type-simple"},"_links":{"self":[{"href":"https:\/\/9play.de\/shop\/wp-json\/wp\/v2\/product\/15782","targetHints":{"allow":["GET"]}}],"collection":[{"href":"https:\/\/9play.de\/shop\/wp-json\/wp\/v2\/product"}],"about":[{"href":"https:\/\/9play.de\/shop\/wp-json\/wp\/v2\/types\/product"}],"replies":[{"embeddable":true,"href":"https:\/\/9play.de\/shop\/wp-json\/wp\/v2\/comments?post=15782"}],"wp:featuredmedia":[{"embeddable":true,"href":"https:\/\/9play.de\/shop\/wp-json\/wp\/v2\/media\/15783"}],"wp:attachment":[{"href":"https:\/\/9play.de\/shop\/wp-json\/wp\/v2\/media?parent=15782"}],"wp:term":[{"taxonomy":"product_brand","embeddable":true,"href":"https:\/\/9play.de\/shop\/wp-json\/wp\/v2\/product_brand?post=15782"},{"taxonomy":"product_cat","embeddable":true,"href":"https:\/\/9play.de\/shop\/wp-json\/wp\/v2\/product_cat?post=15782"},{"taxonomy":"product_tag","embeddable":true,"href":"https:\/\/9play.de\/shop\/wp-json\/wp\/v2\/product_tag?post=15782"}],"curies":[{"name":"wp","href":"https:\/\/api.w.org\/{rel}","templated":true}]}}