{"id":15791,"date":"2024-10-06T18:07:23","date_gmt":"2024-10-06T16:07:23","guid":{"rendered":"https:\/\/9play.de\/shop\/produkt\/einhorn-xxl-schluepfei-mega-dream-horse\/"},"modified":"2024-10-06T18:08:05","modified_gmt":"2024-10-06T16:08:05","slug":"einhorn-xxl-schluepfei-mega-dream-horse","status":"publish","type":"product","link":"https:\/\/9play.de\/shop\/produkt\/einhorn-xxl-schluepfei-mega-dream-horse\/","title":{"rendered":"Einhorn XXL-Schl\u00fcpfei Mega Dream Horse"},"content":{"rendered":"<p>Aus diesem Mega Wachstumsei Einhorn XXL w\u00e4chst ein Einhorn mit einer Gr\u00f6\u00dfe von ca. 40 Zentimetern! Wie? Legen Sie das Ei in kaltes Wasser und warten Sie 1 bis 2 Tage. Dann bricht die Schale des Eies und der Dinosaurier schlupft und w\u00e4chst 1-2 Wochen. Achten Sie darauf, dass das Wasser immer das Ei bedeckt. Auch wenn der Einhorn vollst\u00e4ndig aus dem Mega Wachstumsei herausgekommen ist, lassen Sie ihn in kaltem Wasser, bis er ausgewachsen ist und dann hast du einen neuen Einhorn-Kumpel !<\/p>\n<p>Produktgr\u00f6\u00dfe: L\u00e4nge 40 cm<\/p>\n<p>Verpackungsabmessungen: 20 x 17,5 x 17,5 cm<\/p>\n<p>Altersempfehlung : Ab 3 Jahren<\/p>\n<p>Material: Kunststoff<\/p>\n<p>&nbsp;<\/p>\n<p>Achtung: Nicht f\u00fcr Kinder unter 36 Monaten geeignet wegen verschluckbarer Kleinteile, Erstickungsgefahr.<\/p>\n","protected":false},"excerpt":{"rendered":"<p>Legen Sie das Ei in kaltes Wasser und warten Sie bis ein wundersch\u00f6ner Einhorn schl\u00fcpft und w\u00e4chst !<\/p>\n","protected":false},"featured_media":15792,"comment_status":"closed","ping_status":"open","template":"","meta":[],"product_brand":[],"product_cat":[473],"product_tag":[],"class_list":{"0":"post-15791","1":"product","2":"type-product","3":"status-publish","4":"has-post-thumbnail","6":"product_cat-experiment","8":"first","9":"instock","10":"shipping-taxable","11":"purchasable","12":"product-type-simple"},"_links":{"self":[{"href":"https:\/\/9play.de\/shop\/wp-json\/wp\/v2\/product\/15791","targetHints":{"allow":["GET"]}}],"collection":[{"href":"https:\/\/9play.de\/shop\/wp-json\/wp\/v2\/product"}],"about":[{"href":"https:\/\/9play.de\/shop\/wp-json\/wp\/v2\/types\/product"}],"replies":[{"embeddable":true,"href":"https:\/\/9play.de\/shop\/wp-json\/wp\/v2\/comments?post=15791"}],"wp:featuredmedia":[{"embeddable":true,"href":"https:\/\/9play.de\/shop\/wp-json\/wp\/v2\/media\/15792"}],"wp:attachment":[{"href":"https:\/\/9play.de\/shop\/wp-json\/wp\/v2\/media?parent=15791"}],"wp:term":[{"taxonomy":"product_brand","embeddable":true,"href":"https:\/\/9play.de\/shop\/wp-json\/wp\/v2\/product_brand?post=15791"},{"taxonomy":"product_cat","embeddable":true,"href":"https:\/\/9play.de\/shop\/wp-json\/wp\/v2\/product_cat?post=15791"},{"taxonomy":"product_tag","embeddable":true,"href":"https:\/\/9play.de\/shop\/wp-json\/wp\/v2\/product_tag?post=15791"}],"curies":[{"name":"wp","href":"https:\/\/api.w.org\/{rel}","templated":true}]}}