{"id":15801,"date":"2024-10-06T18:07:23","date_gmt":"2024-10-06T16:07:23","guid":{"rendered":"https:\/\/9play.de\/shop\/produkt\/schleim-brechender-emoji-ball-inkl-schleim\/"},"modified":"2024-10-06T18:08:11","modified_gmt":"2024-10-06T16:08:11","slug":"schleim-brechender-emoji-ball-inkl-schleim","status":"publish","type":"product","link":"https:\/\/9play.de\/shop\/produkt\/schleim-brechender-emoji-ball-inkl-schleim\/","title":{"rendered":"Schleim brechender Emoji &#8211; Ball inkl. Schleim"},"content":{"rendered":"<p>Antistressball.<\/p>\n<p>Auf Tiktok ist dieser Pucking Ball ein gro\u00dfer Hit.<br \/>Sie wollen weiter damit spielen. Einfach weil es so lustig und vielleicht auch ein bisschen schmutzig ist.<br \/>Nehmen Sie die mitgelieferte Schleimquaste aus der Verpackung und legen Sie sie auf eine glatte, saubere Oberfl\u00e4che.<br \/>Dr\u00fccke den Emoji-Ball zusammen und halte den Mund in die N\u00e4he des Glibbers. Jetzt sofort loslassen und der Schleim plumpst hinein.<br \/>Nun dr\u00fcckst du den Zappelball schnell wieder zwischen deinen Fingern zusammen und der Glibber plumpst wieder heraus.<br \/>Burrrp! Jetzt m\u00fcssen Sie nur noch ausw\u00e4hlen, welches Emoji Ihnen am besten gef\u00e4llt.<\/p>\n<p>Schleim kotzender Emoji f\u00fcr deinen pers\u00f6nlichen Spa\u00df.<\/p>\n<p>Dr\u00fcck drauf und der Schleim kommt aus dem Ball.<br \/>Auswahl der Emoji-B\u00e4lle findet per Zufall statt. Lass dich \u00fcberraschen,<\/p>\n<p>Du wirst ihn lieben !<\/p>\n<p>Altersempfehlung: ab 3 Jahre<\/p>\n<p>Material: Kunststoff, Schleim<\/p>\n<p>Hinweis: Der Artikel wird in einer zuf\u00e4lligen Farbvariante geliefert. Eine Vorauswahl ist nicht m\u00f6glich<\/p>\n<p>&nbsp;<\/p>\n<p>Achtung: Nicht f\u00fcr Kinder unter 36 Monaten geeignet wegen verschluckbarer Kleinteile, Erstickungsgefahr.<\/p>\n<p>Achtung: Enth\u00e4lt Duftstoffe, die Allergien ausl\u00f6sen k\u00f6nnen.<\/p>\n<p>Achtung: Nur im flachen Wasser unter Aufsicht von Erwachsenen verwenden.<\/p>\n","protected":false},"excerpt":{"rendered":"<p>Antistressball. Schleim kotzender Emoji f\u00fcr deinen pers\u00f6nlichen Spa\u00df.<\/p>\n","protected":false},"featured_media":15802,"comment_status":"closed","ping_status":"open","template":"","meta":[],"product_brand":[],"product_cat":[483],"product_tag":[],"class_list":{"0":"post-15801","1":"product","2":"type-product","3":"status-publish","4":"has-post-thumbnail","6":"product_cat-knete-spielzeug","8":"first","9":"instock","10":"shipping-taxable","11":"purchasable","12":"product-type-simple"},"_links":{"self":[{"href":"https:\/\/9play.de\/shop\/wp-json\/wp\/v2\/product\/15801","targetHints":{"allow":["GET"]}}],"collection":[{"href":"https:\/\/9play.de\/shop\/wp-json\/wp\/v2\/product"}],"about":[{"href":"https:\/\/9play.de\/shop\/wp-json\/wp\/v2\/types\/product"}],"replies":[{"embeddable":true,"href":"https:\/\/9play.de\/shop\/wp-json\/wp\/v2\/comments?post=15801"}],"wp:featuredmedia":[{"embeddable":true,"href":"https:\/\/9play.de\/shop\/wp-json\/wp\/v2\/media\/15802"}],"wp:attachment":[{"href":"https:\/\/9play.de\/shop\/wp-json\/wp\/v2\/media?parent=15801"}],"wp:term":[{"taxonomy":"product_brand","embeddable":true,"href":"https:\/\/9play.de\/shop\/wp-json\/wp\/v2\/product_brand?post=15801"},{"taxonomy":"product_cat","embeddable":true,"href":"https:\/\/9play.de\/shop\/wp-json\/wp\/v2\/product_cat?post=15801"},{"taxonomy":"product_tag","embeddable":true,"href":"https:\/\/9play.de\/shop\/wp-json\/wp\/v2\/product_tag?post=15801"}],"curies":[{"name":"wp","href":"https:\/\/api.w.org\/{rel}","templated":true}]}}