{"id":15822,"date":"2024-10-06T18:08:18","date_gmt":"2024-10-06T16:08:18","guid":{"rendered":"https:\/\/9play.de\/shop\/produkt\/tattoo-set-mit-tattoo-aufkleber-stempeln\/"},"modified":"2024-10-06T18:08:25","modified_gmt":"2024-10-06T16:08:25","slug":"tattoo-set-mit-tattoo-aufkleber-stempeln","status":"publish","type":"product","link":"https:\/\/9play.de\/shop\/produkt\/tattoo-set-mit-tattoo-aufkleber-stempeln\/","title":{"rendered":"Tattoo Set mit Tattoo &#8211; Aufkleber + Stempeln"},"content":{"rendered":"<p>Tattoo Box Medium. Mit diesem Tattoo Set mit klassischen Motiven kann jedes Kind seiner Kreativit\u00e4t freien Lauf lassen.<\/p>\n<p>Spielzeug zum Stimulieren die Phantasie und Entwicklung ihrer Kinder.<\/p>\n<p>Dieses Set beeinhaltet Glitzer Tattoos, normale Tattoos und zwei Stempel mit Farbe.<\/p>\n<p>Ein perfektes Geschenk f\u00fcr Jungen und M\u00e4dchen ab 6 Jahren.<\/p>\n<p>Einfach die Tattoos ausschneiden, Folie abziehen und auf die Haut legen. Dann mit einem nassen Schwamm befeuchten und schon strahlt das neue Bild auf der Haut.<\/p>\n<p>Altersempfehlung: ab 6&nbsp;Jahre<\/p>\n<p><font style=\"box-sizing:inherit; color:#03031a; font-family:graphik, arial, helvetica, sans-serif; font-size:14px; font-style:normal; font-variant-ligatures:normal; font-weight:400; text-align:start; white-space:normal; background-color:#ffffff; text-decoration-thickness:initial; text-decoration-style:initial; text-decoration-color:initial; vertical-align:inherit\"><font style=\"box-sizing:inherit; vertical-align:inherit\">Inhalt:&nbsp;<\/font><\/font><font style=\"box-sizing:inherit; color:#03031a; font-family:graphik, arial, helvetica, sans-serif; font-size:14px; font-style:normal; font-variant-ligatures:normal; font-weight:400; text-align:start; white-space:normal; background-color:#ffffff; text-decoration-thickness:initial; text-decoration-style:initial; text-decoration-color:initial; vertical-align:inherit\"><font style=\"box-sizing:inherit; vertical-align:inherit\">1x Stickerbogen,&nbsp;<\/font><\/font><font style=\"box-sizing:inherit; color:#03031a; font-family:graphik, arial, helvetica, sans-serif; font-size:14px; font-style:normal; font-variant-ligatures:normal; font-weight:400; text-align:start; white-space:normal; background-color:#ffffff; text-decoration-thickness:initial; text-decoration-style:initial; text-decoration-color:initial; vertical-align:inherit\"><font style=\"box-sizing:inherit; vertical-align:inherit\">1x Stempelkissen,&nbsp;<\/font><\/font><font style=\"box-sizing:inherit; color:#03031a; font-family:graphik, arial, helvetica, sans-serif; font-size:14px; font-style:normal; font-variant-ligatures:normal; font-weight:400; text-align:start; white-space:normal; background-color:#ffffff; text-decoration-thickness:initial; text-decoration-style:initial; text-decoration-color:initial; vertical-align:inherit\"><font style=\"box-sizing:inherit; vertical-align:inherit\">2x Stempel<\/font><\/font><\/p>\n<p>Die Motive halten ca. 1-3 Tage.<br \/>Bei Hautreaktion kann das Tattoo einfach mit Wasser abgewaschen werden.<br \/>Spielzeug entspricht den Gesetze, Vorschriften und Anforderungen den europ\u00e4ischen Sicherheitsbestimmungen.<\/p>\n<p>&nbsp;<\/p>\n<p>Achtung: Nicht f\u00fcr Kinder unter 36 Monaten geeignet wegen verschluckbarer Kleinteile, Erstickungsgefahr.<\/p>\n<p>Achtung: Enth\u00e4lt Duftstoffe, die Allergien ausl\u00f6sen k\u00f6nnen.<\/p>\n","protected":false},"excerpt":{"rendered":"<p>Mit diesem Tattoo Set mit klassischen Motiven kann jedes Kind seiner Kreativit\u00e4t freien Lauf lassen.<\/p>\n","protected":false},"featured_media":15823,"comment_status":"closed","ping_status":"open","template":"","meta":[],"product_brand":[],"product_cat":[470],"product_tag":[],"class_list":{"0":"post-15822","1":"product","2":"type-product","3":"status-publish","4":"has-post-thumbnail","6":"product_cat-schmuck","8":"first","9":"instock","10":"shipping-taxable","11":"purchasable","12":"product-type-simple"},"_links":{"self":[{"href":"https:\/\/9play.de\/shop\/wp-json\/wp\/v2\/product\/15822","targetHints":{"allow":["GET"]}}],"collection":[{"href":"https:\/\/9play.de\/shop\/wp-json\/wp\/v2\/product"}],"about":[{"href":"https:\/\/9play.de\/shop\/wp-json\/wp\/v2\/types\/product"}],"replies":[{"embeddable":true,"href":"https:\/\/9play.de\/shop\/wp-json\/wp\/v2\/comments?post=15822"}],"wp:featuredmedia":[{"embeddable":true,"href":"https:\/\/9play.de\/shop\/wp-json\/wp\/v2\/media\/15823"}],"wp:attachment":[{"href":"https:\/\/9play.de\/shop\/wp-json\/wp\/v2\/media?parent=15822"}],"wp:term":[{"taxonomy":"product_brand","embeddable":true,"href":"https:\/\/9play.de\/shop\/wp-json\/wp\/v2\/product_brand?post=15822"},{"taxonomy":"product_cat","embeddable":true,"href":"https:\/\/9play.de\/shop\/wp-json\/wp\/v2\/product_cat?post=15822"},{"taxonomy":"product_tag","embeddable":true,"href":"https:\/\/9play.de\/shop\/wp-json\/wp\/v2\/product_tag?post=15822"}],"curies":[{"name":"wp","href":"https:\/\/api.w.org\/{rel}","templated":true}]}}