{"id":15826,"date":"2024-10-06T18:08:18","date_gmt":"2024-10-06T16:08:18","guid":{"rendered":"https:\/\/9play.de\/shop\/produkt\/frozen-ueber-100-ueberraschungen-im-koffer-u-a-aufkleber-elsa-anna\/"},"modified":"2024-10-06T18:08:26","modified_gmt":"2024-10-06T16:08:26","slug":"frozen-ueber-100-ueberraschungen-im-koffer-u-a-aufkleber-elsa-anna","status":"publish","type":"product","link":"https:\/\/9play.de\/shop\/produkt\/frozen-ueber-100-ueberraschungen-im-koffer-u-a-aufkleber-elsa-anna\/","title":{"rendered":"Frozen \u00fcber 100 \u00dcberraschungen im Koffer u.a. Aufkleber Elsa Anna"},"content":{"rendered":"<p>Frozen \u00dcberraschungs-Bastelset.<br \/>Hier das s\u00fc\u00dfe Malset im praktischen Kunststoff-Koffer f\u00fcr jeden kleinen Disney Frozen 2 Fan.<br \/>Machen Sie die sch\u00f6nsten Kreationen mit diesem gigantischen Bastelset von Ihren Lieblingsprinzessinnen Anna und Elsa.<br \/>Von Zeichnungen, Aufklebern bis hin zu Markern: dieser Satz enth\u00e4lt alles.<\/p>\n<p>Der Inhalt kann pro Satz variieren.<\/p>\n<p>Inhalt: gef\u00fcllter Kunststoff- Koffer mit Buntstiften, Sticker, Ausmalbildern uvm.<\/p>\n<p>Motiv: Frozen 2<br \/>Material: Kunststoff, Papier<br \/>Altersempfehlung: ab 4 Jahren<br \/>Malkoffer Gr\u00f6\u00dfe: ca. 28 x 24 x 8 cm<\/p>\n<p>&nbsp;<\/p>\n<p>Achtung: Nicht f\u00fcr Kinder unter 36 Monaten geeignet wegen verschluckbarer Kleinteile, Erstickungsgefahr.<\/p>\n","protected":false},"excerpt":{"rendered":"<p>Hier das s\u00fc\u00dfe Malset im praktischen Kunststoff-Koffer f\u00fcr jeden kleinen Disney Frozen 2 Fan.<\/p>\n","protected":false},"featured_media":15827,"comment_status":"closed","ping_status":"open","template":"","meta":[],"product_brand":[],"product_cat":[485],"product_tag":[],"class_list":{"0":"post-15826","1":"product","2":"type-product","3":"status-publish","4":"has-post-thumbnail","6":"product_cat-frozen","8":"first","9":"instock","10":"shipping-taxable","11":"purchasable","12":"product-type-simple"},"_links":{"self":[{"href":"https:\/\/9play.de\/shop\/wp-json\/wp\/v2\/product\/15826","targetHints":{"allow":["GET"]}}],"collection":[{"href":"https:\/\/9play.de\/shop\/wp-json\/wp\/v2\/product"}],"about":[{"href":"https:\/\/9play.de\/shop\/wp-json\/wp\/v2\/types\/product"}],"replies":[{"embeddable":true,"href":"https:\/\/9play.de\/shop\/wp-json\/wp\/v2\/comments?post=15826"}],"wp:featuredmedia":[{"embeddable":true,"href":"https:\/\/9play.de\/shop\/wp-json\/wp\/v2\/media\/15827"}],"wp:attachment":[{"href":"https:\/\/9play.de\/shop\/wp-json\/wp\/v2\/media?parent=15826"}],"wp:term":[{"taxonomy":"product_brand","embeddable":true,"href":"https:\/\/9play.de\/shop\/wp-json\/wp\/v2\/product_brand?post=15826"},{"taxonomy":"product_cat","embeddable":true,"href":"https:\/\/9play.de\/shop\/wp-json\/wp\/v2\/product_cat?post=15826"},{"taxonomy":"product_tag","embeddable":true,"href":"https:\/\/9play.de\/shop\/wp-json\/wp\/v2\/product_tag?post=15826"}],"curies":[{"name":"wp","href":"https:\/\/api.w.org\/{rel}","templated":true}]}}