{"id":15834,"date":"2024-10-06T18:08:18","date_gmt":"2024-10-06T16:08:18","guid":{"rendered":"https:\/\/9play.de\/shop\/produkt\/paw-patrol-malbuch-mit-schablonen-und-aufkleber-48-teilig\/"},"modified":"2024-10-06T18:08:30","modified_gmt":"2024-10-06T16:08:30","slug":"paw-patrol-malbuch-mit-schablonen-und-aufkleber-48-teilig","status":"publish","type":"product","link":"https:\/\/9play.de\/shop\/produkt\/paw-patrol-malbuch-mit-schablonen-und-aufkleber-48-teilig\/","title":{"rendered":"Paw Patrol Malbuch mit Schablonen und Aufkleber 48 Teilig"},"content":{"rendered":"<p>Jeder Fan von Paw Patrol &nbsp;\u2013 Helfer auf vier Pfoten&nbsp;wird sich freuen, seine Lieblingsfiguren ausmalen zu k\u00f6nnen.<\/p>\n<p>Das beste&nbsp;Album f\u00fcr einen kleinen K\u00fcnstler,&nbsp;voll mit&nbsp; vielen \u00dcberraschungen und wird sicherlich jedes Kleinkind erfreuen.<\/p>\n<p>Viele Malvorlagen, Aufkleber&nbsp;und Zubeh\u00f6r zum Malen.<\/p>\n<p>Sehr sch\u00f6n zum Verschenken an die echten Fans!<\/p>\n<p>Insgesamt&nbsp;48 Teile<\/p>\n<p><font style=\"box-sizing:inherit; color:#03031a; font-family:graphik, arial, helvetica, sans-serif; font-size:14px; font-style:normal; font-variant-ligatures:normal; font-weight:400; text-align:start; white-space:normal; background-color:#ffffff; text-decoration-thickness:initial; text-decoration-style:initial; text-decoration-color:initial; vertical-align:inherit\"><font style=\"box-sizing:inherit; vertical-align:inherit\">6x Wachsmalstifte,&nbsp;<\/font><\/font><font style=\"box-sizing:inherit; color:#03031a; font-family:graphik, arial, helvetica, sans-serif; font-size:14px; font-style:normal; font-variant-ligatures:normal; font-weight:400; text-align:start; white-space:normal; background-color:#ffffff; text-decoration-thickness:initial; text-decoration-style:initial; text-decoration-color:initial; vertical-align:inherit\"><font style=\"box-sizing:inherit; vertical-align:inherit\">6x Marker,&nbsp;<\/font><\/font><font style=\"box-sizing:inherit; color:#03031a; font-family:graphik, arial, helvetica, sans-serif; font-size:14px; font-style:normal; font-variant-ligatures:normal; font-weight:400; text-align:start; white-space:normal; background-color:#ffffff; text-decoration-thickness:initial; text-decoration-style:initial; text-decoration-color:initial; vertical-align:inherit\"><font style=\"box-sizing:inherit; vertical-align:inherit\">1x Bleistift,&nbsp;<\/font><\/font><font style=\"box-sizing:inherit; color:#03031a; font-family:graphik, arial, helvetica, sans-serif; font-size:14px; font-style:normal; font-variant-ligatures:normal; font-weight:400; text-align:start; white-space:normal; background-color:#ffffff; text-decoration-thickness:initial; text-decoration-style:initial; text-decoration-color:initial; vertical-align:inherit\"><font style=\"box-sizing:inherit; vertical-align:inherit\">1x Radiergummi,&nbsp;<\/font><\/font><font style=\"box-sizing:inherit; color:#03031a; font-family:graphik, arial, helvetica, sans-serif; font-size:14px; font-style:normal; font-variant-ligatures:normal; font-weight:400; text-align:start; white-space:normal; background-color:#ffffff; text-decoration-thickness:initial; text-decoration-style:initial; text-decoration-color:initial; vertical-align:inherit\"><font style=\"box-sizing:inherit; vertical-align:inherit\">1x Anspitzer,&nbsp;<\/font><\/font><font style=\"box-sizing:inherit; color:#03031a; font-family:graphik, arial, helvetica, sans-serif; font-size:14px; font-style:normal; font-variant-ligatures:normal; font-weight:400; text-align:start; white-space:normal; background-color:#ffffff; text-decoration-thickness:initial; text-decoration-style:initial; text-decoration-color:initial; vertical-align:inherit\"><font style=\"box-sizing:inherit; vertical-align:inherit\">2x Muster,&nbsp;<\/font><\/font><font style=\"box-sizing:inherit; color:#03031a; font-family:graphik, arial, helvetica, sans-serif; font-size:14px; font-style:normal; font-variant-ligatures:normal; font-weight:400; text-align:start; white-space:normal; background-color:#ffffff; text-decoration-thickness:initial; text-decoration-style:initial; text-decoration-color:initial; vertical-align:inherit\"><font style=\"box-sizing:inherit; vertical-align:inherit\">2x Stickerb\u00f6gen,&nbsp;<\/font><\/font><font style=\"box-sizing:inherit; color:#03031a; font-family:graphik, arial, helvetica, sans-serif; font-size:14px; font-style:normal; font-variant-ligatures:normal; font-weight:400; text-align:start; white-space:normal; background-color:#ffffff; text-decoration-thickness:initial; text-decoration-style:initial; text-decoration-color:initial; vertical-align:inherit\"><font style=\"box-sizing:inherit; vertical-align:inherit\">16x Malvorlagen,&nbsp;<\/font><\/font><font style=\"box-sizing:inherit; color:#03031a; font-family:graphik, arial, helvetica, sans-serif; font-size:14px; font-style:normal; font-variant-ligatures:normal; font-weight:400; text-align:start; white-space:normal; background-color:#ffffff; text-decoration-thickness:initial; text-decoration-style:initial; text-decoration-color:initial; vertical-align:inherit\"><font style=\"box-sizing:inherit; vertical-align:inherit\">14 leere Bl\u00e4tter f\u00fcr eigene Kreativit\u00e4t&nbsp;<\/font><\/font><\/p>\n<p>Altersempfehlung: ab 4 Jahre<\/p>\n<p>Produktgr\u00f6\u00dfe: ca. 24cm x 26cm x 2cm<\/p>\n<p>Verpackungsgr\u00f6\u00dfe: ca. 240mm x 27mm x 262mm<\/p>\n<p>&nbsp;<\/p>\n<p>Achtung: Nicht f\u00fcr Kinder unter 36 Monaten geeignet wegen verschluckbarer Kleinteile, Erstickungsgefahr.<\/p>\n","protected":false},"excerpt":{"rendered":"<p>Paw Patrol Activity Buch 48 tlg. Malbuch Ausmalbuch Ringbuch Stifte Schablonen<\/p>\n","protected":false},"featured_media":15835,"comment_status":"closed","ping_status":"open","template":"","meta":[],"product_brand":[],"product_cat":[487],"product_tag":[],"class_list":{"0":"post-15834","1":"product","2":"type-product","3":"status-publish","4":"has-post-thumbnail","6":"product_cat-paw-patrol","8":"first","9":"instock","10":"shipping-taxable","11":"purchasable","12":"product-type-simple"},"_links":{"self":[{"href":"https:\/\/9play.de\/shop\/wp-json\/wp\/v2\/product\/15834","targetHints":{"allow":["GET"]}}],"collection":[{"href":"https:\/\/9play.de\/shop\/wp-json\/wp\/v2\/product"}],"about":[{"href":"https:\/\/9play.de\/shop\/wp-json\/wp\/v2\/types\/product"}],"replies":[{"embeddable":true,"href":"https:\/\/9play.de\/shop\/wp-json\/wp\/v2\/comments?post=15834"}],"wp:featuredmedia":[{"embeddable":true,"href":"https:\/\/9play.de\/shop\/wp-json\/wp\/v2\/media\/15835"}],"wp:attachment":[{"href":"https:\/\/9play.de\/shop\/wp-json\/wp\/v2\/media?parent=15834"}],"wp:term":[{"taxonomy":"product_brand","embeddable":true,"href":"https:\/\/9play.de\/shop\/wp-json\/wp\/v2\/product_brand?post=15834"},{"taxonomy":"product_cat","embeddable":true,"href":"https:\/\/9play.de\/shop\/wp-json\/wp\/v2\/product_cat?post=15834"},{"taxonomy":"product_tag","embeddable":true,"href":"https:\/\/9play.de\/shop\/wp-json\/wp\/v2\/product_tag?post=15834"}],"curies":[{"name":"wp","href":"https:\/\/api.w.org\/{rel}","templated":true}]}}