{"id":15839,"date":"2024-10-06T18:08:18","date_gmt":"2024-10-06T16:08:18","guid":{"rendered":"https:\/\/9play.de\/shop\/produkt\/spiel-biting-billy-der-hund-sieht-so-suess-aus-aaaber\/"},"modified":"2024-10-06T18:08:32","modified_gmt":"2024-10-06T16:08:32","slug":"spiel-biting-billy-der-hund-sieht-so-suess-aus-aaaber","status":"publish","type":"product","link":"https:\/\/9play.de\/shop\/produkt\/spiel-biting-billy-der-hund-sieht-so-suess-aus-aaaber\/","title":{"rendered":"Spiel Biting Billy Der Hund sieht so s\u00fcss aus aaaber&#8230;"},"content":{"rendered":"<p>Biting Billy. Spiel mit dem s\u00fc\u00dfem aber bissigen Hund.<\/p>\n<p>Vorsicht ist angebracht !<\/p>\n<p>Dr\u00fcck die Z\u00e4hne von dem Hund nach unten aber sei immer auf der Hut, der s\u00fc\u00dfe Billy k\u00f6nnte auch zubei\u00dfen.<\/p>\n<p>Die Spannung ist gro\u00df !<\/p>\n<p>Verpackungsgr\u00f6\u00dfe: ca.16 x 13 x 13 cm<\/p>\n<p>Altersempfehlung: Ab 4 Jahre<\/p>\n<p>Material: Kunststoff<\/p>\n<p>&nbsp;<\/p>\n<p>Achtung: Nicht f\u00fcr Kinder unter 36 Monaten geeignet wegen verschluckbarer Kleinteile, Erstickungsgefahr.<\/p>\n","protected":false},"excerpt":{"rendered":"<p>Spiel mit dem s\u00fc\u00dfem aber bissigen Hund. Vorsicht ist angebracht !<\/p>\n","protected":false},"featured_media":15840,"comment_status":"closed","ping_status":"open","template":"","meta":[],"product_brand":[],"product_cat":[488],"product_tag":[],"class_list":{"0":"post-15839","1":"product","2":"type-product","3":"status-publish","4":"has-post-thumbnail","6":"product_cat-geschicklichkeitsspiele","8":"first","9":"instock","10":"shipping-taxable","11":"purchasable","12":"product-type-simple"},"_links":{"self":[{"href":"https:\/\/9play.de\/shop\/wp-json\/wp\/v2\/product\/15839","targetHints":{"allow":["GET"]}}],"collection":[{"href":"https:\/\/9play.de\/shop\/wp-json\/wp\/v2\/product"}],"about":[{"href":"https:\/\/9play.de\/shop\/wp-json\/wp\/v2\/types\/product"}],"replies":[{"embeddable":true,"href":"https:\/\/9play.de\/shop\/wp-json\/wp\/v2\/comments?post=15839"}],"wp:featuredmedia":[{"embeddable":true,"href":"https:\/\/9play.de\/shop\/wp-json\/wp\/v2\/media\/15840"}],"wp:attachment":[{"href":"https:\/\/9play.de\/shop\/wp-json\/wp\/v2\/media?parent=15839"}],"wp:term":[{"taxonomy":"product_brand","embeddable":true,"href":"https:\/\/9play.de\/shop\/wp-json\/wp\/v2\/product_brand?post=15839"},{"taxonomy":"product_cat","embeddable":true,"href":"https:\/\/9play.de\/shop\/wp-json\/wp\/v2\/product_cat?post=15839"},{"taxonomy":"product_tag","embeddable":true,"href":"https:\/\/9play.de\/shop\/wp-json\/wp\/v2\/product_tag?post=15839"}],"curies":[{"name":"wp","href":"https:\/\/api.w.org\/{rel}","templated":true}]}}