{"id":15858,"date":"2024-10-06T18:08:18","date_gmt":"2024-10-06T16:08:18","guid":{"rendered":"https:\/\/9play.de\/shop\/produkt\/laufrad-little-stars-mit-4-raeder\/"},"modified":"2024-10-06T18:08:42","modified_gmt":"2024-10-06T16:08:42","slug":"laufrad-little-stars-mit-4-raeder","status":"publish","type":"product","link":"https:\/\/9play.de\/shop\/produkt\/laufrad-little-stars-mit-4-raeder\/","title":{"rendered":"Laufrad Little Stars  mit 4 R\u00e4der"},"content":{"rendered":"<p>Kinder Baby Laufrad mit 4 R\u00e4dern.<br \/>Ohne Pedaldesign ist dieser Motorroller f\u00fcr 18 Monate alte Babys konzipiert, um ihre Gleichgewichtsf\u00e4higkeit zu trainieren.<br \/>Es kann Baby-Balance-F\u00e4higkeit, soziale F\u00e4higkeit, Unabh\u00e4ngigkeit und Selbstvertrauen aus\u00fcben. Lauflernrad Balance Bike ist sehr Robust.<\/p>\n<p>Altersempfehlung: ab 18 Monate<br \/>L\u00e4nge: ca. 48cm<br \/>H\u00f6he: ca. 36cm<br \/>Gewicht: ca. 1,66 kg<\/p>\n<p>&nbsp;<\/p>\n<p>Achtung: Mit Schutzausr\u00fcstung zu benutzen. Nicht im Stra\u00dfenverkehr zu verwenden.&nbsp;<\/p>\n<p>Achtung: Benutzung unter unmittelbarer Aufsicht von Erwachsenen.<\/p>\n","protected":false},"excerpt":{"rendered":"<p>Ohne Pedale ist dieser Laufrad f\u00fcr 1-2 Jahre alte Babys konzipiert.<\/p>\n","protected":false},"featured_media":15859,"comment_status":"closed","ping_status":"open","template":"","meta":[],"product_brand":[],"product_cat":[491],"product_tag":[],"class_list":{"0":"post-15858","1":"product","2":"type-product","3":"status-publish","4":"has-post-thumbnail","6":"product_cat-skateboard","8":"first","9":"instock","10":"shipping-taxable","11":"purchasable","12":"product-type-simple"},"_links":{"self":[{"href":"https:\/\/9play.de\/shop\/wp-json\/wp\/v2\/product\/15858","targetHints":{"allow":["GET"]}}],"collection":[{"href":"https:\/\/9play.de\/shop\/wp-json\/wp\/v2\/product"}],"about":[{"href":"https:\/\/9play.de\/shop\/wp-json\/wp\/v2\/types\/product"}],"replies":[{"embeddable":true,"href":"https:\/\/9play.de\/shop\/wp-json\/wp\/v2\/comments?post=15858"}],"wp:featuredmedia":[{"embeddable":true,"href":"https:\/\/9play.de\/shop\/wp-json\/wp\/v2\/media\/15859"}],"wp:attachment":[{"href":"https:\/\/9play.de\/shop\/wp-json\/wp\/v2\/media?parent=15858"}],"wp:term":[{"taxonomy":"product_brand","embeddable":true,"href":"https:\/\/9play.de\/shop\/wp-json\/wp\/v2\/product_brand?post=15858"},{"taxonomy":"product_cat","embeddable":true,"href":"https:\/\/9play.de\/shop\/wp-json\/wp\/v2\/product_cat?post=15858"},{"taxonomy":"product_tag","embeddable":true,"href":"https:\/\/9play.de\/shop\/wp-json\/wp\/v2\/product_tag?post=15858"}],"curies":[{"name":"wp","href":"https:\/\/api.w.org\/{rel}","templated":true}]}}