{"id":15865,"date":"2024-10-06T18:08:18","date_gmt":"2024-10-06T16:08:18","guid":{"rendered":"https:\/\/9play.de\/shop\/produkt\/paw-patrol-aufblasbarer-huepfball-45cm\/"},"modified":"2024-10-06T18:08:46","modified_gmt":"2024-10-06T16:08:46","slug":"paw-patrol-aufblasbarer-huepfball-45cm","status":"publish","type":"product","link":"https:\/\/9play.de\/shop\/produkt\/paw-patrol-aufblasbarer-huepfball-45cm\/","title":{"rendered":"Paw Patrol Aufblasbarer H\u00fcpfball 45cm"},"content":{"rendered":"<p>Ein gro\u00dfartiger aufblasbarer PAW Patrol H\u00fcpfball mit einer Pumpe, um die Bewegung zu f\u00f6rdern und gleichzeitig Spa\u00df zu haben. Perfekt, um die motorischen F\u00e4higkeiten Ihres Kindes zu entwickeln. Eine fabelhafte M\u00f6glichkeit Kinder fuer den Sport zu begeistern. Stabil aus widerstandsf\u00e4higem und haltbarem Material hergestellt, damit Ihre Kinder sicher spielen k\u00f6nnen. 2x Griffe, an denen sich die Kinder leicht festhalten k\u00f6nnen.<br \/>&nbsp;<\/p>\n<p><span style=\"font-size:12.0pt\"><span style=\"font-family:Times New Roman,serif\">Inhalt: 1 x H\u00fcpfball, 1x Pumpe&nbsp;&nbsp;<br \/>Altersempfehlung: Ab 3 Jahre.<br \/>Material: Gummi<\/span><\/span><br \/>Mit der mitgelieferten Handpumpe in weniger als 4 Minuten aufblasbar.<br \/>Produkt hat einen Durchmesser von 45cm und ist f\u00fcr die Nutzung von Kindern ab 3 Jahre ausgerichtet.<br \/>Maximales Benutzergewicht von ca. 50 kg.<\/p>\n<p style=\"margin-bottom: 0cm\">Achtung! Mit Schutzausr\u00fcstung zu benutzen. Nicht im Stra\u00dfenverkehr zu verwenden. Benutzung unter unmittelbarer Aufsicht von Erwachsenen.<\/p>\n","protected":false},"excerpt":{"rendered":"<p>Ein gro\u00dfartiger aufblasbarer PAW Patrol H\u00fcpfball, um die Bewegung zu f\u00f6rdern und gleichzeitig Spa\u00df zu haben.<\/p>\n","protected":false},"featured_media":15866,"comment_status":"closed","ping_status":"open","template":"","meta":[],"product_brand":[],"product_cat":[493],"product_tag":[],"class_list":{"0":"post-15865","1":"product","2":"type-product","3":"status-publish","4":"has-post-thumbnail","6":"product_cat-huepfbaelle","8":"first","9":"instock","10":"shipping-taxable","11":"purchasable","12":"product-type-simple"},"_links":{"self":[{"href":"https:\/\/9play.de\/shop\/wp-json\/wp\/v2\/product\/15865","targetHints":{"allow":["GET"]}}],"collection":[{"href":"https:\/\/9play.de\/shop\/wp-json\/wp\/v2\/product"}],"about":[{"href":"https:\/\/9play.de\/shop\/wp-json\/wp\/v2\/types\/product"}],"replies":[{"embeddable":true,"href":"https:\/\/9play.de\/shop\/wp-json\/wp\/v2\/comments?post=15865"}],"wp:featuredmedia":[{"embeddable":true,"href":"https:\/\/9play.de\/shop\/wp-json\/wp\/v2\/media\/15866"}],"wp:attachment":[{"href":"https:\/\/9play.de\/shop\/wp-json\/wp\/v2\/media?parent=15865"}],"wp:term":[{"taxonomy":"product_brand","embeddable":true,"href":"https:\/\/9play.de\/shop\/wp-json\/wp\/v2\/product_brand?post=15865"},{"taxonomy":"product_cat","embeddable":true,"href":"https:\/\/9play.de\/shop\/wp-json\/wp\/v2\/product_cat?post=15865"},{"taxonomy":"product_tag","embeddable":true,"href":"https:\/\/9play.de\/shop\/wp-json\/wp\/v2\/product_tag?post=15865"}],"curies":[{"name":"wp","href":"https:\/\/api.w.org\/{rel}","templated":true}]}}