{"id":15894,"date":"2024-10-06T18:09:05","date_gmt":"2024-10-06T16:09:05","guid":{"rendered":"https:\/\/9play.de\/shop\/produkt\/paw-patrol-neon-leucht-zeichentafel-mit-stiften-und-schablonen\/"},"modified":"2024-10-06T18:09:19","modified_gmt":"2024-10-06T16:09:19","slug":"paw-patrol-neon-leucht-zeichentafel-mit-stiften-und-schablonen","status":"publish","type":"product","link":"https:\/\/9play.de\/shop\/produkt\/paw-patrol-neon-leucht-zeichentafel-mit-stiften-und-schablonen\/","title":{"rendered":"Paw Patrol Neon Leucht-Zeichentafel mit Stiften und Schablonen"},"content":{"rendered":"<p>Diese tolle Paw Patrol Zeichentafel wird Ihre Kinder motivieren, ihrer Kreativit\u00e4t und Fantasie freien Lauf zu lassen. Ein wundersch\u00f6nes Bild von Chase, Marshall, Rubble und Skye. Auf der transparenten Acryltafel kannst du alles malen, was Dir in den Sinn kommt. Inkl. sechs mitgelieferte Schablonen mit deinen Lieblingsfiguren. W\u00e4hle aus acht verschiedenen bunten Leuchteffekten aus. Zeichentafel blinkt und wechselt Farben. Wenn du fertig bist, wische die Tafel einfach sauber, um ein ganz neues Kunstwerk zu kreieren.<\/p>\n<p>Inklusive 6 Vorlagen, 4 Stempel, 2 Filzstifte mit je 2 Spitzen, 1 Reinigungstuch<br \/>Altersempfehlung: ab 4 Jahre.<br \/>Batterie: 3 x AA\/ LR6 1,5 V (nicht im Lieferumfang enthalten)<br \/>Material: Kunststoff<br \/>Gr\u00f6\u00dfe: ca. 30,1 x 21,2 x 2,8 cm<\/p>\n<p style=\"margin-bottom: 0cm\">Achtung: Nicht f\u00fcr Kinder unter 36 Monaten geeignet wegen verschluckbarer Kleinteile, Erstickungsgefahr.<br \/>&nbsp;<\/p>\n<p style=\"margin-bottom: 0cm\">Hinweis zur Entsorgung von Altbatterien<\/p>\n<p>Der nachfolgende Hinweis richtet sich an diejenigen, die Batterien oder Produkte mit eingebauten Batterien nutzen und in der an sie gelieferten Form nicht mehr weiterver\u00e4u\u00dfern (Endnutzer):<\/p>\n<p>1. Unentgeltliche R\u00fccknahme von Altbatterien<\/p>\n<p>Batterien d\u00fcrfen nicht \u00fcber den Hausm\u00fcll entsorgt werden. Sie sind zur R\u00fcckgabe von Altbatterien gesetzlich verpflichtet, damit eine fachgerechte Entsorgung gew\u00e4hrleistet werden kann. Sie k\u00f6nnen Altbatterien an einer kommunalen Sammelstelle oder im Handel vor Ort abgeben. Auch wir sind als Vertreiber von Batterien zur R\u00fccknahme von Altbatterien verpflichtet, wobei sich unsere R\u00fccknahmeverpflichtung auf Altbatterien der Art beschr\u00e4nkt, die wir als Neubatterien in unserem Sortiment f\u00fchren oder gef\u00fchrt haben. Altbatterien vorgenannter Art k\u00f6nnen Sie daher entweder ausreichend frankiert an uns zur\u00fccksenden oder sie direkt an unserem Versandlager unter der im Impressum genannten Adresse unentgeltlich abgeben.<\/p>\n<p>2. Bedeutung der Batteriesymbole<\/p>\n<p>Batterien sind mit dem Symbol einer durchgekreuzten M\u00fclltonne gekennzeichnet. Dieses Symbol weist darauf hin, dass Batterien nicht in den Hausm\u00fcll gegeben werden d\u00fcrfen. Bei Batterien, die mehr als 0,0005 Masseprozent Quecksilber, mehr als 0,002 Masseprozent Cadmium oder mehr als 0,004 Masseprozent Blei enthalten, befindet sich unter dem M\u00fclltonnen-Symbol die chemische Bezeichnung des jeweils eingesetzten Schadstoffes \u2013 dabei steht &#8222;Cd&#8220; f\u00fcr Cadmium, &#8222;Pb&#8220; steht f\u00fcr Blei, und &#8222;Hg&#8220; f\u00fcr Quecksilber.<\/p>\n","protected":false},"excerpt":{"rendered":"<p>Diese tolle Zeichentafel wird Ihre Kinder motivieren, ihrer Kreativit\u00e4t und Fantasie freien Lauf zu lassen!<\/p>\n","protected":false},"featured_media":15895,"comment_status":"closed","ping_status":"open","template":"","meta":[],"product_brand":[],"product_cat":[495],"product_tag":[],"class_list":{"0":"post-15894","1":"product","2":"type-product","3":"status-publish","4":"has-post-thumbnail","6":"product_cat-maltafel-zeichenbrett","8":"first","9":"instock","10":"shipping-taxable","11":"purchasable","12":"product-type-simple"},"_links":{"self":[{"href":"https:\/\/9play.de\/shop\/wp-json\/wp\/v2\/product\/15894","targetHints":{"allow":["GET"]}}],"collection":[{"href":"https:\/\/9play.de\/shop\/wp-json\/wp\/v2\/product"}],"about":[{"href":"https:\/\/9play.de\/shop\/wp-json\/wp\/v2\/types\/product"}],"replies":[{"embeddable":true,"href":"https:\/\/9play.de\/shop\/wp-json\/wp\/v2\/comments?post=15894"}],"wp:featuredmedia":[{"embeddable":true,"href":"https:\/\/9play.de\/shop\/wp-json\/wp\/v2\/media\/15895"}],"wp:attachment":[{"href":"https:\/\/9play.de\/shop\/wp-json\/wp\/v2\/media?parent=15894"}],"wp:term":[{"taxonomy":"product_brand","embeddable":true,"href":"https:\/\/9play.de\/shop\/wp-json\/wp\/v2\/product_brand?post=15894"},{"taxonomy":"product_cat","embeddable":true,"href":"https:\/\/9play.de\/shop\/wp-json\/wp\/v2\/product_cat?post=15894"},{"taxonomy":"product_tag","embeddable":true,"href":"https:\/\/9play.de\/shop\/wp-json\/wp\/v2\/product_tag?post=15894"}],"curies":[{"name":"wp","href":"https:\/\/api.w.org\/{rel}","templated":true}]}}