{"id":15899,"date":"2024-10-06T18:09:05","date_gmt":"2024-10-06T16:09:05","guid":{"rendered":"https:\/\/9play.de\/shop\/produkt\/magische-magnetische-zeichentafel-nintendo-super-mario\/"},"modified":"2024-10-06T18:09:23","modified_gmt":"2024-10-06T16:09:23","slug":"magische-magnetische-zeichentafel-nintendo-super-mario","status":"publish","type":"product","link":"https:\/\/9play.de\/shop\/produkt\/magische-magnetische-zeichentafel-nintendo-super-mario\/","title":{"rendered":"Magische magnetische Zeichentafel Nintendo Super Mario"},"content":{"rendered":"<p>Diese tolle magnetische Zeichentafel wird Ihre Kinder motivieren, ihrer Kreativit\u00e4t und Fantasie freien Lauf zu lassen!<br \/>Ein wundersch\u00f6nes Bild von Mario und Luigi.<br \/>Mehrfarbiges Zeichnen f\u00fcr stundenlangen Malspa\u00df.<br \/>Mit dem beiliegenden Stift und den Stempeln zeichnen oder schreiben und dann ganz einfach mithilfe des Schiebers alles l\u00f6schen und wieder von vorn anfangen!<br \/>&nbsp;<\/p>\n<p>Inhalt: 1 befestigter magnetischer Stift, 3 magnetische Stempel&nbsp;Stern, Blume und Quadrat.<br \/>Altersempfehlung: ab 3 Jahre.<br \/>Material: Kunststoff&nbsp;<br \/>Verpackung: 32 x 23,5 x 2,5 cm<\/p>\n<p>&nbsp;<\/p>\n<p style=\"margin-bottom: 0cm\">Achtung: Nicht f\u00fcr Kinder unter 36 Monaten geeignet wegen verschluckbarer Kleinteile, Erstickungsgefahr.<br \/>&nbsp;<\/p>\n","protected":false},"excerpt":{"rendered":"<p>Mehrfarbiges Zeichnen f\u00fcr stundenlangen Malspa\u00df. Ein wundersch\u00f6nes Bild von Mario und Luigi.<\/p>\n","protected":false},"featured_media":15900,"comment_status":"closed","ping_status":"open","template":"","meta":[],"product_brand":[],"product_cat":[495],"product_tag":[],"class_list":{"0":"post-15899","1":"product","2":"type-product","3":"status-publish","4":"has-post-thumbnail","6":"product_cat-maltafel-zeichenbrett","8":"first","9":"instock","10":"shipping-taxable","11":"purchasable","12":"product-type-simple"},"_links":{"self":[{"href":"https:\/\/9play.de\/shop\/wp-json\/wp\/v2\/product\/15899","targetHints":{"allow":["GET"]}}],"collection":[{"href":"https:\/\/9play.de\/shop\/wp-json\/wp\/v2\/product"}],"about":[{"href":"https:\/\/9play.de\/shop\/wp-json\/wp\/v2\/types\/product"}],"replies":[{"embeddable":true,"href":"https:\/\/9play.de\/shop\/wp-json\/wp\/v2\/comments?post=15899"}],"wp:featuredmedia":[{"embeddable":true,"href":"https:\/\/9play.de\/shop\/wp-json\/wp\/v2\/media\/15900"}],"wp:attachment":[{"href":"https:\/\/9play.de\/shop\/wp-json\/wp\/v2\/media?parent=15899"}],"wp:term":[{"taxonomy":"product_brand","embeddable":true,"href":"https:\/\/9play.de\/shop\/wp-json\/wp\/v2\/product_brand?post=15899"},{"taxonomy":"product_cat","embeddable":true,"href":"https:\/\/9play.de\/shop\/wp-json\/wp\/v2\/product_cat?post=15899"},{"taxonomy":"product_tag","embeddable":true,"href":"https:\/\/9play.de\/shop\/wp-json\/wp\/v2\/product_tag?post=15899"}],"curies":[{"name":"wp","href":"https:\/\/api.w.org\/{rel}","templated":true}]}}