{"id":15934,"date":"2024-10-06T18:09:05","date_gmt":"2024-10-06T16:09:05","guid":{"rendered":"https:\/\/9play.de\/shop\/produkt\/elektronisches-seeschlachtspiel\/"},"modified":"2024-10-06T18:09:45","modified_gmt":"2024-10-06T16:09:45","slug":"elektronisches-seeschlachtspiel","status":"publish","type":"product","link":"https:\/\/9play.de\/shop\/produkt\/elektronisches-seeschlachtspiel\/","title":{"rendered":"Elektronisches Seeschlachtspiel"},"content":{"rendered":"<p>Das erste Schiffe-Versenken Spiel mit Lichteffekten. Ein un\u00fcbertroffenes interaktives Spiel. Interaktive Tastatur, um Spielz\u00fcge auszuf\u00fchren und dem Gegner das Ergebnis seiner Angriffe zu signalisieren.<br \/>Der Globus in der Mitte leuchtet je nach Spielsituation auf. 3x Joker, um den Feind mit Pr\u00e4zision zu treffen: Super-Bombe, Torpedo und Sonar.<br \/>Jeder Spieler verf\u00fcgt \u00fcber eine Flotte aus 5 Schiffen. Extrem realistische Ger\u00e4uscheffekte.<\/p>\n<table class=\"data-table\" id=\"product-attribute-specs-table\">\n<tbody>\n<tr class=\"even\">\n<th class=\"label\">&nbsp;<\/th>\n<td class=\"data last\">&nbsp;<\/td>\n<\/tr>\n<\/tbody>\n<\/table>\n<p><span style=\"font-size:12.0pt\"><span style=\"font-family:Times New Roman,serif\">Altersempfehlung: Ab 3 Jahre.<\/span><\/span><br \/>Abmessung (cm): ca. 24.50 x 35.00 x 24.60<br \/><span style=\"font-size:12.0pt\"><span style=\"font-family:Times New Roman,serif\">Material: Kunststoff&nbsp;<\/span><\/span><br \/>Stromversorgung \u00fcber 6x LR6\/AA (nicht mitgeliefert).<br \/>Nutzung ab 5 Jahren.<\/p>\n<p>Achtung: Nicht f\u00fcr Kinder unter 36 Monaten geeignet wegen verschluckbarer Kleinteile, Erstickungsgefahr.<\/p>\n<p style=\"margin-bottom: 0cm\">Hinweis zur Entsorgung von Altbatterien<\/p>\n<p>Der nachfolgende Hinweis richtet sich an diejenigen, die Batterien oder Produkte mit eingebauten Batterien nutzen und in der an sie gelieferten Form nicht mehr weiterver\u00e4u\u00dfern (Endnutzer):<\/p>\n<p>1. Unentgeltliche R\u00fccknahme von Altbatterien<\/p>\n<p>Batterien d\u00fcrfen nicht \u00fcber den Hausm\u00fcll entsorgt werden. Sie sind zur R\u00fcckgabe von Altbatterien gesetzlich verpflichtet, damit eine fachgerechte Entsorgung gew\u00e4hrleistet werden kann. Sie k\u00f6nnen Altbatterien an einer kommunalen Sammelstelle oder im Handel vor Ort abgeben. Auch wir sind als Vertreiber von Batterien zur R\u00fccknahme von Altbatterien verpflichtet, wobei sich unsere R\u00fccknahmeverpflichtung auf Altbatterien der Art beschr\u00e4nkt, die wir als Neubatterien in unserem Sortiment f\u00fchren oder gef\u00fchrt haben. Altbatterien vorgenannter Art k\u00f6nnen Sie daher entweder ausreichend frankiert an uns zur\u00fccksenden oder sie direkt an unserem Versandlager unter der im Impressum genannten Adresse unentgeltlich abgeben.<\/p>\n<p>2. Bedeutung der Batteriesymbole<\/p>\n<p>Batterien sind mit dem Symbol einer durchgekreuzten M\u00fclltonne gekennzeichnet. Dieses Symbol weist darauf hin, dass Batterien nicht in den Hausm\u00fcll gegeben werden d\u00fcrfen. Bei Batterien, die mehr als 0,0005 Masseprozent Quecksilber, mehr als 0,002 Masseprozent Cadmium oder mehr als 0,004 Masseprozent Blei enthalten, befindet sich unter dem M\u00fclltonnen-Symbol die chemische Bezeichnung des jeweils eingesetzten Schadstoffes \u2013 dabei steht &#8222;Cd&#8220; f\u00fcr Cadmium, &#8222;Pb&#8220; steht f\u00fcr Blei, und &#8222;Hg&#8220; f\u00fcr Quecksilber.<\/p>\n","protected":false},"excerpt":{"rendered":"<p>Das erste Schiffe-Versenken Spiel mit Lichteffekten. Ein un\u00fcbertroffenes interaktives Spiel. Interaktive Tastatur, um Spielz\u00fcge auszuf\u00fchren und dem Gegner das Ergebnis seiner Angriffe zu signalisieren.Der Globus in der Mitte leuchtet je nach Spielsituation auf. 3x Joker, um den Feind mit Pr\u00e4zision zu treffen: Super-Bombe, Torpedo und Sonar.Jeder Spieler verf\u00fcgt \u00fcber eine Flotte aus 5 Schiffen. Extrem [&hellip;]<\/p>\n","protected":false},"featured_media":15935,"comment_status":"closed","ping_status":"open","template":"","meta":[],"product_brand":[],"product_cat":[474],"product_tag":[],"class_list":{"0":"post-15934","1":"product","2":"type-product","3":"status-publish","4":"has-post-thumbnail","6":"product_cat-brettspiele","8":"first","9":"instock","10":"shipping-taxable","11":"purchasable","12":"product-type-simple"},"_links":{"self":[{"href":"https:\/\/9play.de\/shop\/wp-json\/wp\/v2\/product\/15934","targetHints":{"allow":["GET"]}}],"collection":[{"href":"https:\/\/9play.de\/shop\/wp-json\/wp\/v2\/product"}],"about":[{"href":"https:\/\/9play.de\/shop\/wp-json\/wp\/v2\/types\/product"}],"replies":[{"embeddable":true,"href":"https:\/\/9play.de\/shop\/wp-json\/wp\/v2\/comments?post=15934"}],"wp:featuredmedia":[{"embeddable":true,"href":"https:\/\/9play.de\/shop\/wp-json\/wp\/v2\/media\/15935"}],"wp:attachment":[{"href":"https:\/\/9play.de\/shop\/wp-json\/wp\/v2\/media?parent=15934"}],"wp:term":[{"taxonomy":"product_brand","embeddable":true,"href":"https:\/\/9play.de\/shop\/wp-json\/wp\/v2\/product_brand?post=15934"},{"taxonomy":"product_cat","embeddable":true,"href":"https:\/\/9play.de\/shop\/wp-json\/wp\/v2\/product_cat?post=15934"},{"taxonomy":"product_tag","embeddable":true,"href":"https:\/\/9play.de\/shop\/wp-json\/wp\/v2\/product_tag?post=15934"}],"curies":[{"name":"wp","href":"https:\/\/api.w.org\/{rel}","templated":true}]}}