{"id":15944,"date":"2024-10-06T18:09:05","date_gmt":"2024-10-06T16:09:05","guid":{"rendered":"https:\/\/9play.de\/shop\/produkt\/disney-die-eiskoenigin-stereo-kopfhoerer-elsa-anna\/"},"modified":"2024-10-06T18:09:52","modified_gmt":"2024-10-06T16:09:52","slug":"disney-die-eiskoenigin-stereo-kopfhoerer-elsa-anna","status":"publish","type":"product","link":"https:\/\/9play.de\/shop\/produkt\/disney-die-eiskoenigin-stereo-kopfhoerer-elsa-anna\/","title":{"rendered":"Disney Die Eisk\u00f6nigin Stereo-Kopfh\u00f6rer Elsa Anna"},"content":{"rendered":"<p>Kabel-Kopfh\u00f6rer in tollem Disney Die Eisk\u00f6nigin Design. Leichtes Design zum \u00fcberall mit hinnehmen. Die Seiten k\u00f6nnen eingestellt werden, damit er perfekt auf deinen Kopf passt.<br \/>Praktisch, du kannst die Kopfh\u00f6rer zusammenklappen, damit du ihn problemlos in deiner Tasche verstauen kannst.<br \/>Kompatibel mit allen Audio- und Videoplayern mit einem Kopfh\u00f6rer-Klinkensteckeranschluss.<\/p>\n<p>Kopfh\u00f6rer sind kabelgebunden &#8211; 3,5 mm Stecker Kabell\u00e4nge &nbsp;&#8211; 1.2 m<br \/>Frequenz 20Hz-20kHz.<br \/>Impedanz (akustischer Widerstand) von 32 Ohm.<br \/>Empfindlichkeit von 85 dB, um deine Ohren zu sch\u00fctzen.<br \/>Bitte die Verpackung f\u00fcr jede sp\u00e4tere Bezugnahme aufbewahren.<br \/>Altersempfehlung: ab 4&nbsp;Jahre.<br \/>Gr\u00f6\u00dfe: ca.&nbsp;&nbsp;16.8&nbsp;x 7.3&nbsp;x 20.4 cm<\/p>\n<p>Achtung: Benutzung unter unmittelbarer Aufsicht von Erwachsenen.<\/p>\n","protected":false},"excerpt":{"rendered":"<p>Praktisch, du kannst die Kopfh\u00f6rer zusammenklappen, damit du ihn problemlos in deiner Tasche verstauen kannst.<\/p>\n","protected":false},"featured_media":15945,"comment_status":"closed","ping_status":"open","template":"","meta":[],"product_brand":[],"product_cat":[494],"product_tag":[],"class_list":{"0":"post-15944","1":"product","2":"type-product","3":"status-publish","4":"has-post-thumbnail","6":"product_cat-lautsprecher-kopfhoerer","8":"first","9":"instock","10":"shipping-taxable","11":"purchasable","12":"product-type-simple"},"_links":{"self":[{"href":"https:\/\/9play.de\/shop\/wp-json\/wp\/v2\/product\/15944","targetHints":{"allow":["GET"]}}],"collection":[{"href":"https:\/\/9play.de\/shop\/wp-json\/wp\/v2\/product"}],"about":[{"href":"https:\/\/9play.de\/shop\/wp-json\/wp\/v2\/types\/product"}],"replies":[{"embeddable":true,"href":"https:\/\/9play.de\/shop\/wp-json\/wp\/v2\/comments?post=15944"}],"wp:featuredmedia":[{"embeddable":true,"href":"https:\/\/9play.de\/shop\/wp-json\/wp\/v2\/media\/15945"}],"wp:attachment":[{"href":"https:\/\/9play.de\/shop\/wp-json\/wp\/v2\/media?parent=15944"}],"wp:term":[{"taxonomy":"product_brand","embeddable":true,"href":"https:\/\/9play.de\/shop\/wp-json\/wp\/v2\/product_brand?post=15944"},{"taxonomy":"product_cat","embeddable":true,"href":"https:\/\/9play.de\/shop\/wp-json\/wp\/v2\/product_cat?post=15944"},{"taxonomy":"product_tag","embeddable":true,"href":"https:\/\/9play.de\/shop\/wp-json\/wp\/v2\/product_tag?post=15944"}],"curies":[{"name":"wp","href":"https:\/\/api.w.org\/{rel}","templated":true}]}}