{"id":15949,"date":"2024-10-06T18:09:05","date_gmt":"2024-10-06T16:09:05","guid":{"rendered":"https:\/\/9play.de\/shop\/produkt\/spider-man-stereo-kopfhoerer-mit-kindersicherer-lautstaerke\/"},"modified":"2024-10-06T18:09:55","modified_gmt":"2024-10-06T16:09:55","slug":"spider-man-stereo-kopfhoerer-mit-kindersicherer-lautstaerke","status":"publish","type":"product","link":"https:\/\/9play.de\/shop\/produkt\/spider-man-stereo-kopfhoerer-mit-kindersicherer-lautstaerke\/","title":{"rendered":"Spider-Man Stereo-Kopfh\u00f6rer mit kindersicherer Lautst\u00e4rke"},"content":{"rendered":"<p>Kabel-Kopfh\u00f6rer in tollem Spiderman Design. Leichtes Design zum \u00fcberall mit hinnehmen.<br \/>Die Seiten k\u00f6nnen eingestellt werden, damit er perfekt auf deinen Kopf passt.<br \/>Praktisch, du kannst ihn zusammenklappen, damit du ihn problemlos in deiner Tasche verstauen kannst.<br \/>Kompatibel mit allen Audio- und Videoplayern mit einem Kopfh\u00f6rer-Klinkensteckeranschluss.<\/p>\n<p>Gr\u00f6\u00dfe: ca. 16,8 x 7,3 x 20,4 cm<br \/>Der 85 dB Schall sch\u00fctzt Kinderohren und ist besonders angenehm<br \/>Material: Kunststoff<br \/>Altersempfehlung: Ab 4 Jahren.<br \/>Frequenz 20Hz-20kHz.<br \/>Impedanz (akustischer Widerstand) von 32 Ohm.<br \/>Kabell\u00e4nge&nbsp; &#8211; 1.2 m<\/p>\n<p>Achtung: Benutzung unter unmittelbarer Aufsicht von Erwachsenen.<\/p>\n","protected":false},"excerpt":{"rendered":"<p>Kabel-Kopfh\u00f6rer in tollem Spiderman Design. Leichtes Design zum \u00fcberall mit hinnehmen.<\/p>\n","protected":false},"featured_media":15950,"comment_status":"closed","ping_status":"open","template":"","meta":[],"product_brand":[],"product_cat":[494],"product_tag":[],"class_list":{"0":"post-15949","1":"product","2":"type-product","3":"status-publish","4":"has-post-thumbnail","6":"product_cat-lautsprecher-kopfhoerer","8":"first","9":"instock","10":"shipping-taxable","11":"purchasable","12":"product-type-simple"},"_links":{"self":[{"href":"https:\/\/9play.de\/shop\/wp-json\/wp\/v2\/product\/15949","targetHints":{"allow":["GET"]}}],"collection":[{"href":"https:\/\/9play.de\/shop\/wp-json\/wp\/v2\/product"}],"about":[{"href":"https:\/\/9play.de\/shop\/wp-json\/wp\/v2\/types\/product"}],"replies":[{"embeddable":true,"href":"https:\/\/9play.de\/shop\/wp-json\/wp\/v2\/comments?post=15949"}],"wp:featuredmedia":[{"embeddable":true,"href":"https:\/\/9play.de\/shop\/wp-json\/wp\/v2\/media\/15950"}],"wp:attachment":[{"href":"https:\/\/9play.de\/shop\/wp-json\/wp\/v2\/media?parent=15949"}],"wp:term":[{"taxonomy":"product_brand","embeddable":true,"href":"https:\/\/9play.de\/shop\/wp-json\/wp\/v2\/product_brand?post=15949"},{"taxonomy":"product_cat","embeddable":true,"href":"https:\/\/9play.de\/shop\/wp-json\/wp\/v2\/product_cat?post=15949"},{"taxonomy":"product_tag","embeddable":true,"href":"https:\/\/9play.de\/shop\/wp-json\/wp\/v2\/product_tag?post=15949"}],"curies":[{"name":"wp","href":"https:\/\/api.w.org\/{rel}","templated":true}]}}