{"id":15977,"date":"2024-10-06T18:10:12","date_gmt":"2024-10-06T16:10:12","guid":{"rendered":"https:\/\/9play.de\/shop\/produkt\/kopfhoerer-mit-sicherer-lautstaerke-spider-man\/"},"modified":"2024-10-06T18:10:14","modified_gmt":"2024-10-06T16:10:14","slug":"kopfhoerer-mit-sicherer-lautstaerke-spider-man","status":"publish","type":"product","link":"https:\/\/9play.de\/shop\/produkt\/kopfhoerer-mit-sicherer-lautstaerke-spider-man\/","title":{"rendered":"Kopfh\u00f6rer mit sicherer Lautst\u00e4rke Spider-Man"},"content":{"rendered":"<p>2-in-1-Audiokopfh\u00f6rer in tollem Spiderman Design zum drahtlosen H\u00f6ren Ihrer Musik in Bluetooth 5.0 (bis zu 10 m Reichweite) oder mit angeschlossenen und abnehmbaren Buchsenkabel. Kids Safe Funktion mit Schall auf 85 dB begrenzt, um die Ohren von Kindern zu sch\u00fctzen. Mit integriertem Mikrofon, Wiedergabe-\/Pause- und Lautst\u00e4rketasten zur Steuerung Ihrer Musik und zum Beantworten von Telefonanrufen. Kompatibel mit allen Smartphones, Tablets, Audio- und Videoplayern, die mit Bluetooth oder einem 3,5-mm-Audioanschluss f\u00fcr Headsets ausgestattet sind. Wiederaufladbarer Akku f\u00fcr mehrere Stunden Akkulaufzeit im Wireless-Modus. Unbegrenzte Spielzeit im Kabelmodus. Robust, leicht und faltbar&#8230; passt in eine Tasche und kann \u00fcberall hin mitgenommen werden. Einstellbar&#8230; passt sich jeden Kopfgr\u00f6\u00dfen an.<\/p>\n<p>Ausstattung: 2 in 1 Audiokopfh\u00f6rer, Bluetooth 5.0 (bis zu 10 m Reichweite), Buchsenkabel 3,5 mm, 85 dB Schall, angenhem f\u00fcr junge Ohren, Integrierte Steuerungstasten, Faltbar, Gr\u00f6\u00dfenverstellbar,<br \/>Gr\u00f6\u00dfe: ca. 16,5 x 7,5 x 17 cm<br \/>Material: Kunststoff<br \/>Altersempfehlung: Ab 4 Jahre.<br \/>Stromversorgung: Akku &#8211; Mini-USB-Ladeport (Kabel im Lieferumfang enthalten)<\/p>\n<p>Achtung: Benutzung unter unmittelbarer Aufsicht von Erwachsenen.<\/p>\n<p style=\"margin-bottom: 0cm\">&nbsp;<\/p>\n<p style=\"margin-bottom: 0cm\">Hinweis zur Entsorgung von Altbatterien<\/p>\n<p>Der nachfolgende Hinweis richtet sich an diejenigen, die Batterien oder Produkte mit eingebauten Batterien nutzen und in der an sie gelieferten Form nicht mehr weiterver\u00e4u\u00dfern (Endnutzer):<\/p>\n<p>1. Unentgeltliche R\u00fccknahme von Altbatterien<\/p>\n<p>Batterien d\u00fcrfen nicht \u00fcber den Hausm\u00fcll entsorgt werden. Sie sind zur R\u00fcckgabe von Altbatterien gesetzlich verpflichtet, damit eine fachgerechte Entsorgung gew\u00e4hrleistet werden kann. Sie k\u00f6nnen Altbatterien an einer kommunalen Sammelstelle oder im Handel vor Ort abgeben. Auch wir sind als Vertreiber von Batterien zur R\u00fccknahme von Altbatterien verpflichtet, wobei sich unsere R\u00fccknahmeverpflichtung auf Altbatterien der Art beschr\u00e4nkt, die wir als Neubatterien in unserem Sortiment f\u00fchren oder gef\u00fchrt haben. Altbatterien vorgenannter Art k\u00f6nnen Sie daher entweder ausreichend frankiert an uns zur\u00fccksenden oder sie direkt an unserem Versandlager unter der im Impressum genannten Adresse unentgeltlich abgeben.<\/p>\n<p>2. Bedeutung der Batteriesymbole<\/p>\n<p>Batterien sind mit dem Symbol einer durchgekreuzten M\u00fclltonne gekennzeichnet. Dieses Symbol weist darauf hin, dass Batterien nicht in den Hausm\u00fcll gegeben werden d\u00fcrfen. Bei Batterien, die mehr als 0,0005 Masseprozent Quecksilber, mehr als 0,002 Masseprozent Cadmium oder mehr als 0,004 Masseprozent Blei enthalten, befindet sich unter dem M\u00fclltonnen-Symbol die chemische Bezeichnung des jeweils eingesetzten Schadstoffes \u2013 dabei steht &#8222;Cd&#8220; f\u00fcr Cadmium, &#8222;Pb&#8220; steht f\u00fcr Blei, und &#8222;Hg&#8220; f\u00fcr Quecksilber.<\/p>\n","protected":false},"excerpt":{"rendered":"<p>2-in-1-Audiokopfh\u00f6rer in tollem Spiderman Design zum drahtlosen H\u00f6ren Ihrer Musik in Bluetooth 5.0 (bis zu 10 m Reichweite) oder mit angeschlossenen und abnehmbaren Buchsenkabel.<\/p>\n","protected":false},"featured_media":15978,"comment_status":"closed","ping_status":"open","template":"","meta":[],"product_brand":[],"product_cat":[494],"product_tag":[],"class_list":{"0":"post-15977","1":"product","2":"type-product","3":"status-publish","4":"has-post-thumbnail","6":"product_cat-lautsprecher-kopfhoerer","8":"first","9":"instock","10":"shipping-taxable","11":"purchasable","12":"product-type-simple"},"_links":{"self":[{"href":"https:\/\/9play.de\/shop\/wp-json\/wp\/v2\/product\/15977","targetHints":{"allow":["GET"]}}],"collection":[{"href":"https:\/\/9play.de\/shop\/wp-json\/wp\/v2\/product"}],"about":[{"href":"https:\/\/9play.de\/shop\/wp-json\/wp\/v2\/types\/product"}],"replies":[{"embeddable":true,"href":"https:\/\/9play.de\/shop\/wp-json\/wp\/v2\/comments?post=15977"}],"wp:featuredmedia":[{"embeddable":true,"href":"https:\/\/9play.de\/shop\/wp-json\/wp\/v2\/media\/15978"}],"wp:attachment":[{"href":"https:\/\/9play.de\/shop\/wp-json\/wp\/v2\/media?parent=15977"}],"wp:term":[{"taxonomy":"product_brand","embeddable":true,"href":"https:\/\/9play.de\/shop\/wp-json\/wp\/v2\/product_brand?post=15977"},{"taxonomy":"product_cat","embeddable":true,"href":"https:\/\/9play.de\/shop\/wp-json\/wp\/v2\/product_cat?post=15977"},{"taxonomy":"product_tag","embeddable":true,"href":"https:\/\/9play.de\/shop\/wp-json\/wp\/v2\/product_tag?post=15977"}],"curies":[{"name":"wp","href":"https:\/\/api.w.org\/{rel}","templated":true}]}}