{"id":15997,"date":"2024-10-06T18:10:12","date_gmt":"2024-10-06T16:10:12","guid":{"rendered":"https:\/\/9play.de\/shop\/produkt\/mario-kart-elektronisches-skeeball-zielscheiben-spiel\/"},"modified":"2024-10-06T18:10:26","modified_gmt":"2024-10-06T16:10:26","slug":"mario-kart-elektronisches-skeeball-zielscheiben-spiel","status":"publish","type":"product","link":"https:\/\/9play.de\/shop\/produkt\/mario-kart-elektronisches-skeeball-zielscheiben-spiel\/","title":{"rendered":"Mario Kart Elektronisches Skeeball Zielscheiben-Spiel"},"content":{"rendered":"<p>Die Mario Kart-Version des ber\u00fchmten Geschicklichkeitsspiels!<br \/>Werfen Sie die B\u00e4lle auf das Spielbrett, dann haben Sie ca. 30 Sekunden Zeit, um so viele Punkte wie m\u00f6glich zu erzielen.<br \/>Lustige Ger\u00e4uscheffekte, die Sie kr\u00e4ftig anfeuern. LCD-Anzeigetafel mit 30 Sekunden Countdown, Punktzahl werden analog angezeigt.<br \/>Automatische Ballr\u00fcckgabe, sodass Sie schneller werfen k\u00f6nnen. Leicht und tragbar, Sie k\u00f6nnen Ihr Spiel \u00fcberall auf den Boden oder auf einen Tisch stellen und spielen.<br \/>Faltbare St\u00fctzen, um das Spiel platzsparend zu verstauen.<\/p>\n<p>Inhalt: 1x Skee-Ball-Spiel mit LCD-Bildschirm,&nbsp;2x B\u00e4lle.<br \/>Altersempfehlung: ab 6 Jahre.<br \/>Material: Kunststoff&nbsp;<br \/>Verpackung: ca. 30,20 x 45,40 x 10,00 cm<br \/>Stromversorgung:&nbsp;3 x LR06-Batterie&nbsp;(nicht im Lieferumfang enthalten)<\/p>\n<p>Achtung: Nicht f\u00fcr Kinder unter 36 Monaten geeignet wegen verschluckbarer Kleinteile, Erstickungsgefahr.<\/p>\n<p style=\"margin-bottom: 0cm\">&nbsp;<\/p>\n<p style=\"margin-bottom: 0cm\">Hinweis zur Entsorgung von Altbatterien<\/p>\n<p>Der nachfolgende Hinweis richtet sich an diejenigen, die Batterien oder Produkte mit eingebauten Batterien nutzen und in der an sie gelieferten Form nicht mehr weiterver\u00e4u\u00dfern (Endnutzer):<\/p>\n<p>1. Unentgeltliche R\u00fccknahme von Altbatterien<\/p>\n<p>Batterien d\u00fcrfen nicht \u00fcber den Hausm\u00fcll entsorgt werden. Sie sind zur R\u00fcckgabe von Altbatterien gesetzlich verpflichtet, damit eine fachgerechte Entsorgung gew\u00e4hrleistet werden kann. Sie k\u00f6nnen Altbatterien an einer kommunalen Sammelstelle oder im Handel vor Ort abgeben. Auch wir sind als Vertreiber von Batterien zur R\u00fccknahme von Altbatterien verpflichtet, wobei sich unsere R\u00fccknahmeverpflichtung auf Altbatterien der Art beschr\u00e4nkt, die wir als Neubatterien in unserem Sortiment f\u00fchren oder gef\u00fchrt haben. Altbatterien vorgenannter Art k\u00f6nnen Sie daher entweder ausreichend frankiert an uns zur\u00fccksenden oder sie direkt an unserem Versandlager unter der im Impressum genannten Adresse unentgeltlich abgeben.<\/p>\n<p>2. Bedeutung der Batteriesymbole<\/p>\n<p>Batterien sind mit dem Symbol einer durchgekreuzten M\u00fclltonne gekennzeichnet. Dieses Symbol weist darauf hin, dass Batterien nicht in den Hausm\u00fcll gegeben werden d\u00fcrfen. Bei Batterien, die mehr als 0,0005 Masseprozent Quecksilber, mehr als 0,002 Masseprozent Cadmium oder mehr als 0,004 Masseprozent Blei enthalten, befindet sich unter dem M\u00fclltonnen-Symbol die chemische Bezeichnung des jeweils eingesetzten Schadstoffes \u2013 dabei steht &#8222;Cd&#8220; f\u00fcr Cadmium, &#8222;Pb&#8220; steht f\u00fcr Blei, und &#8222;Hg&#8220; f\u00fcr Quecksilber.<\/p>\n<p style=\"margin-bottom: 0cm\">&nbsp;<\/p>\n","protected":false},"excerpt":{"rendered":"<p>Die Mario Kart-Version des ber\u00fchmten Geschicklichkeitsspiels! Werfen Sie die B\u00e4lle auf das Spielbrett, dann haben Sie ca. 30 Sekunden Zeit, um so viele Punkte wie m\u00f6glich zu erzielen.<\/p>\n","protected":false},"featured_media":15998,"comment_status":"closed","ping_status":"open","template":"","meta":[],"product_brand":[],"product_cat":[488],"product_tag":[],"class_list":{"0":"post-15997","1":"product","2":"type-product","3":"status-publish","4":"has-post-thumbnail","6":"product_cat-geschicklichkeitsspiele","8":"first","9":"instock","10":"shipping-taxable","11":"purchasable","12":"product-type-simple"},"_links":{"self":[{"href":"https:\/\/9play.de\/shop\/wp-json\/wp\/v2\/product\/15997","targetHints":{"allow":["GET"]}}],"collection":[{"href":"https:\/\/9play.de\/shop\/wp-json\/wp\/v2\/product"}],"about":[{"href":"https:\/\/9play.de\/shop\/wp-json\/wp\/v2\/types\/product"}],"replies":[{"embeddable":true,"href":"https:\/\/9play.de\/shop\/wp-json\/wp\/v2\/comments?post=15997"}],"wp:featuredmedia":[{"embeddable":true,"href":"https:\/\/9play.de\/shop\/wp-json\/wp\/v2\/media\/15998"}],"wp:attachment":[{"href":"https:\/\/9play.de\/shop\/wp-json\/wp\/v2\/media?parent=15997"}],"wp:term":[{"taxonomy":"product_brand","embeddable":true,"href":"https:\/\/9play.de\/shop\/wp-json\/wp\/v2\/product_brand?post=15997"},{"taxonomy":"product_cat","embeddable":true,"href":"https:\/\/9play.de\/shop\/wp-json\/wp\/v2\/product_cat?post=15997"},{"taxonomy":"product_tag","embeddable":true,"href":"https:\/\/9play.de\/shop\/wp-json\/wp\/v2\/product_tag?post=15997"}],"curies":[{"name":"wp","href":"https:\/\/api.w.org\/{rel}","templated":true}]}}