{"id":16002,"date":"2024-10-06T18:10:12","date_gmt":"2024-10-06T16:10:12","guid":{"rendered":"https:\/\/9play.de\/shop\/produkt\/magnetische-brettspiele-set\/"},"modified":"2024-10-06T18:10:30","modified_gmt":"2024-10-06T16:10:30","slug":"magnetische-brettspiele-set","status":"publish","type":"product","link":"https:\/\/9play.de\/shop\/produkt\/magnetische-brettspiele-set\/","title":{"rendered":"Magnetische Brettspiele &#8211; Set"},"content":{"rendered":"<p>Die magnetische Version deiner 8 beliebtesten Brettspiele aller Zeiten. Insgesamt 8 Spiele, inklusive Schach, Dame, Neun-M\u00e4nner-Morris-Spiel, Schlangen und Leitern, G\u00e4nse-Spiel, Ludo-Spiel, chinesische Dame und Backgammon. Magnetisch mit einem starken Magneten kann jedes Teil am magnetischen Spielbrett haften bleiben. Durch den hervorragenden Griff k\u00f6nnen Sie die Position der Spielsteine beibehalten, wenn Sie das Spielbrett bewegen m\u00fcssen oder wenn sich der Tisch bewegt. Klassisches und elegantes Schachbrettspiel f\u00fcr einfache Einrichtung und Verwendung. Faltbares Spielbrett zum Zusammenklappen. Bequem, um das Spiel aufzubewahren oder auf eine Reise mitzunehmen.<\/p>\n<p>2 bis 6 Spielern nutzbar.&nbsp;<br \/>Inhalt: 1x magnetisches Spielbrett, 3x doppelseitige Spielkarten, 5x W\u00fcrfel, 32x Schachfiguren, 30x Dame-Bauern und 34x farbige Bauern.<br \/>Altersempfehlung: ab 7 Jahre.<br \/>Material: Karton, Kunststoff&nbsp;<br \/>Gr\u00f6\u00dfe des entfalteten Spiels ca. 32 x 2 x 32 cm.<br \/>Gr\u00f6\u00dfe des gefalteten Spiels ca. 32 x 4 x 16 cm.<br \/>&nbsp;<\/p>\n<p>Achtung: Nicht f\u00fcr Kinder unter 36 Monaten geeignet wegen verschluckbarer Kleinteile, Erstickungsgefahr.<\/p>\n","protected":false},"excerpt":{"rendered":"<p>Die magnetische Version deiner 8 beliebtesten Brettspiele aller Zeiten. Insgesamt 8 Spiele, inklusive Schach, Dame, Neun-M\u00e4nner-Morris-Spiel, Schlangen und Leitern, G\u00e4nse-Spiel, Ludo-Spiel, chinesische Dame und Backgammon.<\/p>\n","protected":false},"featured_media":16003,"comment_status":"closed","ping_status":"open","template":"","meta":[],"product_brand":[],"product_cat":[474],"product_tag":[],"class_list":{"0":"post-16002","1":"product","2":"type-product","3":"status-publish","4":"has-post-thumbnail","6":"product_cat-brettspiele","8":"first","9":"instock","10":"shipping-taxable","11":"purchasable","12":"product-type-simple"},"_links":{"self":[{"href":"https:\/\/9play.de\/shop\/wp-json\/wp\/v2\/product\/16002","targetHints":{"allow":["GET"]}}],"collection":[{"href":"https:\/\/9play.de\/shop\/wp-json\/wp\/v2\/product"}],"about":[{"href":"https:\/\/9play.de\/shop\/wp-json\/wp\/v2\/types\/product"}],"replies":[{"embeddable":true,"href":"https:\/\/9play.de\/shop\/wp-json\/wp\/v2\/comments?post=16002"}],"wp:featuredmedia":[{"embeddable":true,"href":"https:\/\/9play.de\/shop\/wp-json\/wp\/v2\/media\/16003"}],"wp:attachment":[{"href":"https:\/\/9play.de\/shop\/wp-json\/wp\/v2\/media?parent=16002"}],"wp:term":[{"taxonomy":"product_brand","embeddable":true,"href":"https:\/\/9play.de\/shop\/wp-json\/wp\/v2\/product_brand?post=16002"},{"taxonomy":"product_cat","embeddable":true,"href":"https:\/\/9play.de\/shop\/wp-json\/wp\/v2\/product_cat?post=16002"},{"taxonomy":"product_tag","embeddable":true,"href":"https:\/\/9play.de\/shop\/wp-json\/wp\/v2\/product_tag?post=16002"}],"curies":[{"name":"wp","href":"https:\/\/api.w.org\/{rel}","templated":true}]}}