{"id":16022,"date":"2024-10-06T18:10:12","date_gmt":"2024-10-06T16:10:12","guid":{"rendered":"https:\/\/9play.de\/shop\/produkt\/paw-patrol-meine-erste-gitarre-21-53cm\/"},"modified":"2024-10-06T18:10:43","modified_gmt":"2024-10-06T16:10:43","slug":"paw-patrol-meine-erste-gitarre-21-53cm","status":"publish","type":"product","link":"https:\/\/9play.de\/shop\/produkt\/paw-patrol-meine-erste-gitarre-21-53cm\/","title":{"rendered":"Paw Patrol Meine erste Gitarre 21&#8220; \/ 53cm"},"content":{"rendered":"<p>Kleine Paw Patrol Gitarre mit einem sehr sch\u00f6nen Design.<br \/>Produkt optimal nutzbar um Musik zu entdecken und dabei Spa\u00df zu haben.<br \/>Nutzung auch gut f\u00fcr den ersten Gitarrenunterricht geeignet.<br \/>Produktgr\u00f6\u00dfe von ca. 53cm (L). Material aus Plastik mit 6 Nylonschn\u00fcren.<br \/>Stimmen der Gitarre individuell m\u00f6glich (Stimmger\u00e4t nicht im Lieferumfang enthalten).<\/p>\n<p>Inhalt: 1 Gitarre, 1 Lernanleitung<br \/>Gr\u00f6\u00dfe: ca. 52,9 x 17,8 x 5,7 cm<br \/>Material: Kunststoff<br \/>Altersempfehlung: ab 3 Jahren.<\/p>\n<p>Achtung: Nicht f\u00fcr Kinder unter 36 Monaten geeignet wegen verschluckbarer Kleinteile, Erstickungsgefahr.<\/p>\n","protected":false},"excerpt":{"rendered":"<p>Kleine Paw Patrol Gitarre mit einem sehr sch\u00f6nen Design. Produkt optimal nutzbar um Musik zu entdecken und dabei Spa\u00df zu haben.<\/p>\n","protected":false},"featured_media":16023,"comment_status":"closed","ping_status":"open","template":"","meta":[],"product_brand":[],"product_cat":[496],"product_tag":[],"class_list":{"0":"post-16022","1":"product","2":"type-product","3":"status-publish","4":"has-post-thumbnail","6":"product_cat-musik-klang","8":"first","9":"instock","10":"shipping-taxable","11":"purchasable","12":"product-type-simple"},"_links":{"self":[{"href":"https:\/\/9play.de\/shop\/wp-json\/wp\/v2\/product\/16022","targetHints":{"allow":["GET"]}}],"collection":[{"href":"https:\/\/9play.de\/shop\/wp-json\/wp\/v2\/product"}],"about":[{"href":"https:\/\/9play.de\/shop\/wp-json\/wp\/v2\/types\/product"}],"replies":[{"embeddable":true,"href":"https:\/\/9play.de\/shop\/wp-json\/wp\/v2\/comments?post=16022"}],"wp:featuredmedia":[{"embeddable":true,"href":"https:\/\/9play.de\/shop\/wp-json\/wp\/v2\/media\/16023"}],"wp:attachment":[{"href":"https:\/\/9play.de\/shop\/wp-json\/wp\/v2\/media?parent=16022"}],"wp:term":[{"taxonomy":"product_brand","embeddable":true,"href":"https:\/\/9play.de\/shop\/wp-json\/wp\/v2\/product_brand?post=16022"},{"taxonomy":"product_cat","embeddable":true,"href":"https:\/\/9play.de\/shop\/wp-json\/wp\/v2\/product_cat?post=16022"},{"taxonomy":"product_tag","embeddable":true,"href":"https:\/\/9play.de\/shop\/wp-json\/wp\/v2\/product_tag?post=16022"}],"curies":[{"name":"wp","href":"https:\/\/api.w.org\/{rel}","templated":true}]}}