{"id":16036,"date":"2024-10-06T18:10:12","date_gmt":"2024-10-06T16:10:12","guid":{"rendered":"https:\/\/9play.de\/shop\/produkt\/musikinstrumente-disney-die-eiskoenigin-musikset-elsa-anna\/"},"modified":"2024-10-06T18:10:53","modified_gmt":"2024-10-06T16:10:53","slug":"musikinstrumente-disney-die-eiskoenigin-musikset-elsa-anna","status":"publish","type":"product","link":"https:\/\/9play.de\/shop\/produkt\/musikinstrumente-disney-die-eiskoenigin-musikset-elsa-anna\/","title":{"rendered":"Musikinstrumente Disney Die Eisk\u00f6nigin Musikset Elsa Anna"},"content":{"rendered":"<p>Disney Die Eisk\u00f6nigin komplettes Musikset. Perfekt, um mit dem Musizieren zu beginnen Eine tolle gro\u00dfe Trommel im Lieferumfang enthalten. Zum verstauen und tragen der anderen Instrumente. Trommel mit Tragegurt inbegriffen.<\/p>\n<p>Inhalt: Castanet, Mundharmonika, Blockfl\u00f6te, Trompete, Kleines Tamburin, Schlagst\u00f6cke, Trommel, Maracas.<br \/>Altersempfehlung: ab 3 Jahre.<br \/>Gr\u00f6\u00dfe:ca. 28 x 12 x 27,2 cm<br \/>Material: Kunststoff<\/p>\n<p>Achtung: Nicht f\u00fcr Kinder unter 36 Monaten geeignet wegen verschluckbarer Kleinteile, Erstickungsgefahr.<\/p>\n","protected":false},"excerpt":{"rendered":"<p>Disney Die Eisk\u00f6nigin komplettes Musikset. Perfekt, um mit dem Musizieren zu beginnen Eine tolle gro\u00dfe Trommel im Lieferumfang enthalten.<\/p>\n","protected":false},"featured_media":16037,"comment_status":"closed","ping_status":"open","template":"","meta":[],"product_brand":[],"product_cat":[496],"product_tag":[],"class_list":{"0":"post-16036","1":"product","2":"type-product","3":"status-publish","4":"has-post-thumbnail","6":"product_cat-musik-klang","8":"first","9":"instock","10":"shipping-taxable","11":"purchasable","12":"product-type-simple"},"_links":{"self":[{"href":"https:\/\/9play.de\/shop\/wp-json\/wp\/v2\/product\/16036","targetHints":{"allow":["GET"]}}],"collection":[{"href":"https:\/\/9play.de\/shop\/wp-json\/wp\/v2\/product"}],"about":[{"href":"https:\/\/9play.de\/shop\/wp-json\/wp\/v2\/types\/product"}],"replies":[{"embeddable":true,"href":"https:\/\/9play.de\/shop\/wp-json\/wp\/v2\/comments?post=16036"}],"wp:featuredmedia":[{"embeddable":true,"href":"https:\/\/9play.de\/shop\/wp-json\/wp\/v2\/media\/16037"}],"wp:attachment":[{"href":"https:\/\/9play.de\/shop\/wp-json\/wp\/v2\/media?parent=16036"}],"wp:term":[{"taxonomy":"product_brand","embeddable":true,"href":"https:\/\/9play.de\/shop\/wp-json\/wp\/v2\/product_brand?post=16036"},{"taxonomy":"product_cat","embeddable":true,"href":"https:\/\/9play.de\/shop\/wp-json\/wp\/v2\/product_cat?post=16036"},{"taxonomy":"product_tag","embeddable":true,"href":"https:\/\/9play.de\/shop\/wp-json\/wp\/v2\/product_tag?post=16036"}],"curies":[{"name":"wp","href":"https:\/\/api.w.org\/{rel}","templated":true}]}}