{"id":16079,"date":"2024-10-06T18:11:17","date_gmt":"2024-10-06T16:11:17","guid":{"rendered":"https:\/\/9play.de\/shop\/produkt\/karaoke-mikrofon-mit-eingebautem-lautsprecher-disney-die-eiskoenigin\/"},"modified":"2024-10-06T18:11:20","modified_gmt":"2024-10-06T16:11:20","slug":"karaoke-mikrofon-mit-eingebautem-lautsprecher-disney-die-eiskoenigin","status":"publish","type":"product","link":"https:\/\/9play.de\/shop\/produkt\/karaoke-mikrofon-mit-eingebautem-lautsprecher-disney-die-eiskoenigin\/","title":{"rendered":"Karaoke Mikrofon mit eingebautem Lautsprecher Disney Die Eisk\u00f6nigin"},"content":{"rendered":"<p>Das drahtlose Mikrofon mit integriertem Bluetooth-Lautsprecher, um wie ein Star zu singen und zu tanzen!<br \/>Funktioniert kabellos mit allen g\u00e4ngigen Bluetooth\u00ae-f\u00e4higen Ger\u00e4ten. Mikrofon-Lautst\u00e4rke-Regelung und Echo f\u00fcr sch\u00f6ne Stimmeffekte.<br \/>Ver\u00e4ndern Sie Ihre Stimme f\u00fcr Stunden voller Spielspa\u00df. Dr\u00fccken Sie die Taste um zwischen 3 verschiedenen Stimmen zu w\u00e4hlen&#8230; eine Stimme mit Echo, hohe feminine Stimme und tiefe maskuline Stimme. 3W Lautsprecher f\u00fcr einen hochwertigen Klang und eingebautem Akku f\u00fcr ca. 4 Stunden ununterbrochende Musikspielzeit.<br \/>Ausziehbarer Telefonhalter im Lieferumfang enthalten.<\/p>\n<p>Mikrofon mit 3 Stimmeinstellungen (Echo, feminin, maskulin), Bluetooth, Inkl. Smartphonehalter &nbsp;<br \/>Altersempfehlung: ab 3 Jahre.<br \/>Material: Kunststof&nbsp;<br \/>Gr\u00f6\u00dfe: ca. 8,5 x 8,5 x 23 cm<br \/>Stromversorgung: Akku ca. 4h Laufzeit<\/p>\n<p>Achtung: Nicht f\u00fcr Kinder unter 36 Monaten geeignet wegen verschluckbarer Kleinteile, Erstickungsgefahr.<\/p>\n<p style=\"margin-bottom: 0cm\">&nbsp;<\/p>\n<p style=\"margin-bottom: 0cm\">Hinweis zur Entsorgung von Altbatterien<\/p>\n<p>Der nachfolgende Hinweis richtet sich an diejenigen, die Batterien oder Produkte mit eingebauten Batterien nutzen und in der an sie gelieferten Form nicht mehr weiterver\u00e4u\u00dfern (Endnutzer):<\/p>\n<p>1. Unentgeltliche R\u00fccknahme von Altbatterien<\/p>\n<p>Batterien d\u00fcrfen nicht \u00fcber den Hausm\u00fcll entsorgt werden. Sie sind zur R\u00fcckgabe von Altbatterien gesetzlich verpflichtet, damit eine fachgerechte Entsorgung gew\u00e4hrleistet werden kann. Sie k\u00f6nnen Altbatterien an einer kommunalen Sammelstelle oder im Handel vor Ort abgeben. Auch wir sind als Vertreiber von Batterien zur R\u00fccknahme von Altbatterien verpflichtet, wobei sich unsere R\u00fccknahmeverpflichtung auf Altbatterien der Art beschr\u00e4nkt, die wir als Neubatterien in unserem Sortiment f\u00fchren oder gef\u00fchrt haben. Altbatterien vorgenannter Art k\u00f6nnen Sie daher entweder ausreichend frankiert an uns zur\u00fccksenden oder sie direkt an unserem Versandlager unter der im Impressum genannten Adresse unentgeltlich abgeben.<\/p>\n<p>2. Bedeutung der Batteriesymbole<\/p>\n<p>Batterien sind mit dem Symbol einer durchgekreuzten M\u00fclltonne gekennzeichnet. Dieses Symbol weist darauf hin, dass Batterien nicht in den Hausm\u00fcll gegeben werden d\u00fcrfen. Bei Batterien, die mehr als 0,0005 Masseprozent Quecksilber, mehr als 0,002 Masseprozent Cadmium oder mehr als 0,004 Masseprozent Blei enthalten, befindet sich unter dem M\u00fclltonnen-Symbol die chemische Bezeichnung des jeweils eingesetzten Schadstoffes \u2013 dabei steht &#8222;Cd&#8220; f\u00fcr Cadmium, &#8222;Pb&#8220; steht f\u00fcr Blei, und &#8222;Hg&#8220; f\u00fcr Quecksilber.<\/p>\n","protected":false},"excerpt":{"rendered":"<p>Das drahtlose Mikrofon mit integriertem Bluetooth-Lautsprecher, um wie ein Star zu singen und zu tanzen!<\/p>\n","protected":false},"featured_media":16080,"comment_status":"closed","ping_status":"open","template":"","meta":[],"product_brand":[],"product_cat":[500],"product_tag":[],"class_list":{"0":"post-16079","1":"product","2":"type-product","3":"status-publish","4":"has-post-thumbnail","6":"product_cat-karaoke-musik","8":"first","9":"instock","10":"shipping-taxable","11":"purchasable","12":"product-type-simple"},"_links":{"self":[{"href":"https:\/\/9play.de\/shop\/wp-json\/wp\/v2\/product\/16079","targetHints":{"allow":["GET"]}}],"collection":[{"href":"https:\/\/9play.de\/shop\/wp-json\/wp\/v2\/product"}],"about":[{"href":"https:\/\/9play.de\/shop\/wp-json\/wp\/v2\/types\/product"}],"replies":[{"embeddable":true,"href":"https:\/\/9play.de\/shop\/wp-json\/wp\/v2\/comments?post=16079"}],"wp:featuredmedia":[{"embeddable":true,"href":"https:\/\/9play.de\/shop\/wp-json\/wp\/v2\/media\/16080"}],"wp:attachment":[{"href":"https:\/\/9play.de\/shop\/wp-json\/wp\/v2\/media?parent=16079"}],"wp:term":[{"taxonomy":"product_brand","embeddable":true,"href":"https:\/\/9play.de\/shop\/wp-json\/wp\/v2\/product_brand?post=16079"},{"taxonomy":"product_cat","embeddable":true,"href":"https:\/\/9play.de\/shop\/wp-json\/wp\/v2\/product_cat?post=16079"},{"taxonomy":"product_tag","embeddable":true,"href":"https:\/\/9play.de\/shop\/wp-json\/wp\/v2\/product_tag?post=16079"}],"curies":[{"name":"wp","href":"https:\/\/api.w.org\/{rel}","templated":true}]}}