{"id":16104,"date":"2024-10-06T18:11:17","date_gmt":"2024-10-06T16:11:17","guid":{"rendered":"https:\/\/9play.de\/shop\/produkt\/wiederaufladbares-und-programmierbares-funkgesteuertes-stunt-auto\/"},"modified":"2024-10-06T18:11:38","modified_gmt":"2024-10-06T16:11:38","slug":"wiederaufladbares-und-programmierbares-funkgesteuertes-stunt-auto","status":"publish","type":"product","link":"https:\/\/9play.de\/shop\/produkt\/wiederaufladbares-und-programmierbares-funkgesteuertes-stunt-auto\/","title":{"rendered":"Wiederaufladbares und programmierbares funkgesteuertes Stunt Auto"},"content":{"rendered":"<p>Ein erstaunliches 360\u00b0 Stuntauto! Legen Sie die Fernbedienung wie eine Uhr an Ihr Handgelenk&#8230; und los geht&#8217;s!<br \/>4 R\u00e4der, die sich um 360 Grad bewegen, um verr\u00fcckte Bewegungen zu erzeugen. Einstellbares Armband f\u00fcr die optimale Steuerung.<br \/>Programmierbares Auto wiederholt die von Ihnen ausge\u00fcbten Bewegungen.<br \/>Erstaunlicher Lichteffekt auf dem Auto.<br \/>Akku und Micro-USB-Kabel im Lieferumfang enthalten.<\/p>\n<p>Altersempfehlung: ab 6 Jahre.<br \/>Material: Kunststoff&nbsp;<br \/>Verpakung: ca. 22.5 x 33.8 x 10.1 cm<br \/>Stromversorgung: Akku &#8211;&nbsp;Micro-USB-Kabel im Lieferumfang enthalten + 2x&nbsp;LR03\/AAA 1.5V (im Lieferumfang nicht enthalten)<br \/>Ladezeit: ca. 40 Minuten.<br \/>Spielzeit: ca.&nbsp;320 Minuten.<br \/>Geschwindigkeit: ca. 10-12 km\/h.<br \/>Frequenz von 2.4 Ghz.&nbsp;<\/p>\n<p style=\"margin-bottom: 0cm\">&nbsp;<\/p>\n<p style=\"margin-bottom: 0cm\">Achtung:&nbsp;Nicht im Stra\u00dfenverkehr zu verwenden. Benutzung unter unmittelbarer Aufsicht von Erwachsenen.<\/p>\n<p style=\"margin-bottom: 0cm\">&nbsp;<\/p>\n<p style=\"margin-bottom: 0cm\">Hinweis zur Entsorgung von Altbatterien<\/p>\n<p>Der nachfolgende Hinweis richtet sich an diejenigen, die Batterien oder Produkte mit eingebauten Batterien nutzen und in der an sie gelieferten Form nicht mehr weiterver\u00e4u\u00dfern (Endnutzer):<\/p>\n<p>1. Unentgeltliche R\u00fccknahme von Altbatterien<\/p>\n<p>Batterien d\u00fcrfen nicht \u00fcber den Hausm\u00fcll entsorgt werden. Sie sind zur R\u00fcckgabe von Altbatterien gesetzlich verpflichtet, damit eine fachgerechte Entsorgung gew\u00e4hrleistet werden kann. Sie k\u00f6nnen Altbatterien an einer kommunalen Sammelstelle oder im Handel vor Ort abgeben. Auch wir sind als Vertreiber von Batterien zur R\u00fccknahme von Altbatterien verpflichtet, wobei sich unsere R\u00fccknahmeverpflichtung auf Altbatterien der Art beschr\u00e4nkt, die wir als Neubatterien in unserem Sortiment f\u00fchren oder gef\u00fchrt haben. Altbatterien vorgenannter Art k\u00f6nnen Sie daher entweder ausreichend frankiert an uns zur\u00fccksenden oder sie direkt an unserem Versandlager unter der im Impressum genannten Adresse unentgeltlich abgeben.<\/p>\n<p>2. Bedeutung der Batteriesymbole<\/p>\n<p>Batterien sind mit dem Symbol einer durchgekreuzten M\u00fclltonne gekennzeichnet. Dieses Symbol weist darauf hin, dass Batterien nicht in den Hausm\u00fcll gegeben werden d\u00fcrfen. Bei Batterien, die mehr als 0,0005 Masseprozent Quecksilber, mehr als 0,002 Masseprozent Cadmium oder mehr als 0,004 Masseprozent Blei enthalten, befindet sich unter dem M\u00fclltonnen-Symbol die chemische Bezeichnung des jeweils eingesetzten Schadstoffes \u2013 dabei steht &#8222;Cd&#8220; f\u00fcr Cadmium, &#8222;Pb&#8220; steht f\u00fcr Blei, und &#8222;Hg&#8220; f\u00fcr Quecksilber.<\/p>\n","protected":false},"excerpt":{"rendered":"<p>Ein erstaunliches 360\u00b0 Stuntauto! Legen Sie die Fernbedienung wie eine Uhr an Ihr Handgelenk.<\/p>\n","protected":false},"featured_media":16105,"comment_status":"closed","ping_status":"open","template":"","meta":[],"product_brand":[],"product_cat":[502],"product_tag":[],"class_list":{"0":"post-16104","1":"product","2":"type-product","3":"status-publish","4":"has-post-thumbnail","6":"product_cat-fahr-flugzeuge","8":"first","9":"instock","10":"shipping-taxable","11":"purchasable","12":"product-type-simple"},"_links":{"self":[{"href":"https:\/\/9play.de\/shop\/wp-json\/wp\/v2\/product\/16104","targetHints":{"allow":["GET"]}}],"collection":[{"href":"https:\/\/9play.de\/shop\/wp-json\/wp\/v2\/product"}],"about":[{"href":"https:\/\/9play.de\/shop\/wp-json\/wp\/v2\/types\/product"}],"replies":[{"embeddable":true,"href":"https:\/\/9play.de\/shop\/wp-json\/wp\/v2\/comments?post=16104"}],"wp:featuredmedia":[{"embeddable":true,"href":"https:\/\/9play.de\/shop\/wp-json\/wp\/v2\/media\/16105"}],"wp:attachment":[{"href":"https:\/\/9play.de\/shop\/wp-json\/wp\/v2\/media?parent=16104"}],"wp:term":[{"taxonomy":"product_brand","embeddable":true,"href":"https:\/\/9play.de\/shop\/wp-json\/wp\/v2\/product_brand?post=16104"},{"taxonomy":"product_cat","embeddable":true,"href":"https:\/\/9play.de\/shop\/wp-json\/wp\/v2\/product_cat?post=16104"},{"taxonomy":"product_tag","embeddable":true,"href":"https:\/\/9play.de\/shop\/wp-json\/wp\/v2\/product_tag?post=16104"}],"curies":[{"name":"wp","href":"https:\/\/api.w.org\/{rel}","templated":true}]}}