{"id":16144,"date":"2024-10-06T18:11:17","date_gmt":"2024-10-06T16:11:17","guid":{"rendered":"https:\/\/9play.de\/shop\/produkt\/einhorn-roboter-mit-licht-soundeffekten-und-sprachwiederholung\/"},"modified":"2024-10-06T18:12:01","modified_gmt":"2024-10-06T16:12:01","slug":"einhorn-roboter-mit-licht-soundeffekten-und-sprachwiederholung","status":"publish","type":"product","link":"https:\/\/9play.de\/shop\/produkt\/einhorn-roboter-mit-licht-soundeffekten-und-sprachwiederholung\/","title":{"rendered":"Einhorn Roboter mit Licht Soundeffekten und Sprachwiederholung"},"content":{"rendered":"<p>Dieses entz\u00fcckende, kompakte Wesen ist mit einer Vielzahl von Funktionen ausgestattet, die Kindern und Erwachsenen gleicherma\u00dfen Freude bereiten werden.<br \/>Mit einer Gr\u00f6\u00dfe von ca. 11 \u00d7 13 \u00d7 7 cm ist unser Roboter Einhorn perfekt zum Spielen, Dekorieren und als Begleiter f\u00fcr unterwegs geeignet. Es passt problemlos in kleine H\u00e4nde und kann \u00fcberall hin mitgenommen werden.<br \/>Mit sanften und lebendigen Lichteffekten zieht es garantiert alle Blicke auf sich.<br \/>Um das Erlebnis zu verst\u00e4rken, sind im Roboter Einhorn auch Soundeffekte integriert.<br \/>Ein weiteres Highlight des Roboter Einhorns ist die Sprachwiederholungsfunktion. Es kann Ihre Worte aufnehmen und sie mit seiner lieblichen Stimme wiederholen. Dies sorgt f\u00fcr endlose Unterhaltung und f\u00f6rdert die Sprachentwicklung bei Kindern.<br \/>Unser Roboter Einhorn wird mit 2 AAA-Batterien betrieben, die nicht im Lieferumfang enthalten sind. Sie bieten eine lang anhaltende Energieversorgung und erm\u00f6glichen stundenlangen Spielspa\u00df.<br \/>Egal, ob als Geschenk f\u00fcr Kinder oder als niedliches Accessoire f\u00fcr Einhornliebhaber jeden Alters \u2013 der Roboter Einhorn mit Licht-, Soundeffekten und Sprachwiederholung ist ein bezauberndes und vielseitiges Produkt.&nbsp;<\/p>\n<p>Einfache Bedienung durch Drehen des Kopfes nach vorne, in die Mitte oder nach hinten. Der Roboter bewegt sich in die richtige Richtung je nach Anweisung. Tolle Ton- und Lichteffekte. 3 Spielmodi m\u00f6glich.1) Vorw\u00e4rts: Karaoke-Modus.<br \/>2) Kopf in der Mitte: Das Tier steht still.<br \/>3) Kopf zur\u00fcck: Es reagiert auf Klatschen&#8230; 1x Klatschen = vorw\u00e4rts, 2x Klatschen = r\u00fcckw\u00e4rts, 3x Klatschen = Tanzmodus.<\/p>\n<p>Altersempfehlung: ab 3 Jahre.<br \/>Material: Kunststoff&nbsp;<br \/>Gr\u00f6\u00dfe: ca. 11 \u00d7 13 \u00d7 7 cm<br \/>Stromversorgung mit 2 AAA-Batterien (nicht im Lieferumfang enthalten)<\/p>\n<p>Achtung: Nicht f\u00fcr Kinder unter 36 Monaten geeignet wegen verschluckbarer Kleinteile, Erstickungsgefahr.<\/p>\n<p style=\"margin-bottom: 0cm\">&nbsp;<\/p>\n<p style=\"margin-bottom: 0cm\">Hinweis zur Entsorgung von Altbatterien<\/p>\n<p>Der nachfolgende Hinweis richtet sich an diejenigen, die Batterien oder Produkte mit eingebauten Batterien nutzen und in der an sie gelieferten Form nicht mehr weiterver\u00e4u\u00dfern (Endnutzer):<\/p>\n<p>1. Unentgeltliche R\u00fccknahme von Altbatterien<\/p>\n<p>Batterien d\u00fcrfen nicht \u00fcber den Hausm\u00fcll entsorgt werden. Sie sind zur R\u00fcckgabe von Altbatterien gesetzlich verpflichtet, damit eine fachgerechte Entsorgung gew\u00e4hrleistet werden kann. Sie k\u00f6nnen Altbatterien an einer kommunalen Sammelstelle oder im Handel vor Ort abgeben. Auch wir sind als Vertreiber von Batterien zur R\u00fccknahme von Altbatterien verpflichtet, wobei sich unsere R\u00fccknahmeverpflichtung auf Altbatterien der Art beschr\u00e4nkt, die wir als Neubatterien in unserem Sortiment f\u00fchren oder gef\u00fchrt haben. Altbatterien vorgenannter Art k\u00f6nnen Sie daher entweder ausreichend frankiert an uns zur\u00fccksenden oder sie direkt an unserem Versandlager unter der im Impressum genannten Adresse unentgeltlich abgeben.<\/p>\n<p>2. Bedeutung der Batteriesymbole<\/p>\n<p>Batterien sind mit dem Symbol einer durchgekreuzten M\u00fclltonne gekennzeichnet. Dieses Symbol weist darauf hin, dass Batterien nicht in den Hausm\u00fcll gegeben werden d\u00fcrfen. Bei Batterien, die mehr als 0,0005 Masseprozent Quecksilber, mehr als 0,002 Masseprozent Cadmium oder mehr als 0,004 Masseprozent Blei enthalten, befindet sich unter dem M\u00fclltonnen-Symbol die chemische Bezeichnung des jeweils eingesetzten Schadstoffes \u2013 dabei steht &#8222;Cd&#8220; f\u00fcr Cadmium, &#8222;Pb&#8220; steht f\u00fcr Blei, und &#8222;Hg&#8220; f\u00fcr Quecksilber.<\/p>\n","protected":false},"excerpt":{"rendered":"<p>Der Roboter Einhorn mit Licht-, Soundeffekten und Sprachwiederholung ist ein bezauberndes und vielseitiges Produkt.<\/p>\n","protected":false},"featured_media":16145,"comment_status":"closed","ping_status":"open","template":"","meta":[],"product_brand":[],"product_cat":[498],"product_tag":[],"class_list":{"0":"post-16144","1":"product","2":"type-product","3":"status-publish","4":"has-post-thumbnail","6":"product_cat-roboter","8":"first","9":"instock","10":"shipping-taxable","11":"purchasable","12":"product-type-simple"},"_links":{"self":[{"href":"https:\/\/9play.de\/shop\/wp-json\/wp\/v2\/product\/16144","targetHints":{"allow":["GET"]}}],"collection":[{"href":"https:\/\/9play.de\/shop\/wp-json\/wp\/v2\/product"}],"about":[{"href":"https:\/\/9play.de\/shop\/wp-json\/wp\/v2\/types\/product"}],"replies":[{"embeddable":true,"href":"https:\/\/9play.de\/shop\/wp-json\/wp\/v2\/comments?post=16144"}],"wp:featuredmedia":[{"embeddable":true,"href":"https:\/\/9play.de\/shop\/wp-json\/wp\/v2\/media\/16145"}],"wp:attachment":[{"href":"https:\/\/9play.de\/shop\/wp-json\/wp\/v2\/media?parent=16144"}],"wp:term":[{"taxonomy":"product_brand","embeddable":true,"href":"https:\/\/9play.de\/shop\/wp-json\/wp\/v2\/product_brand?post=16144"},{"taxonomy":"product_cat","embeddable":true,"href":"https:\/\/9play.de\/shop\/wp-json\/wp\/v2\/product_cat?post=16144"},{"taxonomy":"product_tag","embeddable":true,"href":"https:\/\/9play.de\/shop\/wp-json\/wp\/v2\/product_tag?post=16144"}],"curies":[{"name":"wp","href":"https:\/\/api.w.org\/{rel}","templated":true}]}}