{"id":16153,"date":"2024-10-06T18:11:17","date_gmt":"2024-10-06T16:11:17","guid":{"rendered":"https:\/\/9play.de\/shop\/produkt\/junior-sprechender-lern-roboter-powerman-mit-quiz-und-musik\/"},"modified":"2024-10-06T18:12:08","modified_gmt":"2024-10-06T16:12:08","slug":"junior-sprechender-lern-roboter-powerman-mit-quiz-und-musik","status":"publish","type":"product","link":"https:\/\/9play.de\/shop\/produkt\/junior-sprechender-lern-roboter-powerman-mit-quiz-und-musik\/","title":{"rendered":"Junior sprechender Lern Roboter POWERMAN\u00ae mit Quiz und Musik"},"content":{"rendered":"<p>\u00dcber die Fernbedienung in alle Richtungen steuerbar. Programmierfunktion zum Erstellen von Bewegungsabl\u00e4ufen und zum Erstellen neuer T\u00e4nze mit Musik. Er kann sogar Deine Gedanken lesen. Du denkst an ein Tier, POWERMAN JR. stellt Dir einige Fragen, die Du mit Ja \/ Nein- Antworten kannst, und der Powerman Jr. err\u00e4t das Tier. Wiedergabefunktion mit seiner lustigen Roboterstimme. POWERMAN JR. kann W\u00f6rter auswendig lernen und diese zu einem sp\u00e4teren Zeitpunkt wiedergeben. Produktumfang inkl. eines tollen Lern-Quiz mit vielen Tierstimmen. Erstaunliche Sound- und Lichteffekte.<\/p>\n<p>Inhalt: 1 Roboter + 1 Fernbedienung + 1 Bedienungsanleitung + 1 Explorer-Anleitung<br \/>Altersempfehlung: ab 4 Jahre.<br \/>Material: Kunststoff&nbsp;<br \/>Gr\u00f6\u00dfe: ca. 15,8 x 8,6 x 24,2 cm<br \/>Batteriebetrieb \u00fcber 3x AA Roboter und 2x AA Fernsteuerung (im Lieferumfang nicht enthalten).<\/p>\n<p>Achtung: Nicht f\u00fcr Kinder unter 36 Monaten geeignet wegen verschluckbarer Kleinteile, Erstickungsgefahr.<\/p>\n<p style=\"margin-bottom: 0cm\">Hinweis zur Entsorgung von Altbatterien<\/p>\n<p>Der nachfolgende Hinweis richtet sich an diejenigen, die Batterien oder Produkte mit eingebauten Batterien nutzen und in der an sie gelieferten Form nicht mehr weiterver\u00e4u\u00dfern (Endnutzer):<\/p>\n<p>1. Unentgeltliche R\u00fccknahme von Altbatterien<\/p>\n<p>Batterien d\u00fcrfen nicht \u00fcber den Hausm\u00fcll entsorgt werden. Sie sind zur R\u00fcckgabe von Altbatterien gesetzlich verpflichtet, damit eine fachgerechte Entsorgung gew\u00e4hrleistet werden kann. Sie k\u00f6nnen Altbatterien an einer kommunalen Sammelstelle oder im Handel vor Ort abgeben. Auch wir sind als Vertreiber von Batterien zur R\u00fccknahme von Altbatterien verpflichtet, wobei sich unsere R\u00fccknahmeverpflichtung auf Altbatterien der Art beschr\u00e4nkt, die wir als Neubatterien in unserem Sortiment f\u00fchren oder gef\u00fchrt haben. Altbatterien vorgenannter Art k\u00f6nnen Sie daher entweder ausreichend frankiert an uns zur\u00fccksenden oder sie direkt an unserem Versandlager unter der im Impressum genannten Adresse unentgeltlich abgeben.<\/p>\n<p>2. Bedeutung der Batteriesymbole<\/p>\n<p>Batterien sind mit dem Symbol einer durchgekreuzten M\u00fclltonne gekennzeichnet. Dieses Symbol weist darauf hin, dass Batterien nicht in den Hausm\u00fcll gegeben werden d\u00fcrfen. Bei Batterien, die mehr als 0,0005 Masseprozent Quecksilber, mehr als 0,002 Masseprozent Cadmium oder mehr als 0,004 Masseprozent Blei enthalten, befindet sich unter dem M\u00fclltonnen-Symbol die chemische Bezeichnung des jeweils eingesetzten Schadstoffes \u2013 dabei steht &#8222;Cd&#8220; f\u00fcr Cadmium, &#8222;Pb&#8220; steht f\u00fcr Blei, und &#8222;Hg&#8220; f\u00fcr Quecksilber.<\/p>\n","protected":false},"excerpt":{"rendered":"<p>\u00dcber die Fernbedienung in alle Richtungen steuerbar. Programmierfunktion zum Erstellen von Bewegungsabl\u00e4ufen und zum Erstellen neuer T\u00e4nze mit Musik.<\/p>\n","protected":false},"featured_media":16154,"comment_status":"closed","ping_status":"open","template":"","meta":[],"product_brand":[],"product_cat":[498],"product_tag":[],"class_list":{"0":"post-16153","1":"product","2":"type-product","3":"status-publish","4":"has-post-thumbnail","6":"product_cat-roboter","8":"first","9":"instock","10":"shipping-taxable","11":"purchasable","12":"product-type-simple"},"_links":{"self":[{"href":"https:\/\/9play.de\/shop\/wp-json\/wp\/v2\/product\/16153","targetHints":{"allow":["GET"]}}],"collection":[{"href":"https:\/\/9play.de\/shop\/wp-json\/wp\/v2\/product"}],"about":[{"href":"https:\/\/9play.de\/shop\/wp-json\/wp\/v2\/types\/product"}],"replies":[{"embeddable":true,"href":"https:\/\/9play.de\/shop\/wp-json\/wp\/v2\/comments?post=16153"}],"wp:featuredmedia":[{"embeddable":true,"href":"https:\/\/9play.de\/shop\/wp-json\/wp\/v2\/media\/16154"}],"wp:attachment":[{"href":"https:\/\/9play.de\/shop\/wp-json\/wp\/v2\/media?parent=16153"}],"wp:term":[{"taxonomy":"product_brand","embeddable":true,"href":"https:\/\/9play.de\/shop\/wp-json\/wp\/v2\/product_brand?post=16153"},{"taxonomy":"product_cat","embeddable":true,"href":"https:\/\/9play.de\/shop\/wp-json\/wp\/v2\/product_cat?post=16153"},{"taxonomy":"product_tag","embeddable":true,"href":"https:\/\/9play.de\/shop\/wp-json\/wp\/v2\/product_tag?post=16153"}],"curies":[{"name":"wp","href":"https:\/\/api.w.org\/{rel}","templated":true}]}}