{"id":16162,"date":"2024-10-06T18:11:17","date_gmt":"2024-10-06T16:11:17","guid":{"rendered":"https:\/\/9play.de\/shop\/produkt\/interaktiver-roboter-powerman-zum-lernen-und-spielen-ferngesteuert\/"},"modified":"2024-10-06T18:12:14","modified_gmt":"2024-10-06T16:12:14","slug":"interaktiver-roboter-powerman-zum-lernen-und-spielen-ferngesteuert","status":"publish","type":"product","link":"https:\/\/9play.de\/shop\/produkt\/interaktiver-roboter-powerman-zum-lernen-und-spielen-ferngesteuert\/","title":{"rendered":"Interaktiver Roboter POWERMAN zum Lernen und Spielen Ferngesteuert"},"content":{"rendered":"<p>Der POWERMAN INTERAKTIV ist ein Roboter, der spricht, tanzt, Musik abspielt und jede Menge Licht- und Soundeffekte bietet. Beantworten Sie seine lustigen und faszinierenden R\u00e4tsel \u00fcber Zahlen, Tiere, das t\u00e4gliche Leben&#8230; perfekt f\u00fcr Kinder und jeden Familienhaushalt. Entdecke die gro\u00dfartigsten Fabeln von Aesop sowie viele seiner Lieblingswitze. Er schie\u00dft auf Knopfdruck Schaumstoffscheiben ab. Dr\u00fccken Sie die Aufnahmetaste und Powerman nimmt auf, was man im sagt. Er wiederholt es sp\u00e4ter auf Wunsch mit seiner lustigen Roboterstimme. Steuere den Powerman Interaktiv mit Fernbedienung vorw\u00e4rts, r\u00fcckw\u00e4rts, nach rechts und links&#8230; er kann sich in alle Richtungen bewegen.<\/p>\n<p>Inhalt: 1x Roboter, 1x Fernbedienung, 1x Bedienungsanleitung, 9x Schaumstoffscheiben.<br \/>Altersempfehlung: ab 4 Jahre.<br \/>Material: Kunststoff&nbsp;<br \/>Gr\u00f6\u00dfe: ca.&nbsp;20,7 x 13,3 x 36,8 cm<br \/>Stromversorgung \u00fcber 5x LR6\/AA-Batterien f\u00fcr den Roboter&nbsp;und 2x LR6\/AA-Batterien f\u00fcr die Fernbedienung (nicht im Lieferumfang enthalten).<\/p>\n<p>Achtung: Nicht f\u00fcr Kinder unter 36 Monaten geeignet wegen verschluckbarer Kleinteile, Erstickungsgefahr.<\/p>\n<p style=\"margin-bottom: 0cm\">Hinweis zur Entsorgung von Altbatterien<\/p>\n<p>Der nachfolgende Hinweis richtet sich an diejenigen, die Batterien oder Produkte mit eingebauten Batterien nutzen und in der an sie gelieferten Form nicht mehr weiterver\u00e4u\u00dfern (Endnutzer):<\/p>\n<p>1. Unentgeltliche R\u00fccknahme von Altbatterien<\/p>\n<p>Batterien d\u00fcrfen nicht \u00fcber den Hausm\u00fcll entsorgt werden. Sie sind zur R\u00fcckgabe von Altbatterien gesetzlich verpflichtet, damit eine fachgerechte Entsorgung gew\u00e4hrleistet werden kann. Sie k\u00f6nnen Altbatterien an einer kommunalen Sammelstelle oder im Handel vor Ort abgeben. Auch wir sind als Vertreiber von Batterien zur R\u00fccknahme von Altbatterien verpflichtet, wobei sich unsere R\u00fccknahmeverpflichtung auf Altbatterien der Art beschr\u00e4nkt, die wir als Neubatterien in unserem Sortiment f\u00fchren oder gef\u00fchrt haben. Altbatterien vorgenannter Art k\u00f6nnen Sie daher entweder ausreichend frankiert an uns zur\u00fccksenden oder sie direkt an unserem Versandlager unter der im Impressum genannten Adresse unentgeltlich abgeben.<\/p>\n<p>2. Bedeutung der Batteriesymbole<\/p>\n<p>Batterien sind mit dem Symbol einer durchgekreuzten M\u00fclltonne gekennzeichnet. Dieses Symbol weist darauf hin, dass Batterien nicht in den Hausm\u00fcll gegeben werden d\u00fcrfen. Bei Batterien, die mehr als 0,0005 Masseprozent Quecksilber, mehr als 0,002 Masseprozent Cadmium oder mehr als 0,004 Masseprozent Blei enthalten, befindet sich unter dem M\u00fclltonnen-Symbol die chemische Bezeichnung des jeweils eingesetzten Schadstoffes \u2013 dabei steht &#8222;Cd&#8220; f\u00fcr Cadmium, &#8222;Pb&#8220; steht f\u00fcr Blei, und &#8222;Hg&#8220; f\u00fcr Quecksilber.<\/p>\n","protected":false},"excerpt":{"rendered":"<p>Der POWERMAN INTERAKTIV ist ein Roboter, der spricht, tanzt, Musik abspielt und jede Menge Licht- und Soundeffekte bietet.<\/p>\n","protected":false},"featured_media":16163,"comment_status":"closed","ping_status":"open","template":"","meta":[],"product_brand":[],"product_cat":[498],"product_tag":[],"class_list":{"0":"post-16162","1":"product","2":"type-product","3":"status-publish","4":"has-post-thumbnail","6":"product_cat-roboter","8":"first","9":"instock","10":"shipping-taxable","11":"purchasable","12":"product-type-simple"},"_links":{"self":[{"href":"https:\/\/9play.de\/shop\/wp-json\/wp\/v2\/product\/16162","targetHints":{"allow":["GET"]}}],"collection":[{"href":"https:\/\/9play.de\/shop\/wp-json\/wp\/v2\/product"}],"about":[{"href":"https:\/\/9play.de\/shop\/wp-json\/wp\/v2\/types\/product"}],"replies":[{"embeddable":true,"href":"https:\/\/9play.de\/shop\/wp-json\/wp\/v2\/comments?post=16162"}],"wp:featuredmedia":[{"embeddable":true,"href":"https:\/\/9play.de\/shop\/wp-json\/wp\/v2\/media\/16163"}],"wp:attachment":[{"href":"https:\/\/9play.de\/shop\/wp-json\/wp\/v2\/media?parent=16162"}],"wp:term":[{"taxonomy":"product_brand","embeddable":true,"href":"https:\/\/9play.de\/shop\/wp-json\/wp\/v2\/product_brand?post=16162"},{"taxonomy":"product_cat","embeddable":true,"href":"https:\/\/9play.de\/shop\/wp-json\/wp\/v2\/product_cat?post=16162"},{"taxonomy":"product_tag","embeddable":true,"href":"https:\/\/9play.de\/shop\/wp-json\/wp\/v2\/product_tag?post=16162"}],"curies":[{"name":"wp","href":"https:\/\/api.w.org\/{rel}","templated":true}]}}