{"id":16214,"date":"2024-10-06T18:12:18","date_gmt":"2024-10-06T16:12:18","guid":{"rendered":"https:\/\/9play.de\/shop\/produkt\/karaoke-disney-frozen-mikrofon-mit-leuchtendem-staender-elsa-anna\/"},"modified":"2024-10-06T18:12:46","modified_gmt":"2024-10-06T16:12:46","slug":"karaoke-disney-frozen-mikrofon-mit-leuchtendem-staender-elsa-anna","status":"publish","type":"product","link":"https:\/\/9play.de\/shop\/produkt\/karaoke-disney-frozen-mikrofon-mit-leuchtendem-staender-elsa-anna\/","title":{"rendered":"Karaoke Disney Frozen Mikrofon mit leuchtendem St\u00e4nder Elsa Anna"},"content":{"rendered":"<p>Mach dich bereit f\u00fcr die B\u00fchne mit diesem wundervollen Disney Die Eisk\u00f6nigin 2 Standmikrofon! Schlie\u00dfe dein eigenes Audioger\u00e4t an, um deine Lieblingssongs mitzusingen. Schlie\u00dfe mit dem Audiokabel ein Audioger\u00e4t an den Lautsprecher an. Dr\u00fccke die Taste auf dem Mikrofon und h\u00f6re, wie die Menge dir zujubelt und applaudiert. Tolle Lichteffekte unter dem Lautsprecher beim Singen. St\u00e4nder ist h\u00f6henverstellbar (auf 80 bis 110 cm) und damit passend f\u00fcr alle jungen Musiker. Aufbewahrungsbox auf der R\u00fcckseite des Lautsprechers. Bonusausstattung einschlie\u00dflich Handyhalterung zum Aufnehmen von Fotos und Videos w\u00e4hrend der Show oder zum Ablesen des Textes deiner Lieblingssongs.<\/p>\n<p>Aufbewahrungsbox hinter dem Lautsprecher<br \/>Handyhalterung zum Aufnehmen von Fotos und Videos w\u00e4hrend der Show oder zum Ablesen der Songtexte<br \/>Altersempfehlung: Ab 3 Jahre.<br \/>Gr\u00f6\u00dfe: ca.(L x B x H): 91 x 45 x 39 cm;&nbsp;H\u00f6henverstellbar ca. 80 bis 110 cm<br \/>Material: Kunststoff<br \/>Stromversorgung: 3 x 1,5V Batterien von Typ AA \/ LR6 (nicht im Lieferumfang enthalten)<\/p>\n<p>Achtung: Nicht f\u00fcr Kinder unter 36 Monaten geeignet wegen verschluckbarer Kleinteile, Erstickungsgefahr.<\/p>\n<p style=\"margin-bottom: 0cm\">Hinweis zur Entsorgung von Altbatterien<\/p>\n<p>Der nachfolgende Hinweis richtet sich an diejenigen, die Batterien oder Produkte mit eingebauten Batterien nutzen und in der an sie gelieferten Form nicht mehr weiterver\u00e4u\u00dfern (Endnutzer):<\/p>\n<p>1. Unentgeltliche R\u00fccknahme von Altbatterien<\/p>\n<p>Batterien d\u00fcrfen nicht \u00fcber den Hausm\u00fcll entsorgt werden. Sie sind zur R\u00fcckgabe von Altbatterien gesetzlich verpflichtet, damit eine fachgerechte Entsorgung gew\u00e4hrleistet werden kann. Sie k\u00f6nnen Altbatterien an einer kommunalen Sammelstelle oder im Handel vor Ort abgeben. Auch wir sind als Vertreiber von Batterien zur R\u00fccknahme von Altbatterien verpflichtet, wobei sich unsere R\u00fccknahmeverpflichtung auf Altbatterien der Art beschr\u00e4nkt, die wir als Neubatterien in unserem Sortiment f\u00fchren oder gef\u00fchrt haben. Altbatterien vorgenannter Art k\u00f6nnen Sie daher entweder ausreichend frankiert an uns zur\u00fccksenden oder sie direkt an unserem Versandlager unter der im Impressum genannten Adresse unentgeltlich abgeben.<\/p>\n<p>2. Bedeutung der Batteriesymbole<\/p>\n<p>Batterien sind mit dem Symbol einer durchgekreuzten M\u00fclltonne gekennzeichnet. Dieses Symbol weist darauf hin, dass Batterien nicht in den Hausm\u00fcll gegeben werden d\u00fcrfen. Bei Batterien, die mehr als 0,0005 Masseprozent Quecksilber, mehr als 0,002 Masseprozent Cadmium oder mehr als 0,004 Masseprozent Blei enthalten, befindet sich unter dem M\u00fclltonnen-Symbol die chemische Bezeichnung des jeweils eingesetzten Schadstoffes \u2013 dabei steht &#8222;Cd&#8220; f\u00fcr Cadmium, &#8222;Pb&#8220; steht f\u00fcr Blei, und &#8222;Hg&#8220; f\u00fcr Quecksilber.<\/p>\n","protected":false},"excerpt":{"rendered":"<p>Mach dich bereit f\u00fcr die B\u00fchne mit diesem wundervollen Disney Die Eisk\u00f6nigin 2 Standmikrofon !<\/p>\n","protected":false},"featured_media":16215,"comment_status":"closed","ping_status":"open","template":"","meta":[],"product_brand":[],"product_cat":[500],"product_tag":[],"class_list":{"0":"post-16214","1":"product","2":"type-product","3":"status-publish","4":"has-post-thumbnail","6":"product_cat-karaoke-musik","8":"first","9":"instock","10":"shipping-taxable","11":"purchasable","12":"product-type-simple"},"_links":{"self":[{"href":"https:\/\/9play.de\/shop\/wp-json\/wp\/v2\/product\/16214","targetHints":{"allow":["GET"]}}],"collection":[{"href":"https:\/\/9play.de\/shop\/wp-json\/wp\/v2\/product"}],"about":[{"href":"https:\/\/9play.de\/shop\/wp-json\/wp\/v2\/types\/product"}],"replies":[{"embeddable":true,"href":"https:\/\/9play.de\/shop\/wp-json\/wp\/v2\/comments?post=16214"}],"wp:featuredmedia":[{"embeddable":true,"href":"https:\/\/9play.de\/shop\/wp-json\/wp\/v2\/media\/16215"}],"wp:attachment":[{"href":"https:\/\/9play.de\/shop\/wp-json\/wp\/v2\/media?parent=16214"}],"wp:term":[{"taxonomy":"product_brand","embeddable":true,"href":"https:\/\/9play.de\/shop\/wp-json\/wp\/v2\/product_brand?post=16214"},{"taxonomy":"product_cat","embeddable":true,"href":"https:\/\/9play.de\/shop\/wp-json\/wp\/v2\/product_cat?post=16214"},{"taxonomy":"product_tag","embeddable":true,"href":"https:\/\/9play.de\/shop\/wp-json\/wp\/v2\/product_tag?post=16214"}],"curies":[{"name":"wp","href":"https:\/\/api.w.org\/{rel}","templated":true}]}}