{"id":16219,"date":"2024-10-06T18:12:18","date_gmt":"2024-10-06T16:12:18","guid":{"rendered":"https:\/\/9play.de\/shop\/produkt\/karaoke-disney-die-eiskoenigin-verstellbarer-staender-mit-2-mikrofonen-elsa-anna\/"},"modified":"2024-10-06T18:12:49","modified_gmt":"2024-10-06T16:12:49","slug":"karaoke-disney-die-eiskoenigin-verstellbarer-staender-mit-2-mikrofonen-elsa-anna","status":"publish","type":"product","link":"https:\/\/9play.de\/shop\/produkt\/karaoke-disney-die-eiskoenigin-verstellbarer-staender-mit-2-mikrofonen-elsa-anna\/","title":{"rendered":"Karaoke Disney Die Eisk\u00f6nigin verstellbarer St\u00e4nder mit 2 Mikrofonen Elsa Anna"},"content":{"rendered":"<p>Machen Sie sich bereit f\u00fcr die B\u00fchne mit diesem sch\u00f6nen Disney Die Eisk\u00f6nigin Mikrofonst\u00e4nder! Schlie\u00dfen Sie einen beliebigen Audioplayer (Smartphone nicht im Lieferumfang enthalten) \u00fcber das Aux-In-Kabel an den Lautsprecher an, und singen Sie Ihre Lieblingslieder mit. Tolle Lichteffekte auf dem Lautsprecher. St\u00e4nder ist h\u00f6henverstellbar (von 60 bis 95 cm) f\u00fcr jeden jungen Musiker. Nehmen Sie Ihre Leistung direkt am Mikrofon auf. 2 Mikrofone sind im Lieferumfang enthalten, um auch im Duett zu singen. Eine Handyhalterung ist ebenfalls im Lieferumfang enthalten, um w\u00e4hrend Ihrer Show Bilder oder Videos aufzunehmen sowie die Texte Ihrer Lieblingslieder zu lesen.<\/p>\n<p>Inhalt: Standlautsprecher,&nbsp;2 Mikrofone, Handyhalterung<br \/>Altersempfehlung: ab 3 Jahre.<br \/>Gr\u00f6\u00dfe: ca.&nbsp;(L&nbsp;x B&nbsp;x H): 41 x 36,5 x 94 cm &#8211; Die H\u00f6he ist verstellbar ca. 60 cm und 95 cm<br \/>Material: Kunststoff<br \/>Batterie:&nbsp;3x AA\/LR6 &#8211;&nbsp;1,5 V (nicht im Lieferumfang enthalten).<\/p>\n<p>Achtung: Nicht f\u00fcr Kinder unter 36 Monaten geeignet wegen verschluckbarer Kleinteile, Erstickungsgefahr.<\/p>\n<p style=\"margin-bottom: 0cm\">&nbsp;<\/p>\n<p style=\"margin-bottom: 0cm\">Hinweis zur Entsorgung von Altbatterien<\/p>\n<p>Der nachfolgende Hinweis richtet sich an diejenigen, die Batterien oder Produkte mit eingebauten Batterien nutzen und in der an sie gelieferten Form nicht mehr weiterver\u00e4u\u00dfern (Endnutzer):<\/p>\n<p>1. Unentgeltliche R\u00fccknahme von Altbatterien<\/p>\n<p>Batterien d\u00fcrfen nicht \u00fcber den Hausm\u00fcll entsorgt werden. Sie sind zur R\u00fcckgabe von Altbatterien gesetzlich verpflichtet, damit eine fachgerechte Entsorgung gew\u00e4hrleistet werden kann. Sie k\u00f6nnen Altbatterien an einer kommunalen Sammelstelle oder im Handel vor Ort abgeben. Auch wir sind als Vertreiber von Batterien zur R\u00fccknahme von Altbatterien verpflichtet, wobei sich unsere R\u00fccknahmeverpflichtung auf Altbatterien der Art beschr\u00e4nkt, die wir als Neubatterien in unserem Sortiment f\u00fchren oder gef\u00fchrt haben. Altbatterien vorgenannter Art k\u00f6nnen Sie daher entweder ausreichend frankiert an uns zur\u00fccksenden oder sie direkt an unserem Versandlager unter der im Impressum genannten Adresse unentgeltlich abgeben.<\/p>\n<p>2. Bedeutung der Batteriesymbole<\/p>\n<p>Batterien sind mit dem Symbol einer durchgekreuzten M\u00fclltonne gekennzeichnet. Dieses Symbol weist darauf hin, dass Batterien nicht in den Hausm\u00fcll gegeben werden d\u00fcrfen. Bei Batterien, die mehr als 0,0005 Masseprozent Quecksilber, mehr als 0,002 Masseprozent Cadmium oder mehr als 0,004 Masseprozent Blei enthalten, befindet sich unter dem M\u00fclltonnen-Symbol die chemische Bezeichnung des jeweils eingesetzten Schadstoffes \u2013 dabei steht &#8222;Cd&#8220; f\u00fcr Cadmium, &#8222;Pb&#8220; steht f\u00fcr Blei, und &#8222;Hg&#8220; f\u00fcr Quecksilber.<\/p>\n","protected":false},"excerpt":{"rendered":"<p>Machen Sie sich bereit f\u00fcr die B\u00fchne mit diesem sch\u00f6nen Disney Die Eisk\u00f6nigin Musikanlage !<\/p>\n","protected":false},"featured_media":16220,"comment_status":"closed","ping_status":"open","template":"","meta":[],"product_brand":[],"product_cat":[500],"product_tag":[],"class_list":{"0":"post-16219","1":"product","2":"type-product","3":"status-publish","4":"has-post-thumbnail","6":"product_cat-karaoke-musik","8":"first","9":"instock","10":"shipping-taxable","11":"purchasable","12":"product-type-simple"},"_links":{"self":[{"href":"https:\/\/9play.de\/shop\/wp-json\/wp\/v2\/product\/16219","targetHints":{"allow":["GET"]}}],"collection":[{"href":"https:\/\/9play.de\/shop\/wp-json\/wp\/v2\/product"}],"about":[{"href":"https:\/\/9play.de\/shop\/wp-json\/wp\/v2\/types\/product"}],"replies":[{"embeddable":true,"href":"https:\/\/9play.de\/shop\/wp-json\/wp\/v2\/comments?post=16219"}],"wp:featuredmedia":[{"embeddable":true,"href":"https:\/\/9play.de\/shop\/wp-json\/wp\/v2\/media\/16220"}],"wp:attachment":[{"href":"https:\/\/9play.de\/shop\/wp-json\/wp\/v2\/media?parent=16219"}],"wp:term":[{"taxonomy":"product_brand","embeddable":true,"href":"https:\/\/9play.de\/shop\/wp-json\/wp\/v2\/product_brand?post=16219"},{"taxonomy":"product_cat","embeddable":true,"href":"https:\/\/9play.de\/shop\/wp-json\/wp\/v2\/product_cat?post=16219"},{"taxonomy":"product_tag","embeddable":true,"href":"https:\/\/9play.de\/shop\/wp-json\/wp\/v2\/product_tag?post=16219"}],"curies":[{"name":"wp","href":"https:\/\/api.w.org\/{rel}","templated":true}]}}