{"id":16271,"date":"2024-10-06T18:13:16","date_gmt":"2024-10-06T16:13:16","guid":{"rendered":"https:\/\/9play.de\/shop\/produkt\/avengers-rucksack-36cm\/"},"modified":"2024-10-06T18:13:23","modified_gmt":"2024-10-06T16:13:23","slug":"avengers-rucksack-36cm","status":"publish","type":"product","link":"https:\/\/9play.de\/shop\/produkt\/avengers-rucksack-36cm\/","title":{"rendered":"Avengers Rucksack 36CM"},"content":{"rendered":"<p>Dieser Avengers-Rucksack ist alles, was Sie brauchen, um organisiert zu bleiben!<br \/>Seine Gr\u00f6\u00dfe von 36 cm ist perfekt, um eine Reihe von Gegenst\u00e4nden unterzubringen, ohne dass es zu sperrig wird. Au\u00dferdem sind die Tr\u00e4ger an Ihre Gr\u00f6\u00dfe anpassbar, ideal, so das es bequem ist.<br \/>Der Rucksack sorgt mit seinen drei verschiedenen F\u00e4chern f\u00fcr Ordnung. Das vordere Fach ist ideal f\u00fcr die kleinen Gegenst\u00e4nde, wie Ihre Brieftasche oder Ihr kleines Notizbuch.<br \/>Das Seitenfach ist perfekt f\u00fcr Wasserflasche, w\u00e4hrend das Hauptfach B\u00fccher, Gadgets und sogar Ihre Brotdose verstauen kann!<br \/>Neben seiner Funktionalit\u00e4t hat es ein wundersch\u00f6nes blaues Design mit marineblauen Verzierungen.<br \/>So edel!<\/p>\n<p>Altersempfehlung: ab 3 Jahre<br \/>Gr\u00f6\u00dfe: ca. 29 \u00d7 9 \u00d7 36 cm<br \/>Material: Polyester<br \/>&nbsp;<\/p>\n<p><span style=\"font-size:12.0pt\"><span style=\"font-family:Times New Roman,serif\">Achtung: Nicht f\u00fcr Kinder unter 36 Monaten geeignet wegen verschluckbarer Kleinteile, Erstickungsgefahr.<br \/>Achtung: Benutzung unter unmittelbarer Aufsicht von Erwachsenen<\/span><\/span><\/p>\n","protected":false},"excerpt":{"rendered":"<p>Dieser Avengers-Rucksack ist alles, was Sie brauchen, um  organisiert zu bleiben!<\/p>\n","protected":false},"featured_media":16272,"comment_status":"closed","ping_status":"open","template":"","meta":[],"product_brand":[],"product_cat":[465],"product_tag":[],"class_list":{"0":"post-16271","1":"product","2":"type-product","3":"status-publish","4":"has-post-thumbnail","6":"product_cat-rucksaecke-taschen","8":"first","9":"instock","10":"shipping-taxable","11":"purchasable","12":"product-type-simple"},"_links":{"self":[{"href":"https:\/\/9play.de\/shop\/wp-json\/wp\/v2\/product\/16271","targetHints":{"allow":["GET"]}}],"collection":[{"href":"https:\/\/9play.de\/shop\/wp-json\/wp\/v2\/product"}],"about":[{"href":"https:\/\/9play.de\/shop\/wp-json\/wp\/v2\/types\/product"}],"replies":[{"embeddable":true,"href":"https:\/\/9play.de\/shop\/wp-json\/wp\/v2\/comments?post=16271"}],"wp:featuredmedia":[{"embeddable":true,"href":"https:\/\/9play.de\/shop\/wp-json\/wp\/v2\/media\/16272"}],"wp:attachment":[{"href":"https:\/\/9play.de\/shop\/wp-json\/wp\/v2\/media?parent=16271"}],"wp:term":[{"taxonomy":"product_brand","embeddable":true,"href":"https:\/\/9play.de\/shop\/wp-json\/wp\/v2\/product_brand?post=16271"},{"taxonomy":"product_cat","embeddable":true,"href":"https:\/\/9play.de\/shop\/wp-json\/wp\/v2\/product_cat?post=16271"},{"taxonomy":"product_tag","embeddable":true,"href":"https:\/\/9play.de\/shop\/wp-json\/wp\/v2\/product_tag?post=16271"}],"curies":[{"name":"wp","href":"https:\/\/api.w.org\/{rel}","templated":true}]}}