{"id":16277,"date":"2024-10-06T18:13:16","date_gmt":"2024-10-06T16:13:16","guid":{"rendered":"https:\/\/9play.de\/shop\/produkt\/disney-frozen-set-mit-6-haar-schmuck-mit-buerste-und-spiegel\/"},"modified":"2024-10-06T18:13:26","modified_gmt":"2024-10-06T16:13:26","slug":"disney-frozen-set-mit-6-haar-schmuck-mit-buerste-und-spiegel","status":"publish","type":"product","link":"https:\/\/9play.de\/shop\/produkt\/disney-frozen-set-mit-6-haar-schmuck-mit-buerste-und-spiegel\/","title":{"rendered":"Disney Frozen &#8211; Set mit 6 Haar Schmuck mit B\u00fcrste und Spiegel"},"content":{"rendered":"<p>Nicht nur f\u00fcr kleine Fans des Disney-Hits Frozen II sind die Schmuckst\u00fccke eine wunderbare Geschenkidee, sondern auch f\u00fcr alle modebegeisterten M\u00e4dchen, die Spa\u00df an h\u00fcbschen Accessoires haben.<br \/>Denn davon hat das Set so einiges zu bieten. Eine tolle Idee f\u00fcr Fans von Anna und Elsa, die die beiden Prinzessinnen gerne bei sich tragen m\u00f6chten.<\/p>\n<p>Inhalt: Haarb\u00fcrste mit Spiegel, Halskette, Armband, Ring, 2 Haar Klammern<\/p>\n<p>Altersempfehlung: ab 3 Jahre<br \/>Material: Kunststoff, Metall<\/p>\n<p>Verpackung: ca. 28,5 x 21 cm<\/p>\n<p>&nbsp;<\/p>\n<p><span style=\"font-size:12.0pt\"><span style=\"font-family:Times New Roman,serif\">Achtung: Nicht f\u00fcr Kinder unter 36 Monaten geeignet wegen verschluckbarer Kleinteile, Erstickungsgefahr.<\/span><\/span><\/p>\n","protected":false},"excerpt":{"rendered":"<p>Das tolle Disney Frozen &#8211; Set f\u00fcr alle Fans!<\/p>\n","protected":false},"featured_media":16278,"comment_status":"closed","ping_status":"open","template":"","meta":[],"product_brand":[],"product_cat":[470],"product_tag":[],"class_list":{"0":"post-16277","1":"product","2":"type-product","3":"status-publish","4":"has-post-thumbnail","6":"product_cat-schmuck","8":"first","9":"instock","10":"shipping-taxable","11":"purchasable","12":"product-type-simple"},"_links":{"self":[{"href":"https:\/\/9play.de\/shop\/wp-json\/wp\/v2\/product\/16277","targetHints":{"allow":["GET"]}}],"collection":[{"href":"https:\/\/9play.de\/shop\/wp-json\/wp\/v2\/product"}],"about":[{"href":"https:\/\/9play.de\/shop\/wp-json\/wp\/v2\/types\/product"}],"replies":[{"embeddable":true,"href":"https:\/\/9play.de\/shop\/wp-json\/wp\/v2\/comments?post=16277"}],"wp:featuredmedia":[{"embeddable":true,"href":"https:\/\/9play.de\/shop\/wp-json\/wp\/v2\/media\/16278"}],"wp:attachment":[{"href":"https:\/\/9play.de\/shop\/wp-json\/wp\/v2\/media?parent=16277"}],"wp:term":[{"taxonomy":"product_brand","embeddable":true,"href":"https:\/\/9play.de\/shop\/wp-json\/wp\/v2\/product_brand?post=16277"},{"taxonomy":"product_cat","embeddable":true,"href":"https:\/\/9play.de\/shop\/wp-json\/wp\/v2\/product_cat?post=16277"},{"taxonomy":"product_tag","embeddable":true,"href":"https:\/\/9play.de\/shop\/wp-json\/wp\/v2\/product_tag?post=16277"}],"curies":[{"name":"wp","href":"https:\/\/api.w.org\/{rel}","templated":true}]}}