{"id":16281,"date":"2024-10-06T18:13:16","date_gmt":"2024-10-06T16:13:16","guid":{"rendered":"https:\/\/9play.de\/shop\/produkt\/armband-frozen-die-eiskoenigin-mit-5-anhaenger-elsa-anna\/"},"modified":"2024-10-06T18:13:28","modified_gmt":"2024-10-06T16:13:28","slug":"armband-frozen-die-eiskoenigin-mit-5-anhaenger-elsa-anna","status":"publish","type":"product","link":"https:\/\/9play.de\/shop\/produkt\/armband-frozen-die-eiskoenigin-mit-5-anhaenger-elsa-anna\/","title":{"rendered":"Armband Frozen die Eisk\u00f6nigin mit 5 Anh\u00e4nger Elsa Anna"},"content":{"rendered":"<p>Kids Licensing Armband mit Anh\u00e4ngern Frozen 2.<br \/>Entwerfen Sie mit diesem Set aus Disney&#8217;s Frozen 2 Ihr eigenes Armband.<br \/>Das Set besteht aus einem Armband und f\u00fcnf passenden Anh\u00e4ngern mit Figuren aus den Frozen die Eisk\u00f6nigin.<br \/>Gestalten Sie es, wie es Ihnen passt!<\/p>\n<p>Farbe: Chrom<br \/>Material: Rostfreier Stahl<br \/>L\u00e4nge des Armbands: ca. 14 cm<br \/>Alter: ab 4 Jahren<br \/>Zum Inhalt: 1 Armband 5 Anh\u00e4nger<br \/>Verpackungsgr\u00f6\u00dfe: 5 \u00d7 1.5 \u00d7 4.7 cm<br \/><span style=\"font-size:12.0pt\"><span style=\"font-family:Times New Roman,serif\">Achtung: Nicht f\u00fcr Kinder unter 36 Monaten geeignet wegen verschluckbarer Kleinteile, Erstickungsgefahr.<\/span><\/span><\/p>\n","protected":false},"excerpt":{"rendered":"<p>Hier das ultimative Must-have f\u00fcr jeden Disney Frozen \/ Die Eisk\u00f6nigin Fan. Passend zum neuen Kinofilm kommt das Bettelarmband mit Anh\u00e4ngern in tollem Motiv.<\/p>\n","protected":false},"featured_media":16282,"comment_status":"closed","ping_status":"open","template":"","meta":[],"product_brand":[],"product_cat":[505],"product_tag":[],"class_list":{"0":"post-16281","1":"product","2":"type-product","3":"status-publish","4":"has-post-thumbnail","6":"product_cat-armbaender","8":"first","9":"instock","10":"shipping-taxable","11":"purchasable","12":"product-type-simple"},"_links":{"self":[{"href":"https:\/\/9play.de\/shop\/wp-json\/wp\/v2\/product\/16281","targetHints":{"allow":["GET"]}}],"collection":[{"href":"https:\/\/9play.de\/shop\/wp-json\/wp\/v2\/product"}],"about":[{"href":"https:\/\/9play.de\/shop\/wp-json\/wp\/v2\/types\/product"}],"replies":[{"embeddable":true,"href":"https:\/\/9play.de\/shop\/wp-json\/wp\/v2\/comments?post=16281"}],"wp:featuredmedia":[{"embeddable":true,"href":"https:\/\/9play.de\/shop\/wp-json\/wp\/v2\/media\/16282"}],"wp:attachment":[{"href":"https:\/\/9play.de\/shop\/wp-json\/wp\/v2\/media?parent=16281"}],"wp:term":[{"taxonomy":"product_brand","embeddable":true,"href":"https:\/\/9play.de\/shop\/wp-json\/wp\/v2\/product_brand?post=16281"},{"taxonomy":"product_cat","embeddable":true,"href":"https:\/\/9play.de\/shop\/wp-json\/wp\/v2\/product_cat?post=16281"},{"taxonomy":"product_tag","embeddable":true,"href":"https:\/\/9play.de\/shop\/wp-json\/wp\/v2\/product_tag?post=16281"}],"curies":[{"name":"wp","href":"https:\/\/api.w.org\/{rel}","templated":true}]}}