{"id":16283,"date":"2024-10-06T18:13:16","date_gmt":"2024-10-06T16:13:16","guid":{"rendered":"https:\/\/9play.de\/shop\/produkt\/einhorn-tasche-mit-beauty-set-sweet-dreams\/"},"modified":"2024-10-06T18:13:28","modified_gmt":"2024-10-06T16:13:28","slug":"einhorn-tasche-mit-beauty-set-sweet-dreams","status":"publish","type":"product","link":"https:\/\/9play.de\/shop\/produkt\/einhorn-tasche-mit-beauty-set-sweet-dreams\/","title":{"rendered":"Einhorn Tasche mit Beauty &#8211; Set SWEET DREAMS"},"content":{"rendered":"<p>Entdecken Sie den neusten Beauty Backpack mit allen Kosmetik-Essentials f\u00fcr unterwegs!<br \/>Es umfasst eine Auswahl an Lipglossen, schimmernden Lidschatten und Make-up-Pinseln.<br \/>Der PVC-Rucksack kann f\u00fcr die Schulanfangssaison wiederverwendet werden!<br \/>Der Rucksack ist ein Einhorn-Thema mit charmantem Pl\u00fcschhorn, um sich von der Masse abzuheben.<\/p>\n<p class=\"Textbody\" style=\"margin-bottom:8px\">Inhalt:&nbsp;Nagellack, Schablone mit Aufklebern, Glitzerbox, Nagelfeile, Lidschattenpalette, Pinsel zum Auftragen von Lidschatten, Lipgloss<br \/>Altersempfehlung: ab 3 Jahre<br \/>Material: Polyester, Kunststoff&nbsp;<br \/>Gr\u00f6\u00dfe: ca.&nbsp;17.7 \u00d7 3 \u00d7 20.6 cm<\/p>\n<p class=\"Textbody\" style=\"margin-bottom:8px\">Achtung: Enth\u00e4lt Duftstoffe, die Allergien ausl\u00f6sen k\u00f6nnen.<br \/><span style=\"font-size:12pt\"><span style=\"font-family:Times New Roman,serif\">Achtung: Nicht f\u00fcr Kinder unter 36 Monaten geeignet wegen verschluckbarer Kleinteile, Erstickungsgefahr.<\/span><\/span><br \/><span style=\"font-size:12pt\"><span style=\"font-family:Times New Roman,serif\">Achtung: Benutzung unter unmittelbarer Aufsicht von Erwachsenen.<\/span><\/span><\/p>\n","protected":false},"excerpt":{"rendered":"<p>ntdecken Sie den neusten Beauty Backpack mit allen Kosmetik-Essentials f\u00fcr unterwegs!<\/p>\n","protected":false},"featured_media":16284,"comment_status":"closed","ping_status":"open","template":"","meta":[],"product_brand":[],"product_cat":[506],"product_tag":[],"class_list":{"0":"post-16283","1":"product","2":"type-product","3":"status-publish","4":"has-post-thumbnail","6":"product_cat-beauty-set","8":"first","9":"instock","10":"shipping-taxable","11":"purchasable","12":"product-type-simple"},"_links":{"self":[{"href":"https:\/\/9play.de\/shop\/wp-json\/wp\/v2\/product\/16283","targetHints":{"allow":["GET"]}}],"collection":[{"href":"https:\/\/9play.de\/shop\/wp-json\/wp\/v2\/product"}],"about":[{"href":"https:\/\/9play.de\/shop\/wp-json\/wp\/v2\/types\/product"}],"replies":[{"embeddable":true,"href":"https:\/\/9play.de\/shop\/wp-json\/wp\/v2\/comments?post=16283"}],"wp:featuredmedia":[{"embeddable":true,"href":"https:\/\/9play.de\/shop\/wp-json\/wp\/v2\/media\/16284"}],"wp:attachment":[{"href":"https:\/\/9play.de\/shop\/wp-json\/wp\/v2\/media?parent=16283"}],"wp:term":[{"taxonomy":"product_brand","embeddable":true,"href":"https:\/\/9play.de\/shop\/wp-json\/wp\/v2\/product_brand?post=16283"},{"taxonomy":"product_cat","embeddable":true,"href":"https:\/\/9play.de\/shop\/wp-json\/wp\/v2\/product_cat?post=16283"},{"taxonomy":"product_tag","embeddable":true,"href":"https:\/\/9play.de\/shop\/wp-json\/wp\/v2\/product_tag?post=16283"}],"curies":[{"name":"wp","href":"https:\/\/api.w.org\/{rel}","templated":true}]}}