{"id":16287,"date":"2024-10-06T18:13:16","date_gmt":"2024-10-06T16:13:16","guid":{"rendered":"https:\/\/9play.de\/shop\/produkt\/paw-patrol-capy-als-sonnenschutz\/"},"modified":"2024-10-06T18:13:30","modified_gmt":"2024-10-06T16:13:30","slug":"paw-patrol-capy-als-sonnenschutz","status":"publish","type":"product","link":"https:\/\/9play.de\/shop\/produkt\/paw-patrol-capy-als-sonnenschutz\/","title":{"rendered":"Paw Patrol Capy als Sonnenschutz"},"content":{"rendered":"<p>Ein Sommer ohne Cap ist kein Sommer!<br \/>Mit dieser Paw Patrol M\u00fctze bist du jederzeit vor den Sonnenstrahlen gesch\u00fctzt.<br \/>Die verstellbaren B\u00e4nder sind ideal f\u00fcr einen Kopfumfang von 52cm-54cm, also lass dir dieses Must-Have f\u00fcr sonnige Tage nicht entgehen!<\/p>\n<p>Altersempfehlung: ab 3 Jahre<br \/>Material: 100% Baumwolle<br \/>Gr\u00f6\u00dfe: 52\/54<\/p>\n<p>2-fach sortiert &#8211; Auswahl nach Zufall&nbsp;<\/p>\n<p>&nbsp;<\/p>\n<p><span style=\"font-size:12.0pt\"><span style=\"font-family:Times New Roman,serif\">Achtung: Nicht f\u00fcr Kinder unter 36 Monaten geeignet wegen verschluckbarer Kleinteile, Erstickungsgefahr.<\/span><\/span><\/p>\n","protected":false},"excerpt":{"rendered":"<p>Ein Sommer ohne Cap ist kein Sommer! Mit dieser Paw Patrol M\u00fctze bist du jederzeit vor den Sonnenstrahlen gesch\u00fctzt.<\/p>\n","protected":false},"featured_media":16288,"comment_status":"closed","ping_status":"open","template":"","meta":[],"product_brand":[],"product_cat":[508],"product_tag":[],"class_list":{"0":"post-16287","1":"product","2":"type-product","3":"status-publish","4":"has-post-thumbnail","6":"product_cat-caps","8":"first","9":"instock","10":"shipping-taxable","11":"purchasable","12":"product-type-simple"},"_links":{"self":[{"href":"https:\/\/9play.de\/shop\/wp-json\/wp\/v2\/product\/16287","targetHints":{"allow":["GET"]}}],"collection":[{"href":"https:\/\/9play.de\/shop\/wp-json\/wp\/v2\/product"}],"about":[{"href":"https:\/\/9play.de\/shop\/wp-json\/wp\/v2\/types\/product"}],"replies":[{"embeddable":true,"href":"https:\/\/9play.de\/shop\/wp-json\/wp\/v2\/comments?post=16287"}],"wp:featuredmedia":[{"embeddable":true,"href":"https:\/\/9play.de\/shop\/wp-json\/wp\/v2\/media\/16288"}],"wp:attachment":[{"href":"https:\/\/9play.de\/shop\/wp-json\/wp\/v2\/media?parent=16287"}],"wp:term":[{"taxonomy":"product_brand","embeddable":true,"href":"https:\/\/9play.de\/shop\/wp-json\/wp\/v2\/product_brand?post=16287"},{"taxonomy":"product_cat","embeddable":true,"href":"https:\/\/9play.de\/shop\/wp-json\/wp\/v2\/product_cat?post=16287"},{"taxonomy":"product_tag","embeddable":true,"href":"https:\/\/9play.de\/shop\/wp-json\/wp\/v2\/product_tag?post=16287"}],"curies":[{"name":"wp","href":"https:\/\/api.w.org\/{rel}","templated":true}]}}