{"id":16319,"date":"2024-10-06T18:13:45","date_gmt":"2024-10-06T16:13:45","guid":{"rendered":"https:\/\/9play.de\/shop\/produkt\/paw-patrol-regenschirm\/"},"modified":"2024-10-06T18:13:46","modified_gmt":"2024-10-06T16:13:46","slug":"paw-patrol-regenschirm","status":"publish","type":"product","link":"https:\/\/9play.de\/shop\/produkt\/paw-patrol-regenschirm\/","title":{"rendered":"Paw Patrol Regenschirm"},"content":{"rendered":"<p>Hol dir deine Helden nach Hause und f\u00fchle dich selbst wie ein Held!<br \/>Liebevoll gestalteter und detailgetreue Regenschirm aus der Paw Patrol Reihe.<br \/>F\u00fcr kleine und gro\u00dfe Fans Kinder &#8211; Regenschirm, Glockenschirm, mit manueller \u00d6ffnung.<\/p>\n<p>Inhalt: 1x Regenschirm&nbsp;<br \/>Material: Nylon<br \/>Altersempfehlung: ab 3 Jahre<br \/>Durchmesser ca. 45cm<\/p>\n<p><span style=\"font-size:12.0pt\"><span style=\"font-family:Times New Roman,serif\">Achtung: Nicht f\u00fcr Kinder unter 36 Monaten geeignet wegen verschluckbarer Kleinteile, Erstickungsgefahr.<\/span><\/span><\/p>\n","protected":false},"excerpt":{"rendered":"<p>Regenschirm. Liebevoll gestaltet und detailgetreu aus der Paw Patrol Reihe.<\/p>\n","protected":false},"featured_media":16320,"comment_status":"closed","ping_status":"open","template":"","meta":[],"product_brand":[],"product_cat":[464],"product_tag":[],"class_list":{"0":"post-16319","1":"product","2":"type-product","3":"status-publish","4":"has-post-thumbnail","6":"product_cat-regenschirme","8":"first","9":"instock","10":"shipping-taxable","11":"purchasable","12":"product-type-simple"},"_links":{"self":[{"href":"https:\/\/9play.de\/shop\/wp-json\/wp\/v2\/product\/16319","targetHints":{"allow":["GET"]}}],"collection":[{"href":"https:\/\/9play.de\/shop\/wp-json\/wp\/v2\/product"}],"about":[{"href":"https:\/\/9play.de\/shop\/wp-json\/wp\/v2\/types\/product"}],"replies":[{"embeddable":true,"href":"https:\/\/9play.de\/shop\/wp-json\/wp\/v2\/comments?post=16319"}],"wp:featuredmedia":[{"embeddable":true,"href":"https:\/\/9play.de\/shop\/wp-json\/wp\/v2\/media\/16320"}],"wp:attachment":[{"href":"https:\/\/9play.de\/shop\/wp-json\/wp\/v2\/media?parent=16319"}],"wp:term":[{"taxonomy":"product_brand","embeddable":true,"href":"https:\/\/9play.de\/shop\/wp-json\/wp\/v2\/product_brand?post=16319"},{"taxonomy":"product_cat","embeddable":true,"href":"https:\/\/9play.de\/shop\/wp-json\/wp\/v2\/product_cat?post=16319"},{"taxonomy":"product_tag","embeddable":true,"href":"https:\/\/9play.de\/shop\/wp-json\/wp\/v2\/product_tag?post=16319"}],"curies":[{"name":"wp","href":"https:\/\/api.w.org\/{rel}","templated":true}]}}