{"id":16323,"date":"2024-10-06T18:13:45","date_gmt":"2024-10-06T16:13:45","guid":{"rendered":"https:\/\/9play.de\/shop\/produkt\/schreibwarenset-frozen-die-eiskoenigin-12-teilig-elsa-anna\/"},"modified":"2024-10-06T18:13:48","modified_gmt":"2024-10-06T16:13:48","slug":"schreibwarenset-frozen-die-eiskoenigin-12-teilig-elsa-anna","status":"publish","type":"product","link":"https:\/\/9play.de\/shop\/produkt\/schreibwarenset-frozen-die-eiskoenigin-12-teilig-elsa-anna\/","title":{"rendered":"Schreibwarenset FROZEN die Eisk\u00f6nigin 12 Teilig Elsa Anna"},"content":{"rendered":"<p>Die Schreibtisch-Ausstattung f\u00fcr jeden Eisk\u00f6nigin Fan!<br \/>Dieses praktische 12-teilige Schreibset die Eisk\u00f6nigin 2 ist nicht nur f\u00fcr Fans der Disney-Filme begehrenswert.<br \/>Schreibe deine Notizen in das liebvoll mit Figuren aus dem Film verzierte Heft, nat\u00fcrlich mit den ebenso sch\u00f6nen Stiften. Tauche so ein in die Welt der Eisk\u00f6nigin.<br \/>Schreibwaren Set (12-tlg) &#8211; Notizheft DinA5, Spiralblock DinA4, Fineliner, Bleistift, 4 Buntstifte, Spitzer Radiergummi, Lineal 15 cm, Stifte-Etui aus Metall.<\/p>\n<p>Ma\u00dfe: ca. 45 x 30 x 20 cm<br \/>Altersempfehlung: Ab 3 Jahre<br \/>Teile: 12<br \/>Material: Kunststoff<\/p>\n<p><span style=\"font-size:12.0pt\"><span style=\"font-family:Times New Roman,serif\">Achtung: Nicht f\u00fcr Kinder unter 36 Monaten geeignet wegen verschluckbarer Kleinteile, Erstickungsgefahr.<\/span><\/span><br \/>&nbsp;<\/p>\n","protected":false},"excerpt":{"rendered":"<p>Die Schreibtisch-Ausstattung f\u00fcr jeden Eisk\u00f6nigin Fan!<\/p>\n","protected":false},"featured_media":16324,"comment_status":"closed","ping_status":"open","template":"","meta":[],"product_brand":[],"product_cat":[509],"product_tag":[],"class_list":{"0":"post-16323","1":"product","2":"type-product","3":"status-publish","4":"has-post-thumbnail","6":"product_cat-malen-zeichnen","8":"first","9":"instock","10":"shipping-taxable","11":"purchasable","12":"product-type-simple"},"_links":{"self":[{"href":"https:\/\/9play.de\/shop\/wp-json\/wp\/v2\/product\/16323","targetHints":{"allow":["GET"]}}],"collection":[{"href":"https:\/\/9play.de\/shop\/wp-json\/wp\/v2\/product"}],"about":[{"href":"https:\/\/9play.de\/shop\/wp-json\/wp\/v2\/types\/product"}],"replies":[{"embeddable":true,"href":"https:\/\/9play.de\/shop\/wp-json\/wp\/v2\/comments?post=16323"}],"wp:featuredmedia":[{"embeddable":true,"href":"https:\/\/9play.de\/shop\/wp-json\/wp\/v2\/media\/16324"}],"wp:attachment":[{"href":"https:\/\/9play.de\/shop\/wp-json\/wp\/v2\/media?parent=16323"}],"wp:term":[{"taxonomy":"product_brand","embeddable":true,"href":"https:\/\/9play.de\/shop\/wp-json\/wp\/v2\/product_brand?post=16323"},{"taxonomy":"product_cat","embeddable":true,"href":"https:\/\/9play.de\/shop\/wp-json\/wp\/v2\/product_cat?post=16323"},{"taxonomy":"product_tag","embeddable":true,"href":"https:\/\/9play.de\/shop\/wp-json\/wp\/v2\/product_tag?post=16323"}],"curies":[{"name":"wp","href":"https:\/\/api.w.org\/{rel}","templated":true}]}}