{"id":16326,"date":"2024-10-06T18:13:45","date_gmt":"2024-10-06T16:13:45","guid":{"rendered":"https:\/\/9play.de\/shop\/produkt\/beauty-set-einhorn-sweet-dreams\/"},"modified":"2024-10-06T18:13:49","modified_gmt":"2024-10-06T16:13:49","slug":"beauty-set-einhorn-sweet-dreams","status":"publish","type":"product","link":"https:\/\/9play.de\/shop\/produkt\/beauty-set-einhorn-sweet-dreams\/","title":{"rendered":"Beauty Set Einhorn Sweet Dreams"},"content":{"rendered":"<p>Beauty Set Einhorn perfekt f\u00fcr die Kleinen. Die werden es lieben.<br \/>Das Beauty-Set ist das perfekte Accessoire f\u00fcr eine Glamour-Party von jungen Damen an einem Kindergeburtstag. Die Verwendung der Kinderschminke aus dem praktischen und farbenfrohen Beauty Ste ist absolut unbedenklich. Hochwertige Kinderschminke f\u00fcr junge Damen.<\/p>\n<p>Dieses lustige Set ist mit Make-up und k\u00fcnstlichen N\u00e4geln gef\u00fcllt, damit Sie sich mit Ihren Freundinnen verkleiden k\u00f6nnen. Mit diesem Set kreieren Sie die sch\u00f6nsten Prinzessinnen-Looks!<br \/>F\u00fcr den echten Unicorn-Fan<br \/>Sch\u00f6n zu verschenken<br \/>Mit verschiedenen Arten von Make-up und Kunstn\u00e4geln<\/p>\n<p>Inhalt: Tipps mit einem Regenbogen-Einhorn, viele Aufkleber, zwei Nagellacke, ein Armband, eine Palette mit Schatten und einen gro\u00dfen Stern mit Glitzer.<br \/>Altersempfehlung: ab 3 Jahre<br \/>Verpackung: ca.&nbsp;24x3x21cm<br \/>Material: Kunststoff&nbsp;<\/p>\n<p>Achtung: Enth\u00e4lt Duftstoffe, die Allergien ausl\u00f6sen k\u00f6nnen.<\/p>\n<p><span style=\"font-size:12.0pt\"><span style=\"font-family:Times New Roman,serif\">Achtung: Nicht f\u00fcr Kinder unter 36 Monaten geeignet wegen verschluckbarer Kleinteile, Erstickungsgefahr.<\/span><\/span><\/p>\n","protected":false},"excerpt":{"rendered":"<p>Das tolle Beauty Set f\u00fcr Einhorn Liebhaber.<\/p>\n","protected":false},"featured_media":16327,"comment_status":"closed","ping_status":"open","template":"","meta":[],"product_brand":[],"product_cat":[506],"product_tag":[],"class_list":{"0":"post-16326","1":"product","2":"type-product","3":"status-publish","4":"has-post-thumbnail","6":"product_cat-beauty-set","8":"first","9":"instock","10":"shipping-taxable","11":"purchasable","12":"product-type-simple"},"_links":{"self":[{"href":"https:\/\/9play.de\/shop\/wp-json\/wp\/v2\/product\/16326","targetHints":{"allow":["GET"]}}],"collection":[{"href":"https:\/\/9play.de\/shop\/wp-json\/wp\/v2\/product"}],"about":[{"href":"https:\/\/9play.de\/shop\/wp-json\/wp\/v2\/types\/product"}],"replies":[{"embeddable":true,"href":"https:\/\/9play.de\/shop\/wp-json\/wp\/v2\/comments?post=16326"}],"wp:featuredmedia":[{"embeddable":true,"href":"https:\/\/9play.de\/shop\/wp-json\/wp\/v2\/media\/16327"}],"wp:attachment":[{"href":"https:\/\/9play.de\/shop\/wp-json\/wp\/v2\/media?parent=16326"}],"wp:term":[{"taxonomy":"product_brand","embeddable":true,"href":"https:\/\/9play.de\/shop\/wp-json\/wp\/v2\/product_brand?post=16326"},{"taxonomy":"product_cat","embeddable":true,"href":"https:\/\/9play.de\/shop\/wp-json\/wp\/v2\/product_cat?post=16326"},{"taxonomy":"product_tag","embeddable":true,"href":"https:\/\/9play.de\/shop\/wp-json\/wp\/v2\/product_tag?post=16326"}],"curies":[{"name":"wp","href":"https:\/\/api.w.org\/{rel}","templated":true}]}}