{"id":16328,"date":"2024-10-06T18:13:45","date_gmt":"2024-10-06T16:13:45","guid":{"rendered":"https:\/\/9play.de\/shop\/produkt\/knete-einhorn-12-stueck-sweet-dreams\/"},"modified":"2024-10-06T18:13:50","modified_gmt":"2024-10-06T16:13:50","slug":"knete-einhorn-12-stueck-sweet-dreams","status":"publish","type":"product","link":"https:\/\/9play.de\/shop\/produkt\/knete-einhorn-12-stueck-sweet-dreams\/","title":{"rendered":"Knete Einhorn 12 St\u00fcck Sweet Dreams"},"content":{"rendered":"<p style=\"font-weight: normal\"><font size=\"3\">Diese tolle glitzerne Einhorn-Knete ist perfekt f\u00fcr die kleinen, um die kreative Seite zu wecken. Ein muss f\u00fcr jeden Einhorn-Fan!<\/font><\/p>\n<h3 class=\"western\" style=\"font-weight: normal\"><font size=\"3\">Her mit der Knete!<br \/>Jetzt wird es plastisch und biegsam! Mit der farbenfrohen Knete lassen sich die unglaublichsten Dinge modellieren.<br \/>Knete das klassische Knetm\u00e4nnchen, wilde Tiere, niedliche Monster oder andere lustige Motive, der Kreativit\u00e4t des K\u00fcnstlers sind da keine Grenzen gesetzt.<br \/>Diese Einhorn-Knete ist so vielseitig form- und wandelbar, damit haben garantiert alle jede Menge Spa\u00df.<\/font><\/h3>\n<h4 class=\"western\" style=\"font-weight: normal\"><font size=\"3\">Eine spannende Sache!<\/font><br \/><font size=\"3\">Knete kann auch ganz sch\u00f6n (ent)spannend sein. Das glauben Sie nicht? Dann probieren Sie doch einfach mal folgendes aus! <\/font><\/h4>\n<p>Inhalt: Knetstangen in 12 Farben. 10 klassische Farben und 2 gl\u00e4nzende Silber und Gold<br \/>Altersempfehlung: ab 4 Jahre<br \/>Verpackung: ca. 19.5&#215;9.5&#215;1.5cm<\/p>\n<p>&nbsp;<\/p>\n<p><span style=\"font-size:12.0pt\"><span style=\"font-family:Times New Roman,serif\">Achtung: Nicht f\u00fcr Kinder unter 36 Monaten geeignet wegen verschluckbarer Kleinteile, Erstickungsgefahr.<\/span><\/span><\/p>\n","protected":false},"excerpt":{"rendered":"<p>Glitzerne Knete f\u00fcr Kinderspa\u00df!<\/p>\n","protected":false},"featured_media":16329,"comment_status":"closed","ping_status":"open","template":"","meta":[],"product_brand":[],"product_cat":[483],"product_tag":[],"class_list":{"0":"post-16328","1":"product","2":"type-product","3":"status-publish","4":"has-post-thumbnail","6":"product_cat-knete-spielzeug","8":"first","9":"instock","10":"shipping-taxable","11":"purchasable","12":"product-type-simple"},"_links":{"self":[{"href":"https:\/\/9play.de\/shop\/wp-json\/wp\/v2\/product\/16328","targetHints":{"allow":["GET"]}}],"collection":[{"href":"https:\/\/9play.de\/shop\/wp-json\/wp\/v2\/product"}],"about":[{"href":"https:\/\/9play.de\/shop\/wp-json\/wp\/v2\/types\/product"}],"replies":[{"embeddable":true,"href":"https:\/\/9play.de\/shop\/wp-json\/wp\/v2\/comments?post=16328"}],"wp:featuredmedia":[{"embeddable":true,"href":"https:\/\/9play.de\/shop\/wp-json\/wp\/v2\/media\/16329"}],"wp:attachment":[{"href":"https:\/\/9play.de\/shop\/wp-json\/wp\/v2\/media?parent=16328"}],"wp:term":[{"taxonomy":"product_brand","embeddable":true,"href":"https:\/\/9play.de\/shop\/wp-json\/wp\/v2\/product_brand?post=16328"},{"taxonomy":"product_cat","embeddable":true,"href":"https:\/\/9play.de\/shop\/wp-json\/wp\/v2\/product_cat?post=16328"},{"taxonomy":"product_tag","embeddable":true,"href":"https:\/\/9play.de\/shop\/wp-json\/wp\/v2\/product_tag?post=16328"}],"curies":[{"name":"wp","href":"https:\/\/api.w.org\/{rel}","templated":true}]}}