{"id":16348,"date":"2024-10-06T18:13:45","date_gmt":"2024-10-06T16:13:45","guid":{"rendered":"https:\/\/9play.de\/shop\/produkt\/xxl-schreibwaren-set-deluxe-paw-patrol\/"},"modified":"2024-10-06T18:14:03","modified_gmt":"2024-10-06T16:14:03","slug":"xxl-schreibwaren-set-deluxe-paw-patrol","status":"publish","type":"product","link":"https:\/\/9play.de\/shop\/produkt\/xxl-schreibwaren-set-deluxe-paw-patrol\/","title":{"rendered":"XXL Schreibwaren Set Deluxe PAW PATROL"},"content":{"rendered":"<p>Master Deluxe Paw Patrol Set mit ALLEM, was du zum Ausmalen brauchst!<br \/>Es wird in einer Tasche mit einem bequemen Griff geliefert, damit du es \u00fcberallhin mitnehmen kannst, wo du es brauchst.<br \/>Das Set enth\u00e4lt: &#8211; 4x Bl\u00e4tter mit Sticker-Sets &#8211; 8x schwarz-wei\u00dfe Bl\u00e4tter zum Ausmalen &#8211; 1x Lineal &#8211; 16x Filzstifte &#8211; 24x Buntstifte &#8211; 8x Buntstifte &#8211; 8x d\u00fcnne Filzstifte &#8211; 4x Briefmarken Machen Sie sich bereit f\u00fcr stundenlangen Spa\u00df&#8230; und achten Sie darauf, innerhalb der Linien zu bleiben!<\/p>\n<p><span style=\"font-size:12.0pt\"><span style=\"font-family:Times New Roman,serif\">Verpackungsgr\u00f6\u00dfe: ca.&nbsp;<\/span><\/span>90 x 70 cm<br \/><span style=\"font-size:12.0pt\"><span style=\"font-family:Times New Roman,serif\">Altersempfehlung: Ab 3 Jahre<\/p>\n<p>Achtung: Nicht f\u00fcr Kinder unter 36 Monaten geeignet wegen verschluckbarer Kleinteile, Erstickungsgefahr.<\/span><\/span><\/p>\n","protected":false},"excerpt":{"rendered":"<p>Machen Sie sich bereit f\u00fcr stundenlangen Spa\u00df&#8230; und achten Sie darauf, innerhalb der Linien zu bleiben!<\/p>\n","protected":false},"featured_media":16349,"comment_status":"closed","ping_status":"open","template":"","meta":[],"product_brand":[],"product_cat":[509],"product_tag":[],"class_list":{"0":"post-16348","1":"product","2":"type-product","3":"status-publish","4":"has-post-thumbnail","6":"product_cat-malen-zeichnen","8":"first","9":"instock","10":"shipping-taxable","11":"purchasable","12":"product-type-simple"},"_links":{"self":[{"href":"https:\/\/9play.de\/shop\/wp-json\/wp\/v2\/product\/16348","targetHints":{"allow":["GET"]}}],"collection":[{"href":"https:\/\/9play.de\/shop\/wp-json\/wp\/v2\/product"}],"about":[{"href":"https:\/\/9play.de\/shop\/wp-json\/wp\/v2\/types\/product"}],"replies":[{"embeddable":true,"href":"https:\/\/9play.de\/shop\/wp-json\/wp\/v2\/comments?post=16348"}],"wp:featuredmedia":[{"embeddable":true,"href":"https:\/\/9play.de\/shop\/wp-json\/wp\/v2\/media\/16349"}],"wp:attachment":[{"href":"https:\/\/9play.de\/shop\/wp-json\/wp\/v2\/media?parent=16348"}],"wp:term":[{"taxonomy":"product_brand","embeddable":true,"href":"https:\/\/9play.de\/shop\/wp-json\/wp\/v2\/product_brand?post=16348"},{"taxonomy":"product_cat","embeddable":true,"href":"https:\/\/9play.de\/shop\/wp-json\/wp\/v2\/product_cat?post=16348"},{"taxonomy":"product_tag","embeddable":true,"href":"https:\/\/9play.de\/shop\/wp-json\/wp\/v2\/product_tag?post=16348"}],"curies":[{"name":"wp","href":"https:\/\/api.w.org\/{rel}","templated":true}]}}