{"id":16363,"date":"2024-10-06T18:13:45","date_gmt":"2024-10-06T16:13:45","guid":{"rendered":"https:\/\/9play.de\/shop\/produkt\/spiderman-3er-set-socken\/"},"modified":"2024-10-06T18:14:12","modified_gmt":"2024-10-06T16:14:12","slug":"spiderman-3er-set-socken","status":"publish","type":"product","link":"https:\/\/9play.de\/shop\/produkt\/spiderman-3er-set-socken\/","title":{"rendered":"Spiderman &#8211; 3er Set Socken"},"content":{"rendered":"<p>Socken mit attraktivem Muster, 3 Paar. Sie passen sich perfekt an die F\u00fc\u00dfe an, dr\u00fccken nicht und bleiben gleichzeitig perfekt am Bein, was einen hohen Tragekomfort garantiert.<br \/>Weich auf der Haut. Euroswan ist ein spanisches Unternehmen, das qualitativ hochwertige lizenzierte Kinderartikel herstellt und vertreibt.<\/p>\n<p>Material: Baumwolle 70%, Polyester 26% und 4% Elasthan.<br \/>Gr\u00f6\u00dfe: 19\/22, 23\/26, 27\/30, 31\/34, 35\/37<\/p>\n<p>&nbsp;<\/p>\n<p>EU &#8211; Gr\u00f6\u00dfentabelle<br \/>Fu\u00df\u00adl\u00e4nge&nbsp;&nbsp;&nbsp;&nbsp;&nbsp;&nbsp;&nbsp;&nbsp;&nbsp;&nbsp;&nbsp;&nbsp;&nbsp;&nbsp;&nbsp;&nbsp;Alter&nbsp;&nbsp; &nbsp; &nbsp; &nbsp; &nbsp; &nbsp;&nbsp;&nbsp;&nbsp;&nbsp;&nbsp;&nbsp;&nbsp;&nbsp;EU Gr\u00f6\u00dfe&nbsp;&nbsp; &nbsp;<br \/>8,9 &nbsp;\u2013 9,4 &nbsp;cm&nbsp;&nbsp;&nbsp;&nbsp;&nbsp;&nbsp;&nbsp;&nbsp;&nbsp;0-6 &nbsp; Monate&nbsp;&nbsp; &nbsp;&nbsp;&nbsp;&nbsp;&nbsp;16&nbsp;&nbsp; &nbsp;<br \/>9,5 &nbsp;\u2013 10,1 cm&nbsp;&nbsp;&nbsp;&nbsp;&nbsp;&nbsp;&nbsp;&nbsp;0-6 &nbsp; Monate&nbsp;&nbsp; &nbsp;&nbsp;&nbsp;&nbsp;&nbsp;17&nbsp;&nbsp; &nbsp;<br \/>10,2 \u2013 10,8 cm&nbsp;&nbsp; &nbsp; &nbsp;&nbsp;6-12 &nbsp;Monate&nbsp;&nbsp; &nbsp;&nbsp;&nbsp;&nbsp;18&nbsp;&nbsp; &nbsp;<br \/>10,9 \u2013 11,4 cm&nbsp;&nbsp; &nbsp; &nbsp;&nbsp;6-12 &nbsp;Monate&nbsp;&nbsp; &nbsp;&nbsp;&nbsp;&nbsp;19&nbsp;&nbsp; &nbsp;<br \/>11,5 \u2013 12,1 cm&nbsp;&nbsp; &nbsp; &nbsp;&nbsp;6-12 &nbsp;Monate&nbsp;&nbsp; &nbsp;&nbsp;&nbsp;&nbsp;20&nbsp;&nbsp; &nbsp;<br \/>12,2 \u2013 12,8 cm&nbsp;&nbsp; &nbsp; &nbsp;&nbsp;12-18 Monate&nbsp;&nbsp; &nbsp;&nbsp;&nbsp;21&nbsp;&nbsp; &nbsp;<br \/>12,9 \u2013 13,4 cm&nbsp;&nbsp; &nbsp;&nbsp;&nbsp;&nbsp;18-21 Monate&nbsp;&nbsp; &nbsp;&nbsp;&nbsp;22&nbsp;&nbsp; &nbsp;<br \/>13,5 \u2013 14,1 cm&nbsp;&nbsp; &nbsp; &nbsp;&nbsp;21-24 Monate&nbsp;&nbsp; &nbsp;&nbsp;&nbsp;23&nbsp;&nbsp; &nbsp;<br \/>14,2 \u2013 14,8 cm&nbsp;&nbsp; &nbsp; &nbsp;&nbsp;2-2,5 &nbsp;Jahre&nbsp;&nbsp; &nbsp;&nbsp;&nbsp;&nbsp;&nbsp;&nbsp;&nbsp;24&nbsp;&nbsp; &nbsp;<br \/>14,9 \u2013 15,4 cm&nbsp;&nbsp; &nbsp; &nbsp;&nbsp;2,5-3 &nbsp;Jahre&nbsp;&nbsp; &nbsp;&nbsp;&nbsp;&nbsp;&nbsp;&nbsp;&nbsp;25&nbsp;&nbsp; &nbsp;<br \/>15,5 \u2013 16,1 cm&nbsp;&nbsp; &nbsp; &nbsp;&nbsp;3-3,5 &nbsp;Jahre&nbsp;&nbsp; &nbsp;&nbsp;&nbsp;&nbsp;&nbsp;&nbsp;&nbsp;26&nbsp;&nbsp;&nbsp;<br \/>16,2 \u2013 16,8 cm&nbsp;&nbsp; &nbsp; &nbsp;&nbsp;3,5-4 &nbsp;Jahre&nbsp;&nbsp; &nbsp;&nbsp;&nbsp;&nbsp;&nbsp;&nbsp;&nbsp;27<br \/>16,9 \u2013 17,4 cm&nbsp;&nbsp; &nbsp; &nbsp;&nbsp;ca. 5 &nbsp;Jahre&nbsp;&nbsp; &nbsp;&nbsp;&nbsp;&nbsp;&nbsp;&nbsp;&nbsp;&nbsp;28<br \/>17,5 \u2013 18,1 cm&nbsp;&nbsp; &nbsp; &nbsp;&nbsp;ca. 6 &nbsp;Jahre&nbsp;&nbsp; &nbsp;&nbsp;&nbsp;&nbsp;&nbsp;&nbsp;&nbsp;&nbsp;29<br \/>18,2 \u2013 18,7 cm&nbsp;&nbsp; &nbsp; &nbsp;&nbsp;ca. 7 &nbsp;Jahre&nbsp;&nbsp; &nbsp;&nbsp;&nbsp;&nbsp;&nbsp;&nbsp;&nbsp;&nbsp;30<br \/>18,8 \u2013 19,4 cm&nbsp;&nbsp; &nbsp; &nbsp;&nbsp;ca. 8 &nbsp;Jahre&nbsp;&nbsp; &nbsp;&nbsp;&nbsp;&nbsp;&nbsp;&nbsp;&nbsp;&nbsp;31<br \/>19,5 \u2013 20,1 cm&nbsp;&nbsp; &nbsp; &nbsp;&nbsp;ca. 9 &nbsp;Jahre&nbsp;&nbsp; &nbsp;&nbsp;&nbsp;&nbsp;&nbsp;&nbsp;&nbsp;&nbsp;32<br \/>20,2 \u2013 20,7 cm&nbsp;&nbsp; &nbsp; &nbsp;&nbsp;ca. 10 Jahre&nbsp;&nbsp; &nbsp;&nbsp;&nbsp;&nbsp;&nbsp;&nbsp;&nbsp;33<br \/>20,8 \u2013 21,4 cm&nbsp;&nbsp; &nbsp; &nbsp;&nbsp;ca. 11 Jahre&nbsp;&nbsp; &nbsp;&nbsp;&nbsp;&nbsp;&nbsp;&nbsp;&nbsp;34<br \/>21,5 \u2013 22,1 cm&nbsp;&nbsp; &nbsp; &nbsp;&nbsp;ca. 12 Jahre&nbsp;&nbsp; &nbsp;&nbsp;&nbsp;&nbsp;&nbsp;&nbsp;&nbsp;35<br \/>21,2 \u2013 22,8 cm&nbsp;&nbsp; &nbsp; &nbsp;&nbsp;ca. 13 Jahre&nbsp;&nbsp; &nbsp;&nbsp;&nbsp;&nbsp;&nbsp;&nbsp;&nbsp;36<br \/>21,2 \u2013 22,8 cm&nbsp;&nbsp; &nbsp; &nbsp;&nbsp;ca. 14 Jahre&nbsp;&nbsp; &nbsp;&nbsp;&nbsp;&nbsp;&nbsp;&nbsp;&nbsp;37<br \/>21,2 \u2013 22,8 cm&nbsp;&nbsp; &nbsp; &nbsp;&nbsp;ca. 15 Jahre&nbsp;&nbsp; &nbsp;&nbsp;&nbsp;&nbsp;&nbsp;&nbsp;&nbsp;38<br \/>21,2 \u2013 22,8 cm&nbsp;&nbsp; &nbsp; &nbsp;&nbsp;ca. 16 Jahre&nbsp;&nbsp; &nbsp;&nbsp;&nbsp;&nbsp;&nbsp;&nbsp;&nbsp;39<\/p>\n<p><span style=\"font-size:12.0pt\"><span style=\"font-family:Times New Roman,serif\">Achtung: Nicht f\u00fcr Kinder unter 36 Monaten geeignet wegen verschluckbarer Kleinteile, Erstickungsgefahr.<\/span><\/span><\/p>\n","protected":false},"excerpt":{"rendered":"<p>Socken mit attraktivem Muster. Sie passen sich perfekt an die F\u00fc\u00dfe an, dr\u00fccken nicht!<\/p>\n","protected":false},"featured_media":16364,"comment_status":"closed","ping_status":"open","template":"","meta":[],"product_brand":[],"product_cat":[512],"product_tag":[],"class_list":{"0":"post-16363","1":"product","2":"type-product","3":"status-publish","4":"has-post-thumbnail","6":"product_cat-socken","8":"first","9":"instock","10":"shipping-taxable","11":"purchasable","12":"product-type-simple"},"_links":{"self":[{"href":"https:\/\/9play.de\/shop\/wp-json\/wp\/v2\/product\/16363","targetHints":{"allow":["GET"]}}],"collection":[{"href":"https:\/\/9play.de\/shop\/wp-json\/wp\/v2\/product"}],"about":[{"href":"https:\/\/9play.de\/shop\/wp-json\/wp\/v2\/types\/product"}],"replies":[{"embeddable":true,"href":"https:\/\/9play.de\/shop\/wp-json\/wp\/v2\/comments?post=16363"}],"wp:featuredmedia":[{"embeddable":true,"href":"https:\/\/9play.de\/shop\/wp-json\/wp\/v2\/media\/16364"}],"wp:attachment":[{"href":"https:\/\/9play.de\/shop\/wp-json\/wp\/v2\/media?parent=16363"}],"wp:term":[{"taxonomy":"product_brand","embeddable":true,"href":"https:\/\/9play.de\/shop\/wp-json\/wp\/v2\/product_brand?post=16363"},{"taxonomy":"product_cat","embeddable":true,"href":"https:\/\/9play.de\/shop\/wp-json\/wp\/v2\/product_cat?post=16363"},{"taxonomy":"product_tag","embeddable":true,"href":"https:\/\/9play.de\/shop\/wp-json\/wp\/v2\/product_tag?post=16363"}],"curies":[{"name":"wp","href":"https:\/\/api.w.org\/{rel}","templated":true}]}}