{"id":16371,"date":"2024-10-06T18:13:45","date_gmt":"2024-10-06T16:13:45","guid":{"rendered":"https:\/\/9play.de\/shop\/produkt\/armbanduhr-und-walkie-talkies-peppa-wutz\/"},"modified":"2024-10-06T18:14:18","modified_gmt":"2024-10-06T16:14:18","slug":"armbanduhr-und-walkie-talkies-peppa-wutz","status":"publish","type":"product","link":"https:\/\/9play.de\/shop\/produkt\/armbanduhr-und-walkie-talkies-peppa-wutz\/","title":{"rendered":"Armbanduhr und Walkie Talkies Peppa Wutz"},"content":{"rendered":"<p>Das Peppa Wutz Walkie Talkie Set ist ideal f\u00fcr Outdoor-Aktivit\u00e4ten f\u00fcr Kinder von 3-14 Jahren.<br \/>Mit diesem Walkie-Talkie-Set mit einer Reichweite von 80 Metern bleiben Sie mit Freunden und Familie in Verbindung, egal ob drinnen oder drau\u00dfen.<br \/>Dank seines Designs kann es leicht getragen werden und die grundlegenden Funktionen mit minimalen Aufwand ausf\u00fchren.<br \/>Es ist sicher und einfach f\u00fcr die Kleinsten zu bedienen. Dieses Set enth\u00e4lt eine Peppa Pig Digitaluhr, um das Outdoor-Erlebnis zu vervollst\u00e4ndigen!<\/p>\n<p>Inhalt: 2x Walkie Talkies, 1x Armbnaduhr<br \/>Altersempfehlung: ab 3 Jahre<br \/>Material: Kunststoff<\/p>\n<p>Walkie-Talkie&nbsp;<br \/>Reichweite: biz zu 80 Metern<br \/>Stromversorgung: Batterie 1x9V (6LR61) (Im Lieferumfang nicht enthalten)&nbsp;<\/p>\n<p>Armbanduhr<br \/>Stromversorgung: LR41 &nbsp;Im Lieferumfang enthalten&nbsp;<br \/>Gr\u00f6\u00dfe: ca. \u23003cm L\u00e4nge ca. 22 cm<br \/>Stromversorgung: Batterie &#8211; 1 x 1,5V LR41 (AG3) (Im Lieferumfang enthalten)<br \/>Uhr ist nicht Wasserdicht&nbsp;&nbsp;<\/p>\n<p>Verpackung: ca. 21 x 29 cm.&nbsp;<\/p>\n<p>&nbsp;<\/p>\n<p><span style=\"font-size:12.0pt\"><span style=\"font-family:Times New Roman,serif\">Achtung: Nicht f\u00fcr Kinder unter 36 Monaten geeignet wegen verschluckbarer Kleinteile, Erstickungsgefahr.<\/span><\/span><br \/>&nbsp;<\/p>\n<p><span style=\"font-size:12pt\"><span style=\"font-family:Times New Roman,serif\">Hinweis zur Entsorgung von Altbatterien<\/span><\/span><\/p>\n<p class=\"Textbody\" style=\"margin-bottom:8px\"><span style=\"font-size:12pt\"><span style=\"font-family:Times New Roman,serif\">Der nachfolgende Hinweis richtet sich an diejenigen, die Batterien oder Produkte mit eingebauten Batterien nutzen und in der an sie gelieferten Form nicht mehr weiterver\u00e4u\u00dfern (Endnutzer):<\/span><\/span><\/p>\n<p class=\"Textbody\" style=\"margin-bottom:8px\"><span style=\"font-size:12pt\"><span style=\"font-family:Times New Roman,serif\">1. Unentgeltliche R\u00fccknahme von Altbatterien<\/span><\/span><\/p>\n<p class=\"Textbody\" style=\"margin-bottom:8px\"><span style=\"font-size:12pt\"><span style=\"font-family:Times New Roman,serif\">Batterien d\u00fcrfen nicht \u00fcber den Hausm\u00fcll entsorgt werden. Sie sind zur R\u00fcckgabe von Altbatterien gesetzlich verpflichtet, damit eine fachgerechte Entsorgung gew\u00e4hrleistet werden kann. Sie k\u00f6nnen Altbatterien an einer kommunalen Sammelstelle oder im Handel vor Ort abgeben. Auch wir sind als Vertreiber von Batterien zur R\u00fccknahme von Altbatterien verpflichtet, wobei sich unsere R\u00fccknahmeverpflichtung auf Altbatterien der Art beschr\u00e4nkt, die wir als Neubatterien in unserem Sortiment f\u00fchren oder gef\u00fchrt haben. Altbatterien vorgenannter Art k\u00f6nnen Sie daher entweder ausreichend frankiert an uns zur\u00fccksenden oder sie direkt an unserem Versandlager unter der im Impressum genannten Adresse unentgeltlich abgeben.<\/span><\/span><\/p>\n<p class=\"Textbody\" style=\"margin-bottom:8px\"><span style=\"font-size:12pt\"><span style=\"font-family:Times New Roman,serif\">2. Bedeutung der Batteriesymbole<\/span><\/span><\/p>\n<p class=\"Textbody\" style=\"margin-bottom:8px\"><span style=\"font-size:12pt\"><span style=\"font-family:Times New Roman,serif\">Batterien sind mit dem Symbol einer durchgekreuzten M\u00fclltonne gekennzeichnet. Dieses Symbol weist darauf hin, dass Batterien nicht in den Hausm\u00fcll gegeben werden d\u00fcrfen. Bei Batterien, die mehr als 0,0005 Masseprozent Quecksilber, mehr als 0,002 Masseprozent Cadmium oder mehr als 0,004 Masseprozent Blei enthalten, befindet sich unter dem M\u00fclltonnen-Symbol die chemische Bezeichnung des jeweils eingesetzten Schadstoffes \u2013 dabei steht &#8222;Cd&#8220; f\u00fcr Cadmium, &#8222;Pb&#8220; steht f\u00fcr Blei, und &#8222;Hg&#8220; f\u00fcr Quecksilber.<\/span><\/span><\/p>\n","protected":false},"excerpt":{"rendered":"<p>Das ultimative Abenteuerset f\u00fcr alle Peppa Wutz-Entdecker!<\/p>\n","protected":false},"featured_media":16372,"comment_status":"closed","ping_status":"open","template":"","meta":[],"product_brand":[],"product_cat":[504],"product_tag":[],"class_list":{"0":"post-16371","1":"product","2":"type-product","3":"status-publish","4":"has-post-thumbnail","6":"product_cat-spiele-im-freien","8":"first","9":"instock","10":"shipping-taxable","11":"purchasable","12":"product-type-simple"},"_links":{"self":[{"href":"https:\/\/9play.de\/shop\/wp-json\/wp\/v2\/product\/16371","targetHints":{"allow":["GET"]}}],"collection":[{"href":"https:\/\/9play.de\/shop\/wp-json\/wp\/v2\/product"}],"about":[{"href":"https:\/\/9play.de\/shop\/wp-json\/wp\/v2\/types\/product"}],"replies":[{"embeddable":true,"href":"https:\/\/9play.de\/shop\/wp-json\/wp\/v2\/comments?post=16371"}],"wp:featuredmedia":[{"embeddable":true,"href":"https:\/\/9play.de\/shop\/wp-json\/wp\/v2\/media\/16372"}],"wp:attachment":[{"href":"https:\/\/9play.de\/shop\/wp-json\/wp\/v2\/media?parent=16371"}],"wp:term":[{"taxonomy":"product_brand","embeddable":true,"href":"https:\/\/9play.de\/shop\/wp-json\/wp\/v2\/product_brand?post=16371"},{"taxonomy":"product_cat","embeddable":true,"href":"https:\/\/9play.de\/shop\/wp-json\/wp\/v2\/product_cat?post=16371"},{"taxonomy":"product_tag","embeddable":true,"href":"https:\/\/9play.de\/shop\/wp-json\/wp\/v2\/product_tag?post=16371"}],"curies":[{"name":"wp","href":"https:\/\/api.w.org\/{rel}","templated":true}]}}