{"id":16390,"date":"2024-10-06T18:14:22","date_gmt":"2024-10-06T16:14:22","guid":{"rendered":"https:\/\/9play.de\/shop\/produkt\/kinder-regenschirm-nanana-surprise-raindrops\/"},"modified":"2024-10-06T18:14:29","modified_gmt":"2024-10-06T16:14:29","slug":"kinder-regenschirm-nanana-surprise-raindrops","status":"publish","type":"product","link":"https:\/\/9play.de\/shop\/produkt\/kinder-regenschirm-nanana-surprise-raindrops\/","title":{"rendered":"Kinder Regenschirm Na!Na!Na! Surprise Raindrops"},"content":{"rendered":"<p>Mit diesem Regenschirm von Na!Na!Na! wird das Ausgehen im Regen zur Party.<br \/>Aus der \u00dcberraschung wird ein Fest. Der Regenschirm hat rosa Streifen und einen rosa Griff. Auf vier der rosa Streifen stehlen zwei Na!Na! die Show.<br \/>Und auf den gr\u00fcnen Streifen sehen wir dekorative schwarze Herzen. Zusammen bilden sie ein farbenfrohes, fr\u00f6hliches Ganzes, mit dem Ihr Kind gerne ausgehen wird.<br \/>Der runde Griff sorgt daf\u00fcr, dass der Schirm gut in der Hand liegt. Und die Kappen an der Unterseite der Rippen verhindern, dass sich Ihr Kind verletzt.<br \/>Der Regenschirm ist leicht und l\u00e4sst sich einfach zusammenklappen, so dass Mama oder Papa nicht viel Hilfe brauchen, um drau\u00dfen zu sein.<\/p>\n<p>Altersempfehlung: ab 3 Jahre<br \/>Gr\u00f6\u00dfe: ca. \u00d8 70 x 63 cm<br \/>Material:&nbsp;Polyester, Kunststoff&nbsp;<\/p>\n<p><span style=\"font-size:12.0pt\"><span style=\"font-family:Times New Roman,serif\">Achtung:&nbsp;Nicht f\u00fcr Kinder unter 36 Monaten geeignet wegen verschluckbarer Kleinteile, Erstickungsgefahr.<\/span><\/span><\/p>\n","protected":false},"excerpt":{"rendered":"<p>Mit diesem Regenschirm von Na!Na!Na! wird das Ausgehen im Regen zur Party.<\/p>\n","protected":false},"featured_media":16391,"comment_status":"closed","ping_status":"open","template":"","meta":[],"product_brand":[],"product_cat":[464],"product_tag":[],"class_list":{"0":"post-16390","1":"product","2":"type-product","3":"status-publish","4":"has-post-thumbnail","6":"product_cat-regenschirme","8":"first","9":"instock","10":"shipping-taxable","11":"purchasable","12":"product-type-simple"},"_links":{"self":[{"href":"https:\/\/9play.de\/shop\/wp-json\/wp\/v2\/product\/16390","targetHints":{"allow":["GET"]}}],"collection":[{"href":"https:\/\/9play.de\/shop\/wp-json\/wp\/v2\/product"}],"about":[{"href":"https:\/\/9play.de\/shop\/wp-json\/wp\/v2\/types\/product"}],"replies":[{"embeddable":true,"href":"https:\/\/9play.de\/shop\/wp-json\/wp\/v2\/comments?post=16390"}],"wp:featuredmedia":[{"embeddable":true,"href":"https:\/\/9play.de\/shop\/wp-json\/wp\/v2\/media\/16391"}],"wp:attachment":[{"href":"https:\/\/9play.de\/shop\/wp-json\/wp\/v2\/media?parent=16390"}],"wp:term":[{"taxonomy":"product_brand","embeddable":true,"href":"https:\/\/9play.de\/shop\/wp-json\/wp\/v2\/product_brand?post=16390"},{"taxonomy":"product_cat","embeddable":true,"href":"https:\/\/9play.de\/shop\/wp-json\/wp\/v2\/product_cat?post=16390"},{"taxonomy":"product_tag","embeddable":true,"href":"https:\/\/9play.de\/shop\/wp-json\/wp\/v2\/product_tag?post=16390"}],"curies":[{"name":"wp","href":"https:\/\/api.w.org\/{rel}","templated":true}]}}