{"id":16395,"date":"2024-10-06T18:14:22","date_gmt":"2024-10-06T16:14:22","guid":{"rendered":"https:\/\/9play.de\/shop\/produkt\/sportbeutel-miraculous-ladybug-love-and-courage\/"},"modified":"2024-10-06T18:14:32","modified_gmt":"2024-10-06T16:14:32","slug":"sportbeutel-miraculous-ladybug-love-and-courage","status":"publish","type":"product","link":"https:\/\/9play.de\/shop\/produkt\/sportbeutel-miraculous-ladybug-love-and-courage\/","title":{"rendered":"Sportbeutel Miraculous Ladybug Love and Courage"},"content":{"rendered":"<p>Ihr Kind braucht nur ein bisschen mehr Material zum Turnen.<br \/>Das alles passt nat\u00fcrlich nicht in seine normale Schultasche.<br \/>In diesem Turnbeutel von Miraculous&nbsp;Ladybug nimmt Ihr Sohn oder Ihre Tochter alles mit, was er oder sie braucht.<br \/>So wird Ihr Kind die Turnstunde mit Begeisterung beginnen.<br \/>Die Tasche ist rot und schwarz und hat oben eine \u00d6ffnung, die man leicht \u00f6ffnen und schlie\u00dfen kann.<br \/>Die Tasche ist leicht auf dem R\u00fccken oder \u00fcber der Schulter zu tragen.<\/p>\n<p>Altersempfehlung: ab 4 Jahre<br \/>Gr\u00f6\u00dfe: ca 44&nbsp;x 37&nbsp;cm<br \/>Material: 100% Polyester<\/p>\n<p><span style=\"font-size:12.0pt\"><span style=\"font-family:Times New Roman,serif\">Achtung:&nbsp;Nicht f\u00fcr Kinder unter 36 Monaten geeignet wegen verschluckbarer Kleinteile, Erstickungsgefahr.<\/span><\/span><br \/>Achtung: Benutzung unter unmittelbarer Aufsicht von Erwachsenen,&nbsp;<span style=\"font-size:12.0pt\"><span style=\"font-family:Times New Roman,serif\">Strangulationsgefahr durch ein langes Seil.<\/span><\/span><\/p>\n","protected":false},"excerpt":{"rendered":"<p>In diesem Turnbeutel von Miraculous nimmt Ihr Sohn oder Ihre Tochter alles mit, was er oder sie braucht.<\/p>\n","protected":false},"featured_media":16396,"comment_status":"closed","ping_status":"open","template":"","meta":[],"product_brand":[],"product_cat":[465],"product_tag":[],"class_list":{"0":"post-16395","1":"product","2":"type-product","3":"status-publish","4":"has-post-thumbnail","6":"product_cat-rucksaecke-taschen","8":"first","9":"instock","10":"shipping-taxable","11":"purchasable","12":"product-type-simple"},"_links":{"self":[{"href":"https:\/\/9play.de\/shop\/wp-json\/wp\/v2\/product\/16395","targetHints":{"allow":["GET"]}}],"collection":[{"href":"https:\/\/9play.de\/shop\/wp-json\/wp\/v2\/product"}],"about":[{"href":"https:\/\/9play.de\/shop\/wp-json\/wp\/v2\/types\/product"}],"replies":[{"embeddable":true,"href":"https:\/\/9play.de\/shop\/wp-json\/wp\/v2\/comments?post=16395"}],"wp:featuredmedia":[{"embeddable":true,"href":"https:\/\/9play.de\/shop\/wp-json\/wp\/v2\/media\/16396"}],"wp:attachment":[{"href":"https:\/\/9play.de\/shop\/wp-json\/wp\/v2\/media?parent=16395"}],"wp:term":[{"taxonomy":"product_brand","embeddable":true,"href":"https:\/\/9play.de\/shop\/wp-json\/wp\/v2\/product_brand?post=16395"},{"taxonomy":"product_cat","embeddable":true,"href":"https:\/\/9play.de\/shop\/wp-json\/wp\/v2\/product_cat?post=16395"},{"taxonomy":"product_tag","embeddable":true,"href":"https:\/\/9play.de\/shop\/wp-json\/wp\/v2\/product_tag?post=16395"}],"curies":[{"name":"wp","href":"https:\/\/api.w.org\/{rel}","templated":true}]}}